{"id":344936,"date":"2023-01-13T20:25:21","date_gmt":"2023-01-13T19:25:21","guid":{"rendered":"https:\/\/www.claret.cat\/llibre\/revolucion-francesa-y-la-cultura-democratica-la-9788432310812\/"},"modified":"2024-05-24T03:52:01","modified_gmt":"2024-05-24T01:52:01","slug":"revolucion-francesa-y-la-cultura-democratica-la-9788432310812","status":"publish","type":"product","link":"https:\/\/www.claret.cat\/es\/libro\/revolucion-francesa-y-la-cultura-democratica-la-9788432310812\/","title":{"rendered":"REVOLUCION FRANCESA Y LA CULTURA DEMOCRATICA, LA"},"content":{"rendered":"<p>La Revoluci\u00f3n Francesa no fue solamente una transformaci\u00f3n violenta, sino que fue a la vez una ?revoluci\u00f3n cultural? y produjo la ruptura que conducir\u00eda a la moderna libertad pol\u00edtica. El autor aborda este gran tema de la historia europea de forma desacostumbrada. Partiendo de la Francia rural -en donde el autor nos muestra la ?cotidianeidad? de la Revoluci\u00f3n y los motivos que impulsaron a la ?gente normal?- Reichardt conduce al lector a las ciudades de provincias, para llegar, finalmente, a Par\u00eds. Por \u00faltimo, traspasa las fronteras de Francia y expone la dimensi\u00f3n europea de la Revoluci\u00f3n Francesa. Rolf E. Reichardt, sirvi\u00e9ndose de una gran riqueza de conocimientos y de un estilo ameno, consigue introducir al lector en el entusiasmo revolucionario del pueblo, en las luchas por el poder pol\u00edtico, y en el ambiente de amenaza y arbitrariedad reinante en los tiempos del Terror. La nueva colecci\u00f3n Historia de Europa, preparada y editada inicialmente por S. Fischer Verlag (Alemania), invita al descubrimiento de Europa y ofrece, desde muy diferentes perspectivas, un nuevo panorama hist\u00f3rico europeo desde la Antig\u00fcedad hasta el presente. Los distintos vol\u00famenes, sucintos y de f\u00e1cil lectura, se dirigen a un p\u00fablico amplio, que valore tanto una informaci\u00f3n objetiva como una clara exposici\u00f3n.<\/p>\n","protected":false},"excerpt":{"rendered":"<p>REICHARDT, ROLF E.<\/p>\n","protected":false},"featured_media":344949,"template":"","meta":{"_acf_changed":false,"om_disable_all_campaigns":false,"rs_blank_template":"","rs_page_bg_color":"","slide_template_v7":"","inline_featured_image":false,"_monsterinsights_skip_tracking":false,"_monsterinsights_sitenote_active":false,"_monsterinsights_sitenote_note":"","_monsterinsights_sitenote_category":0},"product_brand":[],"product_cat":[85,351],"product_tag":[],"class_list":{"0":"post-344936","1":"product","2":"type-product","3":"status-publish","4":"has-post-thumbnail","6":"product_cat-historia","7":"product_cat-historia-2_humanidades","9":"first","10":"instock","11":"taxable","12":"shipping-taxable","13":"purchasable","14":"product-type-simple"},"acf":{"editorial":[{"ID":6363,"post_author":"3","post_date":"2022-07-28 17:50:35","post_date_gmt":"2022-07-28 15:50:35","post_content":"","post_title":"SIGLO XXI, EDICIONES","post_excerpt":"","post_status":"publish","comment_status":"closed","ping_status":"closed","post_password":"","post_name":"siglo-xxi-ediciones","to_ping":"","pinged":"","post_modified":"2022-07-28 17:50:35","post_modified_gmt":"2022-07-28 15:50:35","post_content_filtered":"","post_parent":0,"guid":"http:\/\/dev.claret.cat\/editorial\/siglo-xxi-ediciones\/","menu_order":0,"post_type":"editorial","post_mime_type":"","comment_count":"0","filter":"raw"}],"autores-libros":[{"ID":344935,"post_author":"3","post_date":"2023-01-13 20:25:18","post_date_gmt":"2023-01-13 19:25:18","post_content":"","post_title":"ROLF E. REICHARDT","post_excerpt":"","post_status":"publish","comment_status":"closed","ping_status":"closed","post_password":"","post_name":"rolf-e-reichardt","to_ping":"","pinged":"","post_modified":"2023-01-13 20:25:18","post_modified_gmt":"2023-01-13 19:25:18","post_content_filtered":"","post_parent":0,"guid":"https:\/\/www.claret.cat\/autor\/rolf-e-reichardt\/","menu_order":0,"post_type":"autor","post_mime_type":"","comment_count":"0","filter":"raw"}],"autor":"REICHARDT, ROLF E.","codart":"843231081","libros-coleccion":"FORA DE COL.LECCI\u00d3","ediciones":"1","encuadernacion":"[Vac\u00edo]","fecha_de_publicacion":"01\/06\/2002","novedad":"0","paginas":"406","subtitulo":"LA SANGRE DE LA LIBERTAD","orden":"999","portada":"0","idioma":"spa"},"aioseo_notices":[],"_links":{"self":[{"href":"https:\/\/www.claret.cat\/es\/wp-json\/wp\/v2\/product\/344936","targetHints":{"allow":["GET"]}}],"collection":[{"href":"https:\/\/www.claret.cat\/es\/wp-json\/wp\/v2\/product"}],"about":[{"href":"https:\/\/www.claret.cat\/es\/wp-json\/wp\/v2\/types\/product"}],"wp:featuredmedia":[{"embeddable":true,"href":"https:\/\/www.claret.cat\/es\/wp-json\/wp\/v2\/media\/344949"}],"wp:attachment":[{"href":"https:\/\/www.claret.cat\/es\/wp-json\/wp\/v2\/media?parent=344936"}],"wp:term":[{"taxonomy":"product_brand","embeddable":true,"href":"https:\/\/www.claret.cat\/es\/wp-json\/wp\/v2\/product_brand?post=344936"},{"taxonomy":"product_cat","embeddable":true,"href":"https:\/\/www.claret.cat\/es\/wp-json\/wp\/v2\/product_cat?post=344936"},{"taxonomy":"product_tag","embeddable":true,"href":"https:\/\/www.claret.cat\/es\/wp-json\/wp\/v2\/product_tag?post=344936"}],"curies":[{"name":"wp","href":"https:\/\/api.w.org\/{rel}","templated":true}]}}