{"id":344946,"date":"2023-01-13T20:30:29","date_gmt":"2023-01-13T19:30:29","guid":{"rendered":"https:\/\/www.claret.cat\/llibre\/escalada-del-odio-la-9788432311130\/"},"modified":"2024-05-24T03:52:15","modified_gmt":"2024-05-24T01:52:15","slug":"escalada-del-odio-la-9788432311130","status":"publish","type":"product","link":"https:\/\/www.claret.cat\/es\/libro\/escalada-del-odio-la-9788432311130\/","title":{"rendered":"ESCALADA DEL ODIO, LA"},"content":{"rendered":"<p>El fascismo ha sido la \u00e9poca m\u00e1s negra del siglo XX. Culmin\u00f3 en una serie de manifestaciones de violencia sin precedentes: el asesinato de millones de jud\u00edos, la persecuci\u00f3n y el brutal asesinato de todos aquellos que pensaban de forma diferente, y una guerra cruenta con innumerables v\u00edctimas. En ninguna otra parte se llev\u00f3 a la pr\u00e1ctica, en cuanto forma de gobierno y de ideolog\u00eda, de manera tan consecuente como en Alemania. Pero el fascismo como sistema de gobierno se dio tambi\u00e9n en Italia, Espa\u00f1a, Rumania y en otros pa\u00edses con reg\u00edmenes autoritarios de derechas que exhib\u00edan en el fondo caracter\u00edsticas semejantes a las del nacionalsocialismo alem\u00e1n. El eminente historiador Jerzy W. Borejsza, uno de los mejores conocedores de la materia en el marco europeo, analiza y compara los rasgos caracter\u00edsticos del dominio fascista en una exposici\u00f3n panor\u00e1mica. La nueva colecci\u00f3n Historia de Europa, preparada y editada inicialmente por S. Fischer Verlag (Alemania), invita al descubrimiento de Europa y ofrece, desde muy diferentes perspectivas, un nuevo panorama hist\u00f3rico europeo desde la Antig\u00fcedad hasta el presente. Los distintos vol\u00famenes, sucintos y de f\u00e1cil lectura, se dirigen a un p\u00fablico amplio, que valore tanto una informaci\u00f3n objetiva como una clara exposici\u00f3n.<\/p>\n","protected":false},"excerpt":{"rendered":"<p>BOREJSZA, JERZY W.<\/p>\n","protected":false},"featured_media":344964,"template":"","meta":{"_acf_changed":false,"om_disable_all_campaigns":false,"rs_blank_template":"","rs_page_bg_color":"","slide_template_v7":"","inline_featured_image":false,"_monsterinsights_skip_tracking":false,"_monsterinsights_sitenote_active":false,"_monsterinsights_sitenote_note":"","_monsterinsights_sitenote_category":0},"product_brand":[],"product_cat":[351,85],"product_tag":[],"class_list":{"0":"post-344946","1":"product","2":"type-product","3":"status-publish","4":"has-post-thumbnail","6":"product_cat-historia-2_humanidades","7":"product_cat-historia","9":"first","10":"instock","11":"taxable","12":"shipping-taxable","13":"purchasable","14":"product-type-simple"},"acf":{"editorial":[{"ID":6363,"post_author":"3","post_date":"2022-07-28 17:50:35","post_date_gmt":"2022-07-28 15:50:35","post_content":"","post_title":"SIGLO XXI, EDICIONES","post_excerpt":"","post_status":"publish","comment_status":"closed","ping_status":"closed","post_password":"","post_name":"siglo-xxi-ediciones","to_ping":"","pinged":"","post_modified":"2022-07-28 17:50:35","post_modified_gmt":"2022-07-28 15:50:35","post_content_filtered":"","post_parent":0,"guid":"http:\/\/dev.claret.cat\/editorial\/siglo-xxi-ediciones\/","menu_order":0,"post_type":"editorial","post_mime_type":"","comment_count":"0","filter":"raw"}],"autores-libros":[{"ID":344945,"post_author":"3","post_date":"2023-01-13 20:30:26","post_date_gmt":"2023-01-13 19:30:26","post_content":"","post_title":"JERZY W. BOREJSZA","post_excerpt":"","post_status":"publish","comment_status":"closed","ping_status":"closed","post_password":"","post_name":"jerzy-w-borejsza","to_ping":"","pinged":"","post_modified":"2023-01-13 20:30:26","post_modified_gmt":"2023-01-13 19:30:26","post_content_filtered":"","post_parent":0,"guid":"https:\/\/www.claret.cat\/autor\/jerzy-w-borejsza\/","menu_order":0,"post_type":"autor","post_mime_type":"","comment_count":"0","filter":"raw"}],"autor":"BOREJSZA, JERZY W.","codart":"843231113","libros-coleccion":"FORA DE COL.LECCI\u00d3","ediciones":"1","encuadernacion":"R\u00fastica","fecha_de_publicacion":"01\/01\/2003","novedad":"0","paginas":"332","subtitulo":"MOVIMIENTOS Y SISTEMAS AUTORITARIOS Y FASCISTAS EN EUROPA, 1919-1945","orden":"999","portada":"0","idioma":"spa"},"aioseo_notices":[],"_links":{"self":[{"href":"https:\/\/www.claret.cat\/es\/wp-json\/wp\/v2\/product\/344946","targetHints":{"allow":["GET"]}}],"collection":[{"href":"https:\/\/www.claret.cat\/es\/wp-json\/wp\/v2\/product"}],"about":[{"href":"https:\/\/www.claret.cat\/es\/wp-json\/wp\/v2\/types\/product"}],"wp:featuredmedia":[{"embeddable":true,"href":"https:\/\/www.claret.cat\/es\/wp-json\/wp\/v2\/media\/344964"}],"wp:attachment":[{"href":"https:\/\/www.claret.cat\/es\/wp-json\/wp\/v2\/media?parent=344946"}],"wp:term":[{"taxonomy":"product_brand","embeddable":true,"href":"https:\/\/www.claret.cat\/es\/wp-json\/wp\/v2\/product_brand?post=344946"},{"taxonomy":"product_cat","embeddable":true,"href":"https:\/\/www.claret.cat\/es\/wp-json\/wp\/v2\/product_cat?post=344946"},{"taxonomy":"product_tag","embeddable":true,"href":"https:\/\/www.claret.cat\/es\/wp-json\/wp\/v2\/product_tag?post=344946"}],"curies":[{"name":"wp","href":"https:\/\/api.w.org\/{rel}","templated":true}]}}