{"id":345054,"date":"2023-01-13T21:11:21","date_gmt":"2023-01-13T20:11:21","guid":{"rendered":"https:\/\/www.claret.cat\/llibre\/pedagogia-del-oprimido-9788432316210\/"},"modified":"2024-05-24T03:49:18","modified_gmt":"2024-05-24T01:49:18","slug":"pedagogia-del-oprimido-9788432316210","status":"publish","type":"product","link":"https:\/\/www.claret.cat\/es\/libro\/pedagogia-del-oprimido-9788432316210\/","title":{"rendered":"PEDAGOG\u00cdA DEL OPRIMIDO"},"content":{"rendered":"<p>En un r\u00e9gimen de dominaci\u00f3n de conciencias, en que los que m\u00e1s trabajan menos pueden decir su palabra, y en que inmensas multitudes ni siquiera tienen condiciones para trabajar, los dominadores mantienen el monopolio de la palabra, con que mistifican, masifican y dominan. En esa situaci\u00f3n, los dominados, para decir su palabra, tienen que luchar para tomarla. Aprender a tomarla de los que la retienen y niegan a los dem\u00e1s, es un dif\u00edcil pero imprescindible aprendizaje: es \u00abla pedagog\u00eda del oprimido\u00bb. La pedagog\u00eda de Paulo Freire, siendo m\u00e9todo de alfabetizaci\u00f3n, tiene como idea animadora toda una dimensi\u00f3n humana de la \u00abeducaci\u00f3n como pr\u00e1ctica de la libertad\u00bb.<\/p>\n","protected":false},"excerpt":{"rendered":"<p>FREIRE, PAULO<\/p>\n","protected":false},"featured_media":345055,"template":"","meta":{"_acf_changed":false,"om_disable_all_campaigns":false,"rs_blank_template":"","rs_page_bg_color":"","slide_template_v7":"","inline_featured_image":false,"_monsterinsights_skip_tracking":false,"_monsterinsights_sitenote_active":false,"_monsterinsights_sitenote_note":"","_monsterinsights_sitenote_category":0},"product_brand":[],"product_cat":[82,348],"product_tag":[],"class_list":{"0":"post-345054","1":"product","2":"type-product","3":"status-publish","4":"has-post-thumbnail","6":"product_cat-pedagogia","7":"product_cat-pedagogia-2_humanidades","9":"first","10":"instock","11":"taxable","12":"shipping-taxable","13":"purchasable","14":"product-type-simple"},"acf":{"editorial":[{"ID":148816,"post_author":"3","post_date":"2022-10-14 12:01:13","post_date_gmt":"2022-10-14 10:01:13","post_content":"","post_title":"SIGLO XXI DE ESPA\u00d1A, EDITORES","post_excerpt":"","post_status":"publish","comment_status":"closed","ping_status":"closed","post_password":"","post_name":"siglo-xxi-de-espana-editores","to_ping":"","pinged":"","post_modified":"2022-10-14 12:01:13","post_modified_gmt":"2022-10-14 10:01:13","post_content_filtered":"","post_parent":0,"guid":"http:\/\/dev.claret.cat\/editorial\/siglo-xxi-de-espana-editores\/","menu_order":0,"post_type":"editorial","post_mime_type":"","comment_count":"0","filter":"raw"}],"autores-libros":[{"ID":5929,"post_author":"3","post_date":"2022-07-28 17:34:31","post_date_gmt":"2022-07-28 15:34:31","post_content":"","post_title":"PAULO FREIRE","post_excerpt":"","post_status":"publish","comment_status":"closed","ping_status":"closed","post_password":"","post_name":"paulo-freire","to_ping":"","pinged":"","post_modified":"2022-07-28 17:34:31","post_modified_gmt":"2022-07-28 15:34:31","post_content_filtered":"","post_parent":0,"guid":"http:\/\/dev.claret.cat\/autor\/paulo-freire\/","menu_order":0,"post_type":"autor","post_mime_type":"","comment_count":"0","filter":"raw"}],"autor":"FREIRE, PAULO","codart":"843231621","libros-coleccion":"FORA DE COL.LECCI\u00d3","ediciones":"1","encuadernacion":"R\u00fastica","fecha_de_publicacion":"01\/05\/2012","novedad":"0","paginas":"188","subtitulo":"","orden":"999","portada":"0","idioma":"spa"},"aioseo_notices":[],"_links":{"self":[{"href":"https:\/\/www.claret.cat\/es\/wp-json\/wp\/v2\/product\/345054","targetHints":{"allow":["GET"]}}],"collection":[{"href":"https:\/\/www.claret.cat\/es\/wp-json\/wp\/v2\/product"}],"about":[{"href":"https:\/\/www.claret.cat\/es\/wp-json\/wp\/v2\/types\/product"}],"wp:featuredmedia":[{"embeddable":true,"href":"https:\/\/www.claret.cat\/es\/wp-json\/wp\/v2\/media\/345055"}],"wp:attachment":[{"href":"https:\/\/www.claret.cat\/es\/wp-json\/wp\/v2\/media?parent=345054"}],"wp:term":[{"taxonomy":"product_brand","embeddable":true,"href":"https:\/\/www.claret.cat\/es\/wp-json\/wp\/v2\/product_brand?post=345054"},{"taxonomy":"product_cat","embeddable":true,"href":"https:\/\/www.claret.cat\/es\/wp-json\/wp\/v2\/product_cat?post=345054"},{"taxonomy":"product_tag","embeddable":true,"href":"https:\/\/www.claret.cat\/es\/wp-json\/wp\/v2\/product_tag?post=345054"}],"curies":[{"name":"wp","href":"https:\/\/api.w.org\/{rel}","templated":true}]}}