{"id":345075,"date":"2023-01-13T21:15:11","date_gmt":"2023-01-13T20:15:11","guid":{"rendered":"https:\/\/www.claret.cat\/llibre\/la-educacion-como-practica-de-la-libertad-9788432314216\/"},"modified":"2024-05-24T03:49:41","modified_gmt":"2024-05-24T01:49:41","slug":"la-educacion-como-practica-de-la-libertad-9788432314216","status":"publish","type":"product","link":"https:\/\/www.claret.cat\/es\/libro\/la-educacion-como-practica-de-la-libertad-9788432314216\/","title":{"rendered":"LA EDUCACI\u00d3N COMO PR\u00c1CTICA DE LA LIBERTAD"},"content":{"rendered":"<p>Educaci\u00f3n como pr\u00e1ctica de la libertad se publica en 1965, durante su exilio en Chile. Es la primera de las grandes obras de Paulo Freire en la que critic\u00f3 en forma implacable las formas tradicionales de educaci\u00f3n, convirti\u00e9ndose en uno de los principales motores de la revoluci\u00f3n educativa en Brasil. Junto a su esposa, Elza ?otra gran educadora?, elabor\u00f3 un innovador (y necesario) m\u00e9todo de alfabetizaci\u00f3n que se vinculaba a los intereses de los desamparados y que desarroll\u00f3 en su ciudad natal, Recife. Este modelo se basaba en una educaci\u00f3n construida sobre el di\u00e1logo, permitiendo a cada persona contribuir en su desarrollo personal. <\/p>\n<p> El autor logr\u00f3 que la educaci\u00f3n abandonara su funci\u00f3n domesticadora para convertirse en un camino hacia la libertad, cuyo objetivo primero era la toma de conciencia de las personas como individuos, para as\u00ed evitar la masificaci\u00f3n. La pedagog\u00eda de Freire podr\u00eda denominarse como de la conciencia.<\/p>\n","protected":false},"excerpt":{"rendered":"<p>FREIRE, PAULO<\/p>\n","protected":false},"featured_media":446977,"template":"","meta":{"_acf_changed":false,"om_disable_all_campaigns":false,"rs_blank_template":"","rs_page_bg_color":"","slide_template_v7":"","inline_featured_image":false,"_monsterinsights_skip_tracking":false,"_monsterinsights_sitenote_active":false,"_monsterinsights_sitenote_note":"","_monsterinsights_sitenote_category":0},"product_brand":[],"product_cat":[191,454],"product_tag":[],"class_list":{"0":"post-345075","1":"product","2":"type-product","3":"status-publish","4":"has-post-thumbnail","6":"product_cat-educacio-en-valors-pedagogia-2_humanitats","7":"product_cat-educacion-en-valores","9":"first","10":"instock","11":"taxable","12":"shipping-taxable","13":"purchasable","14":"product-type-simple"},"acf":{"editorial":[{"ID":6363,"post_author":"3","post_date":"2022-07-28 17:50:35","post_date_gmt":"2022-07-28 15:50:35","post_content":"","post_title":"SIGLO XXI, EDICIONES","post_excerpt":"","post_status":"publish","comment_status":"closed","ping_status":"closed","post_password":"","post_name":"siglo-xxi-ediciones","to_ping":"","pinged":"","post_modified":"2022-07-28 17:50:35","post_modified_gmt":"2022-07-28 15:50:35","post_content_filtered":"","post_parent":0,"guid":"http:\/\/dev.claret.cat\/editorial\/siglo-xxi-ediciones\/","menu_order":0,"post_type":"editorial","post_mime_type":"","comment_count":"0","filter":"raw"}],"autores-libros":[{"ID":5929,"post_author":"3","post_date":"2022-07-28 17:34:31","post_date_gmt":"2022-07-28 15:34:31","post_content":"","post_title":"PAULO FREIRE","post_excerpt":"","post_status":"publish","comment_status":"closed","ping_status":"closed","post_password":"","post_name":"paulo-freire","to_ping":"","pinged":"","post_modified":"2022-07-28 17:34:31","post_modified_gmt":"2022-07-28 15:34:31","post_content_filtered":"","post_parent":0,"guid":"http:\/\/dev.claret.cat\/autor\/paulo-freire\/","menu_order":0,"post_type":"autor","post_mime_type":"","comment_count":"0","filter":"raw"}],"autor":"FREIRE, PAULO","codart":"843231421","libros-coleccion":"Siglo XXI de Espa\u00f1a General","ediciones":"1","encuadernacion":"R\u00fastica","fecha_de_publicacion":"01\/09\/2009","novedad":"0","paginas":"160","subtitulo":"","orden":"999","portada":"0","idioma":"spa"},"aioseo_notices":[],"_links":{"self":[{"href":"https:\/\/www.claret.cat\/es\/wp-json\/wp\/v2\/product\/345075","targetHints":{"allow":["GET"]}}],"collection":[{"href":"https:\/\/www.claret.cat\/es\/wp-json\/wp\/v2\/product"}],"about":[{"href":"https:\/\/www.claret.cat\/es\/wp-json\/wp\/v2\/types\/product"}],"wp:featuredmedia":[{"embeddable":true,"href":"https:\/\/www.claret.cat\/es\/wp-json\/wp\/v2\/media\/446977"}],"wp:attachment":[{"href":"https:\/\/www.claret.cat\/es\/wp-json\/wp\/v2\/media?parent=345075"}],"wp:term":[{"taxonomy":"product_brand","embeddable":true,"href":"https:\/\/www.claret.cat\/es\/wp-json\/wp\/v2\/product_brand?post=345075"},{"taxonomy":"product_cat","embeddable":true,"href":"https:\/\/www.claret.cat\/es\/wp-json\/wp\/v2\/product_cat?post=345075"},{"taxonomy":"product_tag","embeddable":true,"href":"https:\/\/www.claret.cat\/es\/wp-json\/wp\/v2\/product_tag?post=345075"}],"curies":[{"name":"wp","href":"https:\/\/api.w.org\/{rel}","templated":true}]}}