{"id":345421,"date":"2023-01-13T21:44:44","date_gmt":"2023-01-13T20:44:44","guid":{"rendered":"https:\/\/www.claret.cat\/llibre\/dios-y-nuestra-felicidad-9788433016027\/"},"modified":"2025-09-19T17:20:21","modified_gmt":"2025-09-19T15:20:21","slug":"dios-y-nuestra-felicidad-9788433016027","status":"publish","type":"product","link":"https:\/\/www.claret.cat\/es\/libro\/dios-y-nuestra-felicidad-9788433016027\/","title":{"rendered":"DIOS Y NUESTRA FELICIDAD"},"content":{"rendered":"<p>\u00bfQu\u00e9 relaci\u00f3n existe entre Dios y nuestra felicidad? La pregunta es necesaria y urgente, porque son much\u00edsimas las personas que relacionan a Dios con el sufrimiento, con la prohibici\u00f3n de cosas que nos gustan y la obligaci\u00f3n de otras que nos desagradan. El camino para encontrar a Dios es el camino de la \u00abhumanizaci\u00f3n\u00bb, superando la \u00abdeshumanizaci\u00f3n\u00bb que todos llevamos dentro. Si esto es cierto, concluiremos que lo que Dios quiere, por encima de cualquier otra cosa, es lo que m\u00e1s queremos los seres humanos: la felicidad. A partir de esto ser\u00e1 necesario interpretar la \u00e9tica y la espiritualidad cristianas y, sobre todo, la predicaci\u00f3n que la Iglesia hace sobre Dios.<\/p>\n","protected":false},"excerpt":{"rendered":"<p>CASTILLO, JOS\u00c9 M.<\/p>\n","protected":false},"featured_media":345422,"template":"","meta":{"_acf_changed":false,"om_disable_all_campaigns":false,"rs_blank_template":"","rs_page_bg_color":"","slide_template_v7":"","inline_featured_image":false,"_monsterinsights_skip_tracking":false,"_monsterinsights_sitenote_active":false,"_monsterinsights_sitenote_note":"","_monsterinsights_sitenote_category":0},"product_brand":[],"product_cat":[90,540],"product_tag":[],"class_list":{"0":"post-345421","1":"product","2":"type-product","3":"status-publish","4":"has-post-thumbnail","6":"product_cat-altres","7":"product_cat-otros","9":"first","10":"instock","11":"taxable","12":"shipping-taxable","13":"purchasable","14":"product-type-simple"},"acf":{"editorial":[{"ID":6179,"post_author":"3","post_date":"2022-07-28 17:46:36","post_date_gmt":"2022-07-28 15:46:36","post_content":"","post_title":"DESCLEE DE BROUWER","post_excerpt":"","post_status":"publish","comment_status":"closed","ping_status":"closed","post_password":"","post_name":"desclee-de-brouwer","to_ping":"","pinged":"","post_modified":"2022-07-28 17:46:36","post_modified_gmt":"2022-07-28 15:46:36","post_content_filtered":"","post_parent":0,"guid":"http:\/\/dev.claret.cat\/editorial\/desclee-de-brouwer\/","menu_order":0,"post_type":"editorial","post_mime_type":"","comment_count":"0","filter":"raw"}],"autores-libros":[{"ID":160383,"post_author":"3","post_date":"2022-10-14 15:52:37","post_date_gmt":"2022-10-14 13:52:37","post_content":"","post_title":"JOS\u00c9 M. CASTILLO","post_excerpt":"","post_status":"publish","comment_status":"closed","ping_status":"closed","post_password":"","post_name":"jose-m-castillo-2","to_ping":"","pinged":"","post_modified":"2022-10-14 15:52:37","post_modified_gmt":"2022-10-14 13:52:37","post_content_filtered":"","post_parent":0,"guid":"http:\/\/dev.claret.cat\/autor\/jose-m-castillo-2\/","menu_order":0,"post_type":"autor","post_mime_type":"","comment_count":"0","filter":"raw"}],"autor":"CASTILLO, JOS\u00c9 M.","codart":"843301602","libros-coleccion":"FORA DE COL.LECCI\u00d3","ediciones":"1","encuadernacion":"[Vac\u00edo]","fecha_de_publicacion":"01\/10\/2001","novedad":"0","paginas":"236","subtitulo":"","orden":"999","portada":"0","idioma":"spa","booktrailer":"","resenas":""},"aioseo_notices":[],"_links":{"self":[{"href":"https:\/\/www.claret.cat\/es\/wp-json\/wp\/v2\/product\/345421","targetHints":{"allow":["GET"]}}],"collection":[{"href":"https:\/\/www.claret.cat\/es\/wp-json\/wp\/v2\/product"}],"about":[{"href":"https:\/\/www.claret.cat\/es\/wp-json\/wp\/v2\/types\/product"}],"wp:featuredmedia":[{"embeddable":true,"href":"https:\/\/www.claret.cat\/es\/wp-json\/wp\/v2\/media\/345422"}],"wp:attachment":[{"href":"https:\/\/www.claret.cat\/es\/wp-json\/wp\/v2\/media?parent=345421"}],"wp:term":[{"taxonomy":"product_brand","embeddable":true,"href":"https:\/\/www.claret.cat\/es\/wp-json\/wp\/v2\/product_brand?post=345421"},{"taxonomy":"product_cat","embeddable":true,"href":"https:\/\/www.claret.cat\/es\/wp-json\/wp\/v2\/product_cat?post=345421"},{"taxonomy":"product_tag","embeddable":true,"href":"https:\/\/www.claret.cat\/es\/wp-json\/wp\/v2\/product_tag?post=345421"}],"curies":[{"name":"wp","href":"https:\/\/api.w.org\/{rel}","templated":true}]}}