{"id":345562,"date":"2023-01-13T21:54:52","date_gmt":"2023-01-13T20:54:52","guid":{"rendered":"https:\/\/www.claret.cat\/llibre\/evangelio-de-marcos-9788433020598\/"},"modified":"2025-09-19T18:11:39","modified_gmt":"2025-09-19T16:11:39","slug":"evangelio-de-marcos-9788433020598","status":"publish","type":"product","link":"https:\/\/www.claret.cat\/es\/libro\/evangelio-de-marcos-9788433020598\/","title":{"rendered":"EVANGELIO DE MARCOS"},"content":{"rendered":"<p>La editorial Descl\u00e9e De Brouwer presenta esta serie de comentarios a la Nueva Biblia de Jerusal\u00e9n, con la pretensi\u00f3n de que ocupen el espacio abierto en el mercado de la lengua castellana entre la divulgaci\u00f3n y la cr\u00edtica cient\u00edfica. <br \/>Los comentarios est\u00e1n estructurados de forma tripartita: se incluye el texto de la Nueva Biblia de Jerusal\u00e9n (por per\u00edcopas), de modo que el lector del comentario tenga directamente al alcance los p\u00e1rrafos comentados; al texto acompa\u00f1an un aparato cr\u00edtico, que recoge los problemas textuales m\u00e1s significativos y las posibles (y leg\u00edtimas) variantes, y el comentario propiamente dicho. <br \/>Los comentaristas son conocidos especialistas de la lengua espa\u00f1ola y algunos expertos exegetas extranjeros.<\/p>\n","protected":false},"excerpt":{"rendered":"<p>RODR\u00cdGUEZ CARMONA, ANTONI<\/p>\n","protected":false},"featured_media":954520,"template":"","meta":{"_acf_changed":false,"om_disable_all_campaigns":false,"rs_blank_template":"","rs_page_bg_color":"","slide_template_v7":"","inline_featured_image":false,"_monsterinsights_skip_tracking":false,"_monsterinsights_sitenote_active":false,"_monsterinsights_sitenote_note":"","_monsterinsights_sitenote_category":0},"product_brand":[],"product_cat":[412,274,464,203],"product_tag":[],"class_list":{"0":"post-345562","1":"product","2":"type-product","3":"status-publish","4":"has-post-thumbnail","6":"product_cat-estudios-sagrada-escritura","7":"product_cat-estudis-sagrada-escriptura","8":"product_cat-sinopticos","9":"product_cat-sinoptics","11":"first","12":"instock","13":"taxable","14":"shipping-taxable","15":"purchasable","16":"product-type-simple"},"acf":{"editorial":[{"ID":6179,"post_author":"3","post_date":"2022-07-28 17:46:36","post_date_gmt":"2022-07-28 15:46:36","post_content":"","post_title":"DESCLEE DE BROUWER","post_excerpt":"","post_status":"publish","comment_status":"closed","ping_status":"closed","post_password":"","post_name":"desclee-de-brouwer","to_ping":"","pinged":"","post_modified":"2022-07-28 17:46:36","post_modified_gmt":"2022-07-28 15:46:36","post_content_filtered":"","post_parent":0,"guid":"http:\/\/dev.claret.cat\/editorial\/desclee-de-brouwer\/","menu_order":0,"post_type":"editorial","post_mime_type":"","comment_count":"0","filter":"raw"}],"autores-libros":[{"ID":5268,"post_author":"3","post_date":"2022-07-28 17:20:24","post_date_gmt":"2022-07-28 15:20:24","post_content":"","post_title":"ANTONIO RODRIGUEZ CARMONA","post_excerpt":"","post_status":"publish","comment_status":"closed","ping_status":"closed","post_password":"","post_name":"antonio-rodriguez-carmona","to_ping":"","pinged":"","post_modified":"2022-07-28 17:20:24","post_modified_gmt":"2022-07-28 15:20:24","post_content_filtered":"","post_parent":0,"guid":"http:\/\/dev.claret.cat\/autor\/antonio-rodriguez-carmona\/","menu_order":0,"post_type":"autor","post_mime_type":"","comment_count":"0","filter":"raw"}],"autor":"RODR\u00cdGUEZ CARMONA, ANTONI","codart":"843302059","libros-coleccion":"Comentarios a la Nueva Biblia de Jerusal\u00e9n","ediciones":"1","encuadernacion":"R\u00fastica","fecha_de_publicacion":"28\/04\/2006","novedad":"0","paginas":"160","subtitulo":"COMENTARIOS A LA NUEVA BIBLIA DE JERUSAL\u00c9N","orden":"999","portada":"0","idioma":"spa","booktrailer":"","resenas":""},"aioseo_notices":[],"_links":{"self":[{"href":"https:\/\/www.claret.cat\/es\/wp-json\/wp\/v2\/product\/345562","targetHints":{"allow":["GET"]}}],"collection":[{"href":"https:\/\/www.claret.cat\/es\/wp-json\/wp\/v2\/product"}],"about":[{"href":"https:\/\/www.claret.cat\/es\/wp-json\/wp\/v2\/types\/product"}],"wp:featuredmedia":[{"embeddable":true,"href":"https:\/\/www.claret.cat\/es\/wp-json\/wp\/v2\/media\/954520"}],"wp:attachment":[{"href":"https:\/\/www.claret.cat\/es\/wp-json\/wp\/v2\/media?parent=345562"}],"wp:term":[{"taxonomy":"product_brand","embeddable":true,"href":"https:\/\/www.claret.cat\/es\/wp-json\/wp\/v2\/product_brand?post=345562"},{"taxonomy":"product_cat","embeddable":true,"href":"https:\/\/www.claret.cat\/es\/wp-json\/wp\/v2\/product_cat?post=345562"},{"taxonomy":"product_tag","embeddable":true,"href":"https:\/\/www.claret.cat\/es\/wp-json\/wp\/v2\/product_tag?post=345562"}],"curies":[{"name":"wp","href":"https:\/\/api.w.org\/{rel}","templated":true}]}}