{"id":345647,"date":"2023-01-13T22:10:26","date_gmt":"2023-01-13T21:10:26","guid":{"rendered":"https:\/\/www.claret.cat\/llibre\/transmitir-la-fe-en-un-nuevo-siglo-9788433020680\/"},"modified":"2025-09-19T18:56:34","modified_gmt":"2025-09-19T16:56:34","slug":"transmitir-la-fe-en-un-nuevo-siglo-9788433020680","status":"publish","type":"product","link":"https:\/\/www.claret.cat\/es\/libro\/transmitir-la-fe-en-un-nuevo-siglo-9788433020680\/","title":{"rendered":"TRANSMITIR LA FE EN UN NUEVO SIGLO"},"content":{"rendered":"<p>Sin duda, en estos apasionantes momentos hist\u00f3ricos, la Iglesia en Espa\u00f1a es consciente de cuatro urgencias pastorales: revitalizar comunidades de vida y de referencia; hacer posible itinerarios serios de iniciaci\u00f3n cristiana; suscitar testigos creyentes; y crear redes socio-culturales de compromiso cristiano. Todo ello para hacer posible la nueva evangelizaci\u00f3n, en clave de sana transmisi\u00f3n de la Fe. La presente obra quiere ser una humilde contribuci\u00f3n a tan ardua empresa, en clave de esperanza y con la mirada amorosa en los m\u00e1s alejados. Sabiendo que en la Iglesia siempre debe darse un doble movimiento: conversi\u00f3n sincera en sus miembros y renovaci\u00f3n en sus estructuras para hacer m\u00e1s transparente el Misterio que la envuelve: Jesucristo y su Buena Noticia. Porque, como nos ha recordado el papa Benedicto XVI, quien se encuentra con Jesucristo no s\u00f3lo no pierde nada, sino que gana todo.<\/p>\n","protected":false},"excerpt":{"rendered":"<p>BERZOSA MART\u00cdNEZ, RA\u00daL<\/p>\n","protected":false},"featured_media":345676,"template":"","meta":{"_acf_changed":false,"om_disable_all_campaigns":false,"rs_blank_template":"","rs_page_bg_color":"","slide_template_v7":"","inline_featured_image":false,"_monsterinsights_skip_tracking":false,"_monsterinsights_sitenote_active":false,"_monsterinsights_sitenote_note":"","_monsterinsights_sitenote_category":0},"product_brand":[],"product_cat":[411,273,523,299,491,241,437,163],"product_tag":[],"class_list":{"0":"post-345647","1":"product","2":"type-product","3":"status-publish","4":"has-post-thumbnail","6":"product_cat-frontera-pastoral-1_espiritualidad","7":"product_cat-frontera","8":"product_cat-laicos-y-testimonios","9":"product_cat-laics-i-testimonis","10":"product_cat-testimonios","11":"product_cat-testimonis","12":"product_cat-valores-y-convivencia","13":"product_cat-valors-i-convivencia","15":"first","16":"instock","17":"taxable","18":"shipping-taxable","19":"purchasable","20":"product-type-simple"},"acf":{"editorial":[{"ID":6179,"post_author":"3","post_date":"2022-07-28 17:46:36","post_date_gmt":"2022-07-28 15:46:36","post_content":"","post_title":"DESCLEE DE BROUWER","post_excerpt":"","post_status":"publish","comment_status":"closed","ping_status":"closed","post_password":"","post_name":"desclee-de-brouwer","to_ping":"","pinged":"","post_modified":"2022-07-28 17:46:36","post_modified_gmt":"2022-07-28 15:46:36","post_content_filtered":"","post_parent":0,"guid":"http:\/\/dev.claret.cat\/editorial\/desclee-de-brouwer\/","menu_order":0,"post_type":"editorial","post_mime_type":"","comment_count":"0","filter":"raw"}],"autores-libros":[{"ID":167830,"post_author":"3","post_date":"2022-10-14 18:14:21","post_date_gmt":"2022-10-14 16:14:21","post_content":"","post_title":"RA\u00daL BERZOSA MART\u00cdNEZ","post_excerpt":"","post_status":"publish","comment_status":"closed","ping_status":"closed","post_password":"","post_name":"raul-berzosa-martinez","to_ping":"","pinged":"","post_modified":"2022-10-14 18:14:21","post_modified_gmt":"2022-10-14 16:14:21","post_content_filtered":"","post_parent":0,"guid":"http:\/\/dev.claret.cat\/autor\/raul-berzosa-martinez\/","menu_order":0,"post_type":"autor","post_mime_type":"","comment_count":"0","filter":"raw"}],"autor":"BERZOSA MART\u00cdNEZ, RA\u00daL","codart":"843302068","libros-coleccion":"Biblioteca Manual Descl\u00e9e","ediciones":"1","encuadernacion":"Carton\u00e9","fecha_de_publicacion":"06\/06\/2006","novedad":"0","paginas":"176","subtitulo":"RETOS Y PROPUESTAS","orden":"999","portada":"0","idioma":"spa","booktrailer":"","resenas":""},"aioseo_notices":[],"_links":{"self":[{"href":"https:\/\/www.claret.cat\/es\/wp-json\/wp\/v2\/product\/345647","targetHints":{"allow":["GET"]}}],"collection":[{"href":"https:\/\/www.claret.cat\/es\/wp-json\/wp\/v2\/product"}],"about":[{"href":"https:\/\/www.claret.cat\/es\/wp-json\/wp\/v2\/types\/product"}],"wp:featuredmedia":[{"embeddable":true,"href":"https:\/\/www.claret.cat\/es\/wp-json\/wp\/v2\/media\/345676"}],"wp:attachment":[{"href":"https:\/\/www.claret.cat\/es\/wp-json\/wp\/v2\/media?parent=345647"}],"wp:term":[{"taxonomy":"product_brand","embeddable":true,"href":"https:\/\/www.claret.cat\/es\/wp-json\/wp\/v2\/product_brand?post=345647"},{"taxonomy":"product_cat","embeddable":true,"href":"https:\/\/www.claret.cat\/es\/wp-json\/wp\/v2\/product_cat?post=345647"},{"taxonomy":"product_tag","embeddable":true,"href":"https:\/\/www.claret.cat\/es\/wp-json\/wp\/v2\/product_tag?post=345647"}],"curies":[{"name":"wp","href":"https:\/\/api.w.org\/{rel}","templated":true}]}}