{"id":345670,"date":"2023-01-13T22:20:58","date_gmt":"2023-01-13T21:20:58","guid":{"rendered":"https:\/\/www.claret.cat\/llibre\/relectura-del-exodo-9788433021045\/"},"modified":"2024-05-24T03:05:35","modified_gmt":"2024-05-24T01:05:35","slug":"relectura-del-exodo-9788433021045","status":"publish","type":"product","link":"https:\/\/www.claret.cat\/es\/libro\/relectura-del-exodo-9788433021045\/","title":{"rendered":"RELECTURA DEL \u00c9XODO"},"content":{"rendered":"<p>El libro del \u00c9xodo ha adquirido un gran protagonismo en relecturas posteriores de la Biblia. Los motivos son varios pero entre ellos hay que destacar la idea de un Dios que no identificaba su persona con los poderes pol\u00edticos y que serv\u00eda a los intereses igualitarios del pueblo. Un Dios preocupado por todos los oprimidos y maltratados de la sociedad a los que acompa\u00f1aba en sus movimientos liberadores conduci\u00e9ndolos hacia una nueva tierraNo resulta dif\u00edcil comprender, desde esta \u00f3ptica, el inter\u00e9s que el libro aporta a la teolog\u00eda feminista que toma el texto como fundamento de sus ideas. Si en los primeros movimientos antiesclavistas muchas personas bland\u00edan la Biblia para defender sus tesis lo mismo han hecho las mujeres a la hora de sus reivindicaciones igualitarias con el libro del \u00c9xodo. En sus p\u00e1ginas han encontrado la fuerza y la esperanza de adquirir un d\u00eda la paridad que la sociedad les ha negado. Cuentan para sus ilusiones con muchos ejemplos, entre ellos, la imagen de dos modestas parteras que se atreven a desobedecer al soberano m\u00e1s importante de su momento iniciando el proceso liberador del pueblo elegido.<\/p>\n","protected":false},"excerpt":{"rendered":"<p>GOMEZ ACEBO, ISABEL<\/p>\n","protected":false},"featured_media":345671,"template":"","meta":{"_acf_changed":false,"om_disable_all_campaigns":false,"rs_blank_template":"","rs_page_bg_color":"","slide_template_v7":"","inline_featured_image":false,"_monsterinsights_skip_tracking":false,"_monsterinsights_sitenote_active":false,"_monsterinsights_sitenote_note":"","_monsterinsights_sitenote_category":0},"product_brand":[],"product_cat":[90,540],"product_tag":[],"class_list":{"0":"post-345670","1":"product","2":"type-product","3":"status-publish","4":"has-post-thumbnail","6":"product_cat-altres","7":"product_cat-otros","9":"first","10":"instock","11":"taxable","12":"shipping-taxable","13":"purchasable","14":"product-type-simple"},"acf":{"editorial":[{"ID":147708,"post_author":"3","post_date":"2022-10-14 11:52:38","post_date_gmt":"2022-10-14 09:52:38","post_content":"","post_title":"DESCLEE DE BROUWER-PARIS, EDIC","post_excerpt":"","post_status":"publish","comment_status":"closed","ping_status":"closed","post_password":"","post_name":"desclee-de-brouwer-paris-edic","to_ping":"","pinged":"","post_modified":"2022-10-14 11:52:38","post_modified_gmt":"2022-10-14 09:52:38","post_content_filtered":"","post_parent":0,"guid":"http:\/\/dev.claret.cat\/editorial\/desclee-de-brouwer-paris-edic\/","menu_order":0,"post_type":"editorial","post_mime_type":"","comment_count":"0","filter":"raw"}],"autores-libros":[{"ID":158061,"post_author":"3","post_date":"2022-10-14 15:33:51","post_date_gmt":"2022-10-14 13:33:51","post_content":"","post_title":"ISABEL G\u00d3MEZ ACEBO","post_excerpt":"","post_status":"publish","comment_status":"closed","ping_status":"closed","post_password":"","post_name":"isabel-gomez-acebo","to_ping":"","pinged":"","post_modified":"2022-10-14 15:33:51","post_modified_gmt":"2022-10-14 13:33:51","post_content_filtered":"","post_parent":0,"guid":"http:\/\/dev.claret.cat\/autor\/isabel-gomez-acebo\/","menu_order":0,"post_type":"autor","post_mime_type":"","comment_count":"0","filter":"raw"}],"autor":"GOMEZ ACEBO, ISABEL","codart":"843302104","libros-coleccion":"","ediciones":"1","encuadernacion":"R\u00fastica","fecha_de_publicacion":"01\/11\/2006","novedad":"0","paginas":"318","subtitulo":"","orden":"999","portada":"0","idioma":"spa"},"aioseo_notices":[],"_links":{"self":[{"href":"https:\/\/www.claret.cat\/es\/wp-json\/wp\/v2\/product\/345670","targetHints":{"allow":["GET"]}}],"collection":[{"href":"https:\/\/www.claret.cat\/es\/wp-json\/wp\/v2\/product"}],"about":[{"href":"https:\/\/www.claret.cat\/es\/wp-json\/wp\/v2\/types\/product"}],"wp:featuredmedia":[{"embeddable":true,"href":"https:\/\/www.claret.cat\/es\/wp-json\/wp\/v2\/media\/345671"}],"wp:attachment":[{"href":"https:\/\/www.claret.cat\/es\/wp-json\/wp\/v2\/media?parent=345670"}],"wp:term":[{"taxonomy":"product_brand","embeddable":true,"href":"https:\/\/www.claret.cat\/es\/wp-json\/wp\/v2\/product_brand?post=345670"},{"taxonomy":"product_cat","embeddable":true,"href":"https:\/\/www.claret.cat\/es\/wp-json\/wp\/v2\/product_cat?post=345670"},{"taxonomy":"product_tag","embeddable":true,"href":"https:\/\/www.claret.cat\/es\/wp-json\/wp\/v2\/product_tag?post=345670"}],"curies":[{"name":"wp","href":"https:\/\/api.w.org\/{rel}","templated":true}]}}