{"id":345693,"date":"2023-01-13T22:26:09","date_gmt":"2023-01-13T21:26:09","guid":{"rendered":"https:\/\/www.claret.cat\/llibre\/exodo-9788433021304\/"},"modified":"2023-01-28T17:01:13","modified_gmt":"2023-01-28T16:01:13","slug":"exodo-9788433021304","status":"publish","type":"product","link":"https:\/\/www.claret.cat\/es\/libro\/exodo-9788433021304\/","title":{"rendered":"\u00c9XODO"},"content":{"rendered":"<p>Tres acontecimientos fundamentales vertebran el libro del \u00c9xodo. Primero, la liberaci\u00f3n de los israelitas de la esclavitud en Egipto, paradigma permanente de esperanza para todos los oprimidos. Segundo, la marcha por el desierto, donde Israel aprendi\u00f3 a caminar con Dios. Tercero, la llegada y estancia a los pies de la monta\u00f1a del Sina\u00ed, lugar privilegiado de la revelaci\u00f3n de Dios, de la ratificaci\u00f3n de la alianza y de la inauguraci\u00f3n del culto. Tan transcendentales fueron estos eventos para el pueblo de Dios que han hecho del \u00c9xodo uno de los libros m\u00e1s le\u00eddos y apreciados de toda la Biblia. <br \/>La editorial Descl\u00e9e De Brouwer presenta esta serie de comentarios a la Nueva Biblia de Jerusal\u00e9n, con la pretensi\u00f3n de que ocupe el espacio abierto en el mercado de la lengua castellana entre la divulgaci\u00f3n y la cr\u00edtica cient\u00edfica<\/p>\n","protected":false},"excerpt":{"rendered":"<p>GARC\u00cdA L\u00d3PEZ, F\u00c9LIX<\/p>\n","protected":false},"featured_media":345694,"template":"","meta":{"_acf_changed":false,"om_disable_all_campaigns":false,"rs_blank_template":"","rs_page_bg_color":"","slide_template_v7":"","inline_featured_image":false,"_monsterinsights_skip_tracking":false,"_monsterinsights_sitenote_active":false,"_monsterinsights_sitenote_note":"","_monsterinsights_sitenote_category":0},"product_brand":[],"product_cat":[412,274,196,459],"product_tag":[],"class_list":{"0":"post-345693","1":"product","2":"type-product","3":"status-publish","4":"has-post-thumbnail","6":"product_cat-estudios-sagrada-escritura","7":"product_cat-estudis-sagrada-escriptura","8":"product_cat-pentateuc","9":"product_cat-pentateuco","11":"first","12":"instock","13":"taxable","14":"shipping-taxable","15":"purchasable","16":"product-type-simple"},"acf":{"editorial":[{"ID":6179,"post_author":"3","post_date":"2022-07-28 17:46:36","post_date_gmt":"2022-07-28 15:46:36","post_content":"","post_title":"DESCLEE DE BROUWER","post_excerpt":"","post_status":"publish","comment_status":"closed","ping_status":"closed","post_password":"","post_name":"desclee-de-brouwer","to_ping":"","pinged":"","post_modified":"2022-07-28 17:46:36","post_modified_gmt":"2022-07-28 15:46:36","post_content_filtered":"","post_parent":0,"guid":"http:\/\/dev.claret.cat\/editorial\/desclee-de-brouwer\/","menu_order":0,"post_type":"editorial","post_mime_type":"","comment_count":"0","filter":"raw"}],"autores-libros":[{"ID":155729,"post_author":"3","post_date":"2022-10-14 15:15:10","post_date_gmt":"2022-10-14 13:15:10","post_content":"","post_title":"F\u00c9LIX GARC\u00cdA L\u00d3PEZ","post_excerpt":"","post_status":"publish","comment_status":"closed","ping_status":"closed","post_password":"","post_name":"felix-garcia-lopez","to_ping":"","pinged":"","post_modified":"2022-10-14 15:15:10","post_modified_gmt":"2022-10-14 13:15:10","post_content_filtered":"","post_parent":0,"guid":"http:\/\/dev.claret.cat\/autor\/felix-garcia-lopez\/","menu_order":0,"post_type":"autor","post_mime_type":"","comment_count":"0","filter":"raw"}],"autor":"GARC\u00cdA L\u00d3PEZ, F\u00c9LIX","codart":"843302130","libros-coleccion":"Comentarios a la Nueva Biblia de Jerusal\u00e9n","ediciones":"1","encuadernacion":"R\u00fastica","fecha_de_publicacion":"20\/02\/2007","novedad":"0","paginas":"244","subtitulo":"","orden":"999","portada":"0","idioma":"spa"},"aioseo_notices":[],"_links":{"self":[{"href":"https:\/\/www.claret.cat\/es\/wp-json\/wp\/v2\/product\/345693","targetHints":{"allow":["GET"]}}],"collection":[{"href":"https:\/\/www.claret.cat\/es\/wp-json\/wp\/v2\/product"}],"about":[{"href":"https:\/\/www.claret.cat\/es\/wp-json\/wp\/v2\/types\/product"}],"wp:featuredmedia":[{"embeddable":true,"href":"https:\/\/www.claret.cat\/es\/wp-json\/wp\/v2\/media\/345694"}],"wp:attachment":[{"href":"https:\/\/www.claret.cat\/es\/wp-json\/wp\/v2\/media?parent=345693"}],"wp:term":[{"taxonomy":"product_brand","embeddable":true,"href":"https:\/\/www.claret.cat\/es\/wp-json\/wp\/v2\/product_brand?post=345693"},{"taxonomy":"product_cat","embeddable":true,"href":"https:\/\/www.claret.cat\/es\/wp-json\/wp\/v2\/product_cat?post=345693"},{"taxonomy":"product_tag","embeddable":true,"href":"https:\/\/www.claret.cat\/es\/wp-json\/wp\/v2\/product_tag?post=345693"}],"curies":[{"name":"wp","href":"https:\/\/api.w.org\/{rel}","templated":true}]}}