{"id":345701,"date":"2023-01-13T22:26:37","date_gmt":"2023-01-13T21:26:37","guid":{"rendered":"https:\/\/www.claret.cat\/llibre\/maria-magdalena-9788433021380\/"},"modified":"2025-09-19T18:09:06","modified_gmt":"2025-09-19T16:09:06","slug":"maria-magdalena-9788433021380","status":"publish","type":"product","link":"https:\/\/www.claret.cat\/es\/libro\/maria-magdalena-9788433021380\/","title":{"rendered":"MAR\u00cdA MAGDALENA"},"content":{"rendered":"<p>Tras la novela de Dan Brown El C\u00f3digo da Vinci se han multiplicado los libros sobre Mar\u00eda Magdalena pero casi ninguno muestra verdadero inter\u00e9s por el personaje hist\u00f3rico que subyace en el texto. Tan es as\u00ed, que una encuesta en la calle nos dar\u00eda diversas respuestas sobre su persona: pecadora, arrepentida, amante de Cristo&#8230; pero no creemos equivocarnos al afirmar que muy pocas har\u00edan referencia a su protagonismo entre los primeros disc\u00edpulos de Jes\u00fas de Nazaret y menos a\u00fan hablar\u00edan de la importancia de que la primera aparici\u00f3n y env\u00edo del resucitado fueran a su persona. Esta faceta de su vida se olvid\u00f3, adorn\u00e1ndola con otras caracter\u00edsticas que nunca le pertenecieron pero que se prestaban a llamar la atenci\u00f3n del pueblo cristiano. <br \/>Sabemos que perteneci\u00f3 al c\u00edrculo m\u00e1s reducido de los disc\u00edpulos de Jes\u00fas e incluso es posible que estuviera enamorada de su Maestro \u00bfpor qu\u00e9 no? Pero es mucho m\u00e1s importante para la causa de las mujeres su protagonismo como la primera persona a quien Jes\u00fas encomienda extender la buena nueva. No parece que su condici\u00f3n femenina supuso ning\u00fan obst\u00e1culo, pues entre los que segu\u00edan al nazareno, ya lo advert\u00eda Pablo, no deb\u00eda haber diferencias \u00e9tnicas, sociales o sexuales. <br \/>Este libro ha nacido con la idea de pasearnos por todas las facetas que han contribuido a dise\u00f1ar la figura de la Magdalena, comenzando por los textos del Nuevo Testamento, los m\u00e1s importantes, para abrirnos luego, como un gran abanico, por los otros cap\u00edtulos que recorren lo que la historia de la cristiandad fue pensando de nuestra protagonista.<\/p>\n","protected":false},"excerpt":{"rendered":"<p>G\u00d3MEZ-ACEBO, ISABEL<\/p>\n","protected":false},"featured_media":345723,"template":"","meta":{"_acf_changed":false,"om_disable_all_campaigns":false,"rs_blank_template":"","rs_page_bg_color":"","slide_template_v7":"","inline_featured_image":false,"_monsterinsights_skip_tracking":false,"_monsterinsights_sitenote_active":false,"_monsterinsights_sitenote_note":"","_monsterinsights_sitenote_category":0},"product_brand":[],"product_cat":[412,274,202,463,286,512],"product_tag":[],"class_list":{"0":"post-345701","1":"product","2":"type-product","3":"status-publish","4":"has-post-thumbnail","6":"product_cat-estudios-sagrada-escritura","7":"product_cat-estudis-sagrada-escriptura","8":"product_cat-introduccio-n-t","9":"product_cat-introduccion-n-t","10":"product_cat-mariologia","11":"product_cat-mariologia-teologia-1_espiritualidad","13":"first","14":"outofstock","15":"taxable","16":"shipping-taxable","17":"purchasable","18":"product-type-simple"},"acf":{"editorial":[{"ID":6179,"post_author":"3","post_date":"2022-07-28 17:46:36","post_date_gmt":"2022-07-28 15:46:36","post_content":"","post_title":"DESCLEE DE BROUWER","post_excerpt":"","post_status":"publish","comment_status":"closed","ping_status":"closed","post_password":"","post_name":"desclee-de-brouwer","to_ping":"","pinged":"","post_modified":"2022-07-28 17:46:36","post_modified_gmt":"2022-07-28 15:46:36","post_content_filtered":"","post_parent":0,"guid":"http:\/\/dev.claret.cat\/editorial\/desclee-de-brouwer\/","menu_order":0,"post_type":"editorial","post_mime_type":"","comment_count":"0","filter":"raw"}],"autores-libros":[{"ID":284145,"post_author":"3","post_date":"2022-12-10 02:04:09","post_date_gmt":"2022-12-10 01:04:09","post_content":"","post_title":"ET ALTRI","post_excerpt":"","post_status":"publish","comment_status":"closed","ping_status":"closed","post_password":"","post_name":"et-altri","to_ping":"","pinged":"","post_modified":"2022-12-10 02:04:09","post_modified_gmt":"2022-12-10 01:04:09","post_content_filtered":"","post_parent":0,"guid":"http:\/\/dev.claret.cat\/autor\/et-altri\/","menu_order":0,"post_type":"autor","post_mime_type":"","comment_count":"0","filter":"raw"},{"ID":345700,"post_author":"3","post_date":"2023-01-13 22:26:34","post_date_gmt":"2023-01-13 21:26:34","post_content":"","post_title":"ISABEL (ed) G\u00d3MEZ-ACEBO","post_excerpt":"","post_status":"publish","comment_status":"closed","ping_status":"closed","post_password":"","post_name":"isabel-ed-gomez-acebo","to_ping":"","pinged":"","post_modified":"2023-01-13 22:26:34","post_modified_gmt":"2023-01-13 21:26:34","post_content_filtered":"","post_parent":0,"guid":"https:\/\/www.claret.cat\/autor\/isabel-ed-gomez-acebo\/","menu_order":0,"post_type":"autor","post_mime_type":"","comment_count":"0","filter":"raw"}],"autor":"G\u00d3MEZ-ACEBO, ISABEL","codart":"843302138","libros-coleccion":"En clave de mujer","ediciones":"1","encuadernacion":"R\u00fastica","fecha_de_publicacion":"23\/04\/2007","novedad":"0","paginas":"328","subtitulo":"DE AP\u00d3STOL, A PROSTITUTA Y AMANTE","orden":"999","portada":"0","idioma":"spa","booktrailer":"","resenas":""},"aioseo_notices":[],"_links":{"self":[{"href":"https:\/\/www.claret.cat\/es\/wp-json\/wp\/v2\/product\/345701","targetHints":{"allow":["GET"]}}],"collection":[{"href":"https:\/\/www.claret.cat\/es\/wp-json\/wp\/v2\/product"}],"about":[{"href":"https:\/\/www.claret.cat\/es\/wp-json\/wp\/v2\/types\/product"}],"wp:featuredmedia":[{"embeddable":true,"href":"https:\/\/www.claret.cat\/es\/wp-json\/wp\/v2\/media\/345723"}],"wp:attachment":[{"href":"https:\/\/www.claret.cat\/es\/wp-json\/wp\/v2\/media?parent=345701"}],"wp:term":[{"taxonomy":"product_brand","embeddable":true,"href":"https:\/\/www.claret.cat\/es\/wp-json\/wp\/v2\/product_brand?post=345701"},{"taxonomy":"product_cat","embeddable":true,"href":"https:\/\/www.claret.cat\/es\/wp-json\/wp\/v2\/product_cat?post=345701"},{"taxonomy":"product_tag","embeddable":true,"href":"https:\/\/www.claret.cat\/es\/wp-json\/wp\/v2\/product_tag?post=345701"}],"curies":[{"name":"wp","href":"https:\/\/api.w.org\/{rel}","templated":true}]}}