{"id":345731,"date":"2023-01-13T22:45:39","date_gmt":"2023-01-13T21:45:39","guid":{"rendered":"https:\/\/www.claret.cat\/llibre\/palabras-de-amor-9788433021465\/"},"modified":"2025-09-19T17:16:14","modified_gmt":"2025-09-19T15:16:14","slug":"palabras-de-amor-9788433021465","status":"publish","type":"product","link":"https:\/\/www.claret.cat\/es\/libro\/palabras-de-amor-9788433021465\/","title":{"rendered":"PALABRAS DE AMOR"},"content":{"rendered":"<p>Este libro recoge y explica ciento ochenta y tres Palabras de Amor que forman un manual o enciclopedia del mundo afectivo y amoroso. Las palabras de amor se sit\u00faan en cuatro \u00e1reas principales: Experiencia humana, Experiencia religiosa, Historia de occidente e Identidad humana. <br \/>Del amor nacemos, en amor somos, antes de todo pensamiento te\u00f3rico y de toda acci\u00f3n econ\u00f3mica o pol\u00edtica. As\u00ed lo ha puesto de relieve este diccionario de Palabras de Amor, como libro de consulta y como texto de vida. Es un libro de consulta, no es para leerlo de corrido, sino para fijarse en alguno de los t\u00e9rminos o temas, seg\u00fan fuere conveniente o necesario. Es un texto de vida y as\u00ed quiere ayudar en la vida a quienes quieran saber lo que son y ser lo que quieren amando a los dem\u00e1s y am\u00e1ndose a s\u00ed mismos. No hay, que sepamos, en lengua castellana un libro de amor que pueda compararse a \u00e9ste. Por eso lo ofrecemos a nuestros lectores con la certeza de cubrir un hueco y de abrir un camino de placer ilusionado y gozo responsable en el campo de siembra y cosecha del amor humano que, en el fondo, es el mismo amor divino, el Amor, entendido como Palabra que une a todos los hombres y mujeres de la tierra.<\/p>\n","protected":false},"excerpt":{"rendered":"<p>PIKAZA, XABIER<\/p>\n","protected":false},"featured_media":345742,"template":"","meta":{"_acf_changed":false,"om_disable_all_campaigns":false,"rs_blank_template":"","rs_page_bg_color":"","slide_template_v7":"","inline_featured_image":false,"_monsterinsights_skip_tracking":false,"_monsterinsights_sitenote_active":false,"_monsterinsights_sitenote_note":"","_monsterinsights_sitenote_category":0},"product_brand":[],"product_cat":[497,248,288,514,437,163,394,236],"product_tag":[],"class_list":{"0":"post-345731","1":"product","2":"type-product","3":"status-publish","4":"has-post-thumbnail","6":"product_cat-meditaciones","7":"product_cat-meditacions","8":"product_cat-moral-fonamental","9":"product_cat-moral-fundamental","10":"product_cat-valores-y-convivencia","11":"product_cat-valors-i-convivencia","12":"product_cat-vida-cotidiana","13":"product_cat-vida-quotidiana","15":"first","16":"instock","17":"taxable","18":"shipping-taxable","19":"purchasable","20":"product-type-simple"},"acf":{"editorial":[{"ID":6179,"post_author":"3","post_date":"2022-07-28 17:46:36","post_date_gmt":"2022-07-28 15:46:36","post_content":"","post_title":"DESCLEE DE BROUWER","post_excerpt":"","post_status":"publish","comment_status":"closed","ping_status":"closed","post_password":"","post_name":"desclee-de-brouwer","to_ping":"","pinged":"","post_modified":"2022-07-28 17:46:36","post_modified_gmt":"2022-07-28 15:46:36","post_content_filtered":"","post_parent":0,"guid":"http:\/\/dev.claret.cat\/editorial\/desclee-de-brouwer\/","menu_order":0,"post_type":"editorial","post_mime_type":"","comment_count":"0","filter":"raw"}],"autores-libros":[{"ID":171376,"post_author":"3","post_date":"2022-10-14 22:42:54","post_date_gmt":"2022-10-14 20:42:54","post_content":"","post_title":"XABIER PIKAZA","post_excerpt":"","post_status":"publish","comment_status":"closed","ping_status":"closed","post_password":"","post_name":"xabier-pikaza","to_ping":"","pinged":"","post_modified":"2022-10-14 22:42:54","post_modified_gmt":"2022-10-14 20:42:54","post_content_filtered":"","post_parent":0,"guid":"http:\/\/dev.claret.cat\/autor\/xabier-pikaza\/","menu_order":0,"post_type":"autor","post_mime_type":"","comment_count":"0","filter":"raw"}],"autor":"PIKAZA, XABIER","codart":"843302146","libros-coleccion":"Biblioteca Manual Descl\u00e9e","ediciones":"1","encuadernacion":"Carton\u00e9","fecha_de_publicacion":"29\/05\/2007","novedad":"0","paginas":"738","subtitulo":"GU\u00cdA DEL AMOR HUMANO Y CRISTIANO","orden":"999","portada":"0","idioma":"spa","booktrailer":"","resenas":""},"aioseo_notices":[],"_links":{"self":[{"href":"https:\/\/www.claret.cat\/es\/wp-json\/wp\/v2\/product\/345731","targetHints":{"allow":["GET"]}}],"collection":[{"href":"https:\/\/www.claret.cat\/es\/wp-json\/wp\/v2\/product"}],"about":[{"href":"https:\/\/www.claret.cat\/es\/wp-json\/wp\/v2\/types\/product"}],"wp:featuredmedia":[{"embeddable":true,"href":"https:\/\/www.claret.cat\/es\/wp-json\/wp\/v2\/media\/345742"}],"wp:attachment":[{"href":"https:\/\/www.claret.cat\/es\/wp-json\/wp\/v2\/media?parent=345731"}],"wp:term":[{"taxonomy":"product_brand","embeddable":true,"href":"https:\/\/www.claret.cat\/es\/wp-json\/wp\/v2\/product_brand?post=345731"},{"taxonomy":"product_cat","embeddable":true,"href":"https:\/\/www.claret.cat\/es\/wp-json\/wp\/v2\/product_cat?post=345731"},{"taxonomy":"product_tag","embeddable":true,"href":"https:\/\/www.claret.cat\/es\/wp-json\/wp\/v2\/product_tag?post=345731"}],"curies":[{"name":"wp","href":"https:\/\/api.w.org\/{rel}","templated":true}]}}