{"id":345824,"date":"2023-01-13T23:15:13","date_gmt":"2023-01-13T22:15:13","guid":{"rendered":"https:\/\/www.claret.cat\/llibre\/evangelio-de-juan-9788433022462\/"},"modified":"2025-09-19T19:40:11","modified_gmt":"2025-09-19T17:40:11","slug":"evangelio-de-juan-9788433022462","status":"publish","type":"product","link":"https:\/\/www.claret.cat\/es\/libro\/evangelio-de-juan-9788433022462\/","title":{"rendered":"EVANGELIO DE JUAN"},"content":{"rendered":"<p>Seg\u00fan uno de los lectores m\u00e1s egregios (Or\u00edgenes) del evangelio de Juan, este libro es el m\u00e1s sublime de la Biblia. A pesar de los numerosos estudios y a\u00f1os de b\u00fasqueda, el cuarto evangelio sigue guardando su secreto y resultando una mina de tesoros para el investigador. Los grandes comentarios de los \u00faltimos a\u00f1os no han sido capaces de agotar su caudal. Han logrado, sin embargo, poner de relieve la multiplicidad de corrientes que lo surcan, el pensamiento denso que lo teje y la experiencia en el fondo y en la forma que lo transfigura. <br \/>El presente comentario da raz\u00f3n del fascinante mundo jo\u00e1nico y ofrece una interpretaci\u00f3n coherente del mismo, en la que cada pasaje se refiere al todo, y en la que no quedan piezas ni flecos sueltos. Muestra la unidad de la obra, al mismo tiempo que descubre numerosos temas del A.T. dibujados en su hondura y el tono po\u00e9tico que embarga muchas de sus p\u00e1ginas.<\/p>\n","protected":false},"excerpt":{"rendered":"<p>CASTRO S\u00c1NCHEZ, SECUNDINO<\/p>\n","protected":false},"featured_media":0,"template":"","meta":{"_acf_changed":false,"om_disable_all_campaigns":false,"rs_blank_template":"","rs_page_bg_color":"","slide_template_v7":"","inline_featured_image":false,"_monsterinsights_skip_tracking":false,"_monsterinsights_sitenote_active":false,"_monsterinsights_sitenote_note":"","_monsterinsights_sitenote_category":0},"product_brand":[],"product_cat":[90,540],"product_tag":[],"class_list":{"0":"post-345824","1":"product","2":"type-product","3":"status-publish","5":"product_cat-altres","6":"product_cat-otros","8":"first","9":"instock","10":"taxable","11":"shipping-taxable","12":"purchasable","13":"product-type-simple"},"acf":{"editorial":[{"ID":6179,"post_author":"3","post_date":"2022-07-28 17:46:36","post_date_gmt":"2022-07-28 15:46:36","post_content":"","post_title":"DESCLEE DE BROUWER","post_excerpt":"","post_status":"publish","comment_status":"closed","ping_status":"closed","post_password":"","post_name":"desclee-de-brouwer","to_ping":"","pinged":"","post_modified":"2022-07-28 17:46:36","post_modified_gmt":"2022-07-28 15:46:36","post_content_filtered":"","post_parent":0,"guid":"http:\/\/dev.claret.cat\/editorial\/desclee-de-brouwer\/","menu_order":0,"post_type":"editorial","post_mime_type":"","comment_count":"0","filter":"raw"}],"autores-libros":[{"ID":169268,"post_author":"3","post_date":"2022-10-14 22:25:52","post_date_gmt":"2022-10-14 20:25:52","post_content":"","post_title":"SECUNDINO CASTRO SANCHEZ","post_excerpt":"","post_status":"publish","comment_status":"closed","ping_status":"closed","post_password":"","post_name":"secundino-castro-sanchez","to_ping":"","pinged":"","post_modified":"2022-10-14 22:25:52","post_modified_gmt":"2022-10-14 20:25:52","post_content_filtered":"","post_parent":0,"guid":"http:\/\/dev.claret.cat\/autor\/secundino-castro-sanchez\/","menu_order":0,"post_type":"autor","post_mime_type":"","comment_count":"0","filter":"raw"}],"autor":"CASTRO S\u00c1NCHEZ, SECUNDINO","codart":"843302246","libros-coleccion":"Comentarios a la Nueva Biblia de Jerusal\u00e9n","ediciones":"1","encuadernacion":"R\u00fastica","fecha_de_publicacion":"22\/09\/2008","novedad":"0","paginas":"384","subtitulo":"","orden":"999","portada":"0","idioma":"spa","booktrailer":"","resenas":""},"aioseo_notices":[],"_links":{"self":[{"href":"https:\/\/www.claret.cat\/es\/wp-json\/wp\/v2\/product\/345824","targetHints":{"allow":["GET"]}}],"collection":[{"href":"https:\/\/www.claret.cat\/es\/wp-json\/wp\/v2\/product"}],"about":[{"href":"https:\/\/www.claret.cat\/es\/wp-json\/wp\/v2\/types\/product"}],"wp:attachment":[{"href":"https:\/\/www.claret.cat\/es\/wp-json\/wp\/v2\/media?parent=345824"}],"wp:term":[{"taxonomy":"product_brand","embeddable":true,"href":"https:\/\/www.claret.cat\/es\/wp-json\/wp\/v2\/product_brand?post=345824"},{"taxonomy":"product_cat","embeddable":true,"href":"https:\/\/www.claret.cat\/es\/wp-json\/wp\/v2\/product_cat?post=345824"},{"taxonomy":"product_tag","embeddable":true,"href":"https:\/\/www.claret.cat\/es\/wp-json\/wp\/v2\/product_tag?post=345824"}],"curies":[{"name":"wp","href":"https:\/\/api.w.org\/{rel}","templated":true}]}}