{"id":345828,"date":"2023-01-13T23:15:28","date_gmt":"2023-01-13T22:15:28","guid":{"rendered":"https:\/\/www.claret.cat\/llibre\/isaias-4066-9788433022691\/"},"modified":"2025-09-19T19:38:39","modified_gmt":"2025-09-19T17:38:39","slug":"isaias-4066-9788433022691","status":"publish","type":"product","link":"https:\/\/www.claret.cat\/es\/libro\/isaias-4066-9788433022691\/","title":{"rendered":"ISA\u00cdAS 40-66"},"content":{"rendered":"<p>El \u201cSegundo Isa\u00edas\u201d se\u00f1ala c\u00f3mo la fuerza de la Palabra de Dios ha llevado a t\u00e9rmino, a lo largo de cuatro etapas, la transformaci\u00f3n del pueblo ajado en la comunidad que da testimonio de la grandeza de Yahv\u00e9. La entereza de la Palabra derrota el falso poder de los \u00eddolos (40,12-44,23). El poder de la Palabra suscita a Ciro (44,24 &#8211; 48,22), el mediador de Yahv\u00e9 para liberar a los exiliados en Babilonia. La fortaleza de la Palabra presenta al Siervo como el mediador de la intervenci\u00f3n de Yahv\u00e9 para restaurar su alianza con el pueblo y extenderla a las naciones (49,1 &#8211; 53,12). Finalmente, el vigor de la Palabra act\u00faa para desplegar la grandeza de Jerusal\u00e9n hasta convertirla, entre las naciones, en el testimonio de la actuaci\u00f3n redentora de Yahv\u00e9 (54,1-55,5). <br \/>Pero el sentido de la profec\u00eda de Isa\u00edas no estriba s\u00f3lo en relatar el itinerario de conversi\u00f3n ofrecido al pueblo hebreo en tiempos antiguos. El texto invita al lector a iniciar la senda de la conversi\u00f3n para que, huyendo de las garras de los \u00eddolos, pueda gozar de la dicha del Se\u00f1or.<\/p>\n","protected":false},"excerpt":{"rendered":"<p>RAMIS, FRANCESC<\/p>\n","protected":false},"featured_media":345846,"template":"","meta":{"_acf_changed":false,"om_disable_all_campaigns":false,"rs_blank_template":"","rs_page_bg_color":"","slide_template_v7":"","inline_featured_image":false,"_monsterinsights_skip_tracking":false,"_monsterinsights_sitenote_active":false,"_monsterinsights_sitenote_note":"","_monsterinsights_sitenote_category":0},"product_brand":[],"product_cat":[509,279,412,274,461,199],"product_tag":[],"class_list":{"0":"post-345828","1":"product","2":"type-product","3":"status-publish","4":"has-post-thumbnail","6":"product_cat-antropologia-teologica-teologia-1_espiritualidad","7":"product_cat-antropologia-teologica","8":"product_cat-estudios-sagrada-escritura","9":"product_cat-estudis-sagrada-escriptura","10":"product_cat-profetas","11":"product_cat-profetes","13":"first","14":"instock","15":"taxable","16":"shipping-taxable","17":"purchasable","18":"product-type-simple"},"acf":{"editorial":[{"ID":6179,"post_author":"3","post_date":"2022-07-28 17:46:36","post_date_gmt":"2022-07-28 15:46:36","post_content":"","post_title":"DESCLEE DE BROUWER","post_excerpt":"","post_status":"publish","comment_status":"closed","ping_status":"closed","post_password":"","post_name":"desclee-de-brouwer","to_ping":"","pinged":"","post_modified":"2022-07-28 17:46:36","post_modified_gmt":"2022-07-28 15:46:36","post_content_filtered":"","post_parent":0,"guid":"http:\/\/dev.claret.cat\/editorial\/desclee-de-brouwer\/","menu_order":0,"post_type":"editorial","post_mime_type":"","comment_count":"0","filter":"raw"}],"autores-libros":[{"ID":156129,"post_author":"3","post_date":"2022-10-14 15:18:20","post_date_gmt":"2022-10-14 13:18:20","post_content":"","post_title":"FRANCESC RAMIS DARDER","post_excerpt":"","post_status":"publish","comment_status":"closed","ping_status":"closed","post_password":"","post_name":"francesc-ramis-darder","to_ping":"","pinged":"","post_modified":"2022-10-14 15:18:20","post_modified_gmt":"2022-10-14 13:18:20","post_content_filtered":"","post_parent":0,"guid":"http:\/\/dev.claret.cat\/autor\/francesc-ramis-darder\/","menu_order":0,"post_type":"autor","post_mime_type":"","comment_count":"0","filter":"raw"}],"autor":"RAMIS, FRANCESC","codart":"843302269","libros-coleccion":"Comentarios a la Nueva Biblia de Jerusal\u00e9n","ediciones":"1","encuadernacion":"R\u00fastica","fecha_de_publicacion":"23\/10\/2008","novedad":"0","paginas":"364","subtitulo":"","orden":"999","portada":"0","idioma":"spa","booktrailer":"","resenas":""},"aioseo_notices":[],"_links":{"self":[{"href":"https:\/\/www.claret.cat\/es\/wp-json\/wp\/v2\/product\/345828","targetHints":{"allow":["GET"]}}],"collection":[{"href":"https:\/\/www.claret.cat\/es\/wp-json\/wp\/v2\/product"}],"about":[{"href":"https:\/\/www.claret.cat\/es\/wp-json\/wp\/v2\/types\/product"}],"wp:featuredmedia":[{"embeddable":true,"href":"https:\/\/www.claret.cat\/es\/wp-json\/wp\/v2\/media\/345846"}],"wp:attachment":[{"href":"https:\/\/www.claret.cat\/es\/wp-json\/wp\/v2\/media?parent=345828"}],"wp:term":[{"taxonomy":"product_brand","embeddable":true,"href":"https:\/\/www.claret.cat\/es\/wp-json\/wp\/v2\/product_brand?post=345828"},{"taxonomy":"product_cat","embeddable":true,"href":"https:\/\/www.claret.cat\/es\/wp-json\/wp\/v2\/product_cat?post=345828"},{"taxonomy":"product_tag","embeddable":true,"href":"https:\/\/www.claret.cat\/es\/wp-json\/wp\/v2\/product_tag?post=345828"}],"curies":[{"name":"wp","href":"https:\/\/api.w.org\/{rel}","templated":true}]}}