{"id":345850,"date":"2023-01-13T23:30:10","date_gmt":"2023-01-13T22:30:10","guid":{"rendered":"https:\/\/www.claret.cat\/llibre\/la-sabiduria-de-vivir-9788433022745\/"},"modified":"2025-09-19T18:07:40","modified_gmt":"2025-09-19T16:07:40","slug":"la-sabiduria-de-vivir-9788433022745","status":"publish","type":"product","link":"https:\/\/www.claret.cat\/es\/libro\/la-sabiduria-de-vivir-9788433022745\/","title":{"rendered":"LA SABIDUR\u00cdA DE VIVIR"},"content":{"rendered":"<p>Desde las diferentes facetas de la sabidur\u00eda podemos encarar los acontecimientos que la vida nos presenta con otra mirada. <br \/>Mirar lo que sucede con los ojos de la sabidur\u00eda es vaciar nuestra mirada de contenidos, de prejuicios, de temores, de rencores, de ansiedad o de culpa. <br \/>Mirar lo que sucede con los ojos de la sabidur\u00eda es llenar nuestra mirada de sencillez, transparencia, asombro, alegr\u00eda, inocencia y paz. <br \/>La sabidur\u00eda es como un camino que nos adentra en el coraz\u00f3n de las cosas. Cumple su funci\u00f3n m\u00e1s esencial cuando nos ense\u00f1a a vivir y nos instruye a partir de cuanto vivimos. No hay arte que supere a los modos creativos de conducir la propia existencia. Las cosas de todos los d\u00edas, la vida sencilla y cotidiana est\u00e1 llamada a ser nuestro mejor lienzo, nuestra mejor sinfon\u00eda o nuestro mejor poema. <br \/>Cada p\u00e1gina de este libro se ofrece al lector o lectora como una nota que pueda ser transcrita en la partitura de la propia vida, como algo que no sepa a mera erudici\u00f3n sino a fruto sabroso que alimente, porque vano es el conocimiento que no remedia ning\u00fan sufrimiento o que no propicia alegr\u00eda alguna. No es necesario seguir una lectura ordenada y lineal. F\u00edate de la sabidur\u00eda de tus dedos que, con toda seguridad, abrir\u00e1n el libro y pondr\u00e1n ante ti la p\u00e1gina que precises en cada momento.<\/p>\n","protected":false},"excerpt":{"rendered":"<p>TORO, JOS\u00c9 MAR\u00cdA<\/p>\n","protected":false},"featured_media":0,"template":"","meta":{"_acf_changed":false,"om_disable_all_campaigns":false,"rs_blank_template":"","rs_page_bg_color":"","slide_template_v7":"","inline_featured_image":false,"_monsterinsights_skip_tracking":false,"_monsterinsights_sitenote_active":false,"_monsterinsights_sitenote_note":"","_monsterinsights_sitenote_category":0},"product_brand":[],"product_cat":[449,181,497,248,288,514,394,236],"product_tag":[],"class_list":{"0":"post-345850","1":"product","2":"type-product","3":"status-publish","5":"product_cat-de-la-personalidad-y-del-desarrollo","6":"product_cat-de-la-personalitat-i-del-desenvolupament","7":"product_cat-meditaciones","8":"product_cat-meditacions","9":"product_cat-moral-fonamental","10":"product_cat-moral-fundamental","11":"product_cat-vida-cotidiana","12":"product_cat-vida-quotidiana","14":"first","15":"instock","16":"taxable","17":"shipping-taxable","18":"purchasable","19":"product-type-simple"},"acf":{"editorial":[{"ID":6179,"post_author":"3","post_date":"2022-07-28 17:46:36","post_date_gmt":"2022-07-28 15:46:36","post_content":"","post_title":"DESCLEE DE BROUWER","post_excerpt":"","post_status":"publish","comment_status":"closed","ping_status":"closed","post_password":"","post_name":"desclee-de-brouwer","to_ping":"","pinged":"","post_modified":"2022-07-28 17:46:36","post_modified_gmt":"2022-07-28 15:46:36","post_content_filtered":"","post_parent":0,"guid":"http:\/\/dev.claret.cat\/editorial\/desclee-de-brouwer\/","menu_order":0,"post_type":"editorial","post_mime_type":"","comment_count":"0","filter":"raw"}],"autores-libros":[{"ID":160499,"post_author":"3","post_date":"2022-10-14 15:53:34","post_date_gmt":"2022-10-14 13:53:34","post_content":"","post_title":"JOSE MARIA TORO","post_excerpt":"","post_status":"publish","comment_status":"closed","ping_status":"closed","post_password":"","post_name":"jose-maria-toro","to_ping":"","pinged":"","post_modified":"2022-10-14 15:53:34","post_modified_gmt":"2022-10-14 13:53:34","post_content_filtered":"","post_parent":0,"guid":"http:\/\/dev.claret.cat\/autor\/jose-maria-toro\/","menu_order":0,"post_type":"autor","post_mime_type":"","comment_count":"0","filter":"raw"}],"autor":"TORO, JOS\u00c9 MAR\u00cdA","codart":"843302274","libros-coleccion":"A los cuatro vientos","ediciones":"1","encuadernacion":"R\u00fastica","fecha_de_publicacion":"17\/11\/2008","novedad":"0","paginas":"264","subtitulo":"","orden":"999","portada":"0","idioma":"spa","booktrailer":"","resenas":""},"aioseo_notices":[],"_links":{"self":[{"href":"https:\/\/www.claret.cat\/es\/wp-json\/wp\/v2\/product\/345850","targetHints":{"allow":["GET"]}}],"collection":[{"href":"https:\/\/www.claret.cat\/es\/wp-json\/wp\/v2\/product"}],"about":[{"href":"https:\/\/www.claret.cat\/es\/wp-json\/wp\/v2\/types\/product"}],"wp:attachment":[{"href":"https:\/\/www.claret.cat\/es\/wp-json\/wp\/v2\/media?parent=345850"}],"wp:term":[{"taxonomy":"product_brand","embeddable":true,"href":"https:\/\/www.claret.cat\/es\/wp-json\/wp\/v2\/product_brand?post=345850"},{"taxonomy":"product_cat","embeddable":true,"href":"https:\/\/www.claret.cat\/es\/wp-json\/wp\/v2\/product_cat?post=345850"},{"taxonomy":"product_tag","embeddable":true,"href":"https:\/\/www.claret.cat\/es\/wp-json\/wp\/v2\/product_tag?post=345850"}],"curies":[{"name":"wp","href":"https:\/\/api.w.org\/{rel}","templated":true}]}}