{"id":346138,"date":"2023-01-14T00:22:09","date_gmt":"2023-01-13T23:22:09","guid":{"rendered":"https:\/\/www.claret.cat\/llibre\/el-camino-abierto-por-jesus-marcos-9788433025227\/"},"modified":"2026-02-20T11:10:24","modified_gmt":"2026-02-20T10:10:24","slug":"el-camino-abierto-por-jesus-marcos-9788433025227","status":"publish","type":"product","link":"https:\/\/www.claret.cat\/es\/libro\/el-camino-abierto-por-jesus-marcos-9788433025227\/","title":{"rendered":"EL CAMINO ABIERTO POR JES\u00daS. MARCOS"},"content":{"rendered":"<p>Esta obra, que recoge algunas de los muchos comentarios a los textos de los cuatro evangelios publicados por el autor, est\u00e1 redactada con la finalidad de ayudar a entrar por el camino abierto por Jes\u00fas, centrando nuestra fe en el seguimiento a su persona. Un libro que nace de la voluntad de recuperar la buena Noticia de Jes\u00fas para los hombres y mujeres de nuestro tiempo. Con sus diecis\u00e9is cap\u00edtulos, el evangelio de Marcos es el m\u00e1s breve de todos. Tal vez por eso ocup\u00f3 durante mucho tiempo un discreto segundo plano. Hoy, sin embargo, ha adquirido gran inter\u00e9s, porque es el relato m\u00e1s antiguo sobre Jes\u00fas que ha llegado hasta nosotros. Adem\u00e1s, Mateo y Lucas lo asumieron como base de sus respectivos evangelios.<\/p>\n","protected":false},"excerpt":{"rendered":"<p>PAGOLA, JOS\u00c9 ANTONIO<\/p>\n","protected":false},"featured_media":346139,"template":"","meta":{"_acf_changed":false,"om_disable_all_campaigns":false,"rs_blank_template":"","rs_page_bg_color":"","slide_template_v7":"","inline_featured_image":false,"_monsterinsights_skip_tracking":false,"_monsterinsights_sitenote_active":false,"_monsterinsights_sitenote_note":"","_monsterinsights_sitenote_category":0},"product_brand":[],"product_cat":[202,463],"product_tag":[],"class_list":{"0":"post-346138","1":"product","2":"type-product","3":"status-publish","4":"has-post-thumbnail","6":"product_cat-introduccio-n-t","7":"product_cat-introduccion-n-t","9":"first","10":"instock","11":"taxable","12":"shipping-taxable","13":"purchasable","14":"product-type-simple"},"acf":{"editorial":[{"ID":6179,"post_author":"3","post_date":"2022-07-28 17:46:36","post_date_gmt":"2022-07-28 15:46:36","post_content":"","post_title":"DESCLEE DE BROUWER","post_excerpt":"","post_status":"publish","comment_status":"closed","ping_status":"closed","post_password":"","post_name":"desclee-de-brouwer","to_ping":"","pinged":"","post_modified":"2022-07-28 17:46:36","post_modified_gmt":"2022-07-28 15:46:36","post_content_filtered":"","post_parent":0,"guid":"http:\/\/dev.claret.cat\/editorial\/desclee-de-brouwer\/","menu_order":0,"post_type":"editorial","post_mime_type":"","comment_count":"0","filter":"raw"}],"autores-libros":[{"ID":166497,"post_author":"3","post_date":"2022-10-14 18:03:44","post_date_gmt":"2022-10-14 16:03:44","post_content":"","post_title":"PAGOLA, JOS\u00c9 ANTONIO","post_excerpt":"","post_status":"publish","comment_status":"closed","ping_status":"closed","post_password":"","post_name":"pagola-jose-antonio","to_ping":"","pinged":"","post_modified":"2022-10-14 18:03:44","post_modified_gmt":"2022-10-14 16:03:44","post_content_filtered":"","post_parent":0,"guid":"http:\/\/dev.claret.cat\/autor\/pagola-jose-antonio\/","menu_order":0,"post_type":"autor","post_mime_type":"","comment_count":"0","filter":"raw"}],"autor":"PAGOLA, JOS\u00c9 ANTONIO","codart":"843302522","libros-coleccion":"","ediciones":"1","encuadernacion":"R\u00fastica","fecha_de_publicacion":"22\/11\/2011","novedad":"0","paginas":"268","subtitulo":"","orden":"999","portada":"0","idioma":"spa","booktrailer":"","resenas":""},"aioseo_notices":[],"_links":{"self":[{"href":"https:\/\/www.claret.cat\/es\/wp-json\/wp\/v2\/product\/346138","targetHints":{"allow":["GET"]}}],"collection":[{"href":"https:\/\/www.claret.cat\/es\/wp-json\/wp\/v2\/product"}],"about":[{"href":"https:\/\/www.claret.cat\/es\/wp-json\/wp\/v2\/types\/product"}],"wp:featuredmedia":[{"embeddable":true,"href":"https:\/\/www.claret.cat\/es\/wp-json\/wp\/v2\/media\/346139"}],"wp:attachment":[{"href":"https:\/\/www.claret.cat\/es\/wp-json\/wp\/v2\/media?parent=346138"}],"wp:term":[{"taxonomy":"product_brand","embeddable":true,"href":"https:\/\/www.claret.cat\/es\/wp-json\/wp\/v2\/product_brand?post=346138"},{"taxonomy":"product_cat","embeddable":true,"href":"https:\/\/www.claret.cat\/es\/wp-json\/wp\/v2\/product_cat?post=346138"},{"taxonomy":"product_tag","embeddable":true,"href":"https:\/\/www.claret.cat\/es\/wp-json\/wp\/v2\/product_tag?post=346138"}],"curies":[{"name":"wp","href":"https:\/\/api.w.org\/{rel}","templated":true}]}}