{"id":346315,"date":"2023-01-14T00:38:48","date_gmt":"2023-01-13T23:38:48","guid":{"rendered":"https:\/\/www.claret.cat\/llibre\/como-superar-el-tabaco-el-alcohol-y-las-drogas-9788433026101\/"},"modified":"2025-09-19T17:07:14","modified_gmt":"2025-09-19T15:07:14","slug":"como-superar-el-tabaco-el-alcohol-y-las-drogas-9788433026101","status":"publish","type":"product","link":"https:\/\/www.claret.cat\/es\/libro\/como-superar-el-tabaco-el-alcohol-y-las-drogas-9788433026101\/","title":{"rendered":"C\u00d3MO SUPERAR EL TABACO, EL ALCOHOL Y LAS DROGAS"},"content":{"rendered":"<p>El libro que tienes en tus manos tiene una pretensi\u00f3n muy clara. Ayudar a todas las personas que quieren dejar de depender de algo, independientemente de que se trate de tabaco, alcohol, coca\u00edna&#8230; El texto frente al que te hallas ha sido confeccionado con una intenci\u00f3n pr\u00e1ctica y un lenguaje cercano y directo que permita entender de manera sencilla cu\u00e1les son las sensaciones, pensamientos, contradicciones y malestares por los que puede pasar alguien que est\u00e1 en proceso de dejar de consumir. Y digo bien, en proceso, porque el paso m\u00e1s dif\u00edcil es el que est\u00e1s dando ahora mismo al plantearte que quiz\u00e1s este libro pueda ayudarte.\u00a1\u00c1nimo, est\u00e1s en el buen camino!Miguel del Nogal Tom\u00e9 (Madrid, 1976) es licenciado en psicolog\u00eda, M\u00e1ster en psicolog\u00eda cl\u00ednica y de la salud, y especialista en drogodependencias; t\u00edtulos obtenidos por la Universidad Complutense, donde adem\u00e1s ha obtenido el Diploma de Estudios Avanzados (DEA) en psicolog\u00eda cl\u00ednica experimental. Compatibiliza su actividad cl\u00ednica (tanto con drogodependientes como con personas con problemas cotidianos), con la actividad docente, la lectura y la escritura, sus otras grandes pasiones.psicomanter@yahoo.es<\/p>\n","protected":false},"excerpt":{"rendered":"<p>NOGAL, MIGUEL DEL<\/p>\n","protected":false},"featured_media":346337,"template":"","meta":{"_acf_changed":false,"om_disable_all_campaigns":false,"rs_blank_template":"","rs_page_bg_color":"","slide_template_v7":"","inline_featured_image":false,"_monsterinsights_skip_tracking":false,"_monsterinsights_sitenote_active":false,"_monsterinsights_sitenote_note":"","_monsterinsights_sitenote_category":0},"product_brand":[],"product_cat":[90,540],"product_tag":[],"class_list":{"0":"post-346315","1":"product","2":"type-product","3":"status-publish","4":"has-post-thumbnail","6":"product_cat-altres","7":"product_cat-otros","9":"first","10":"instock","11":"taxable","12":"shipping-taxable","13":"purchasable","14":"product-type-simple"},"acf":{"editorial":[{"ID":6179,"post_author":"3","post_date":"2022-07-28 17:46:36","post_date_gmt":"2022-07-28 15:46:36","post_content":"","post_title":"DESCLEE DE BROUWER","post_excerpt":"","post_status":"publish","comment_status":"closed","ping_status":"closed","post_password":"","post_name":"desclee-de-brouwer","to_ping":"","pinged":"","post_modified":"2022-07-28 17:46:36","post_modified_gmt":"2022-07-28 15:46:36","post_content_filtered":"","post_parent":0,"guid":"http:\/\/dev.claret.cat\/editorial\/desclee-de-brouwer\/","menu_order":0,"post_type":"editorial","post_mime_type":"","comment_count":"0","filter":"raw"}],"autores-libros":[{"ID":346314,"post_author":"3","post_date":"2023-01-14 00:38:46","post_date_gmt":"2023-01-13 23:38:46","post_content":"","post_title":"MIGUEL DEL NOGAL","post_excerpt":"","post_status":"publish","comment_status":"closed","ping_status":"closed","post_password":"","post_name":"miguel-del-nogal","to_ping":"","pinged":"","post_modified":"2023-01-14 00:38:46","post_modified_gmt":"2023-01-13 23:38:46","post_content_filtered":"","post_parent":0,"guid":"https:\/\/www.claret.cat\/autor\/miguel-del-nogal\/","menu_order":0,"post_type":"autor","post_mime_type":"","comment_count":"0","filter":"raw"}],"autor":"NOGAL, MIGUEL DEL","codart":"843302610","libros-coleccion":"","ediciones":"1","encuadernacion":"R\u00fastica","fecha_de_publicacion":"19\/12\/2012","novedad":"0","paginas":"128","subtitulo":"","orden":"999","portada":"0","idioma":"spa","booktrailer":"","resenas":""},"aioseo_notices":[],"_links":{"self":[{"href":"https:\/\/www.claret.cat\/es\/wp-json\/wp\/v2\/product\/346315","targetHints":{"allow":["GET"]}}],"collection":[{"href":"https:\/\/www.claret.cat\/es\/wp-json\/wp\/v2\/product"}],"about":[{"href":"https:\/\/www.claret.cat\/es\/wp-json\/wp\/v2\/types\/product"}],"wp:featuredmedia":[{"embeddable":true,"href":"https:\/\/www.claret.cat\/es\/wp-json\/wp\/v2\/media\/346337"}],"wp:attachment":[{"href":"https:\/\/www.claret.cat\/es\/wp-json\/wp\/v2\/media?parent=346315"}],"wp:term":[{"taxonomy":"product_brand","embeddable":true,"href":"https:\/\/www.claret.cat\/es\/wp-json\/wp\/v2\/product_brand?post=346315"},{"taxonomy":"product_cat","embeddable":true,"href":"https:\/\/www.claret.cat\/es\/wp-json\/wp\/v2\/product_cat?post=346315"},{"taxonomy":"product_tag","embeddable":true,"href":"https:\/\/www.claret.cat\/es\/wp-json\/wp\/v2\/product_tag?post=346315"}],"curies":[{"name":"wp","href":"https:\/\/api.w.org\/{rel}","templated":true}]}}