{"id":346347,"date":"2023-01-14T00:45:42","date_gmt":"2023-01-13T23:45:42","guid":{"rendered":"https:\/\/www.claret.cat\/llibre\/etica-y-responsabilidad-empresarial-9788433026163\/"},"modified":"2025-09-19T19:32:49","modified_gmt":"2025-09-19T17:32:49","slug":"etica-y-responsabilidad-empresarial-9788433026163","status":"publish","type":"product","link":"https:\/\/www.claret.cat\/es\/libro\/etica-y-responsabilidad-empresarial-9788433026163\/","title":{"rendered":"\u00c9TICA Y RESPONSABILIDAD EMPRESARIAL"},"content":{"rendered":"<p>Muchos ponen en duda que la \u00e9tica est\u00e9 presente en la actividad empresarial. Pese a la existencia de cursos de \u00e9tica en escuelas de negocios y facultades de ciencias de la administraci\u00f3n, pese a la aparici\u00f3n de cada vez m\u00e1s revistas especializadas, asociaciones y congresos dedicados a temas de \u00e9tica empresarial, persiste la sospecha de que la \u00e9tica est\u00e9 siendo utilizada para operaciones de lavado de imagen. Y es que esta proliferaci\u00f3n del discurso \u00e9tico empresarial contrasta con los hechos que salen a la luz una y otra vez en los medios de comunicaci\u00f3n, con m\u00e1s frecuencia en los periodos de crisis econ\u00f3mica. Naturalmente los autores de esta obra est\u00e1n convencidos de que es necesario desarrollar una \u00e9tica del mundo de la empresa. Ofrecen este manual como base para el aprendizaje de la \u00e9tica por parte de quienes se preparan para desarrollar su actividad profesional en la empresa y los negocios. No se busque en \u00e9l un estudio exhaustivo de ning\u00fan tema particular, sino una primera aproximaci\u00f3n en la que, lejos de intentar someter la realidad empresarial a criterios ajenos a la misma, se trata ante todo de descubrir la dimensi\u00f3n \u00e9tica inherente a la actividad econ\u00f3mica y empresarial. Desde ah\u00ed, se abre la discusi\u00f3n a las formas concretas de responsabilidad de la empresa ante los distintos grupos sociales que la afectan o son afectados por ella, sus stakeholders. Detr\u00e1s de este trabajo est\u00e1 la experiencia de los cuatro autores que han dedicado una buena parte de su actividad universitaria a la docencia de la \u00e9tica empresarial.<\/p>\n","protected":false},"excerpt":{"rendered":"<p>CAMACHO; FERN\u00c1NDEZ; GONZ\u00c1LEZ; MIRALLES<\/p>\n","protected":false},"featured_media":346369,"template":"","meta":{"_acf_changed":false,"om_disable_all_campaigns":false,"rs_blank_template":"","rs_page_bg_color":"","slide_template_v7":"","inline_featured_image":false,"_monsterinsights_skip_tracking":false,"_monsterinsights_sitenote_active":false,"_monsterinsights_sitenote_note":"","_monsterinsights_sitenote_category":0},"product_brand":[],"product_cat":[84,350],"product_tag":[],"class_list":{"0":"post-346347","1":"product","2":"type-product","3":"status-publish","4":"has-post-thumbnail","6":"product_cat-sociologia","7":"product_cat-sociologia-2_humanidades","9":"first","10":"instock","11":"taxable","12":"shipping-taxable","13":"purchasable","14":"product-type-simple"},"acf":{"editorial":[{"ID":6179,"post_author":"3","post_date":"2022-07-28 17:46:36","post_date_gmt":"2022-07-28 15:46:36","post_content":"","post_title":"DESCLEE DE BROUWER","post_excerpt":"","post_status":"publish","comment_status":"closed","ping_status":"closed","post_password":"","post_name":"desclee-de-brouwer","to_ping":"","pinged":"","post_modified":"2022-07-28 17:46:36","post_modified_gmt":"2022-07-28 15:46:36","post_content_filtered":"","post_parent":0,"guid":"http:\/\/dev.claret.cat\/editorial\/desclee-de-brouwer\/","menu_order":0,"post_type":"editorial","post_mime_type":"","comment_count":"0","filter":"raw"}],"autores-libros":[{"ID":157029,"post_author":"3","post_date":"2022-10-14 15:25:33","post_date_gmt":"2022-10-14 13:25:33","post_content":"","post_title":"GONZ\u00c1LEZ","post_excerpt":"","post_status":"publish","comment_status":"closed","ping_status":"closed","post_password":"","post_name":"gonzalez","to_ping":"","pinged":"","post_modified":"2022-10-14 15:25:33","post_modified_gmt":"2022-10-14 13:25:33","post_content_filtered":"","post_parent":0,"guid":"http:\/\/dev.claret.cat\/autor\/gonzalez\/","menu_order":0,"post_type":"autor","post_mime_type":"","comment_count":"0","filter":"raw"},{"ID":155765,"post_author":"3","post_date":"2022-10-14 15:15:27","post_date_gmt":"2022-10-14 13:15:27","post_content":"","post_title":"FERNANDEZ","post_excerpt":"","post_status":"publish","comment_status":"closed","ping_status":"closed","post_password":"","post_name":"fernandez","to_ping":"","pinged":"","post_modified":"2022-10-14 15:15:27","post_modified_gmt":"2022-10-14 13:15:27","post_content_filtered":"","post_parent":0,"guid":"http:\/\/dev.claret.cat\/autor\/fernandez\/","menu_order":0,"post_type":"autor","post_mime_type":"","comment_count":"0","filter":"raw"},{"ID":346345,"post_author":"3","post_date":"2023-01-14 00:45:39","post_date_gmt":"2023-01-13 23:45:39","post_content":"","post_title":"CAMACHO","post_excerpt":"","post_status":"publish","comment_status":"closed","ping_status":"closed","post_password":"","post_name":"camacho","to_ping":"","pinged":"","post_modified":"2023-01-14 00:45:39","post_modified_gmt":"2023-01-13 23:45:39","post_content_filtered":"","post_parent":0,"guid":"https:\/\/www.claret.cat\/autor\/camacho\/","menu_order":0,"post_type":"autor","post_mime_type":"","comment_count":"0","filter":"raw"},{"ID":346346,"post_author":"3","post_date":"2023-01-14 00:45:40","post_date_gmt":"2023-01-13 23:45:40","post_content":"","post_title":"MIRALLES","post_excerpt":"","post_status":"publish","comment_status":"closed","ping_status":"closed","post_password":"","post_name":"miralles","to_ping":"","pinged":"","post_modified":"2023-01-14 00:45:40","post_modified_gmt":"2023-01-13 23:45:40","post_content_filtered":"","post_parent":0,"guid":"https:\/\/www.claret.cat\/autor\/miralles\/","menu_order":0,"post_type":"autor","post_mime_type":"","comment_count":"0","filter":"raw"}],"autor":"CAMACHO; FERN\u00c1NDEZ; GONZ\u00c1LEZ; MIRALLES","codart":"843302616","libros-coleccion":"","ediciones":"1","encuadernacion":"R\u00fastica","fecha_de_publicacion":"22\/01\/2013","novedad":"0","paginas":"352","subtitulo":"","orden":"999","portada":"0","idioma":"spa","booktrailer":"","resenas":""},"aioseo_notices":[],"_links":{"self":[{"href":"https:\/\/www.claret.cat\/es\/wp-json\/wp\/v2\/product\/346347","targetHints":{"allow":["GET"]}}],"collection":[{"href":"https:\/\/www.claret.cat\/es\/wp-json\/wp\/v2\/product"}],"about":[{"href":"https:\/\/www.claret.cat\/es\/wp-json\/wp\/v2\/types\/product"}],"wp:featuredmedia":[{"embeddable":true,"href":"https:\/\/www.claret.cat\/es\/wp-json\/wp\/v2\/media\/346369"}],"wp:attachment":[{"href":"https:\/\/www.claret.cat\/es\/wp-json\/wp\/v2\/media?parent=346347"}],"wp:term":[{"taxonomy":"product_brand","embeddable":true,"href":"https:\/\/www.claret.cat\/es\/wp-json\/wp\/v2\/product_brand?post=346347"},{"taxonomy":"product_cat","embeddable":true,"href":"https:\/\/www.claret.cat\/es\/wp-json\/wp\/v2\/product_cat?post=346347"},{"taxonomy":"product_tag","embeddable":true,"href":"https:\/\/www.claret.cat\/es\/wp-json\/wp\/v2\/product_tag?post=346347"}],"curies":[{"name":"wp","href":"https:\/\/api.w.org\/{rel}","templated":true}]}}