{"id":346388,"date":"2023-01-14T00:56:19","date_gmt":"2023-01-13T23:56:19","guid":{"rendered":"https:\/\/www.claret.cat\/llibre\/cuidar-al-enfermo-9788433026309\/"},"modified":"2025-09-19T18:47:20","modified_gmt":"2025-09-19T16:47:20","slug":"cuidar-al-enfermo-9788433026309","status":"publish","type":"product","link":"https:\/\/www.claret.cat\/es\/libro\/cuidar-al-enfermo-9788433026309\/","title":{"rendered":"CUIDAR AL ENFERMO"},"content":{"rendered":"<p>Cuidar a la persona enferma, as\u00ed como del sufrimiento que acompa\u00f1a su camino vital, es tarea de cada uno de nosotros. Para poder realizarlo es importante amarla, pero tambi\u00e9n disponer de algunos conocimientos, no s\u00f3lo t\u00e9cnicos sino tambi\u00e9n psicol\u00f3gicos y relacionales.<br \/>\u00c9ste es un peque\u00f1o libro sobre la psicolog\u00eda del enfermo. Son migajas que podr\u00e1n ser de utilidad tanto para quitar un poco de miedo cuando vayamos a visitar a un enfermo y no sepamos qu\u00e9 decir, como para cometer alg\u00fan error menos cuando queramos ayudarle aunque creamos que no tenemos necesidad de aprender a hacerlo.<\/p>\n","protected":false},"excerpt":{"rendered":"<p>SANDRIN, LUCIANO<\/p>\n","protected":false},"featured_media":346389,"template":"","meta":{"_acf_changed":false,"om_disable_all_campaigns":false,"rs_blank_template":"","rs_page_bg_color":"","slide_template_v7":"","inline_featured_image":false,"_monsterinsights_skip_tracking":false,"_monsterinsights_sitenote_active":false,"_monsterinsights_sitenote_note":"","_monsterinsights_sitenote_category":0},"product_brand":[],"product_cat":[90,540],"product_tag":[],"class_list":{"0":"post-346388","1":"product","2":"type-product","3":"status-publish","4":"has-post-thumbnail","6":"product_cat-altres","7":"product_cat-otros","9":"first","10":"instock","11":"taxable","12":"shipping-taxable","13":"purchasable","14":"product-type-simple"},"acf":{"editorial":[{"ID":6179,"post_author":"3","post_date":"2022-07-28 17:46:36","post_date_gmt":"2022-07-28 15:46:36","post_content":"","post_title":"DESCLEE DE BROUWER","post_excerpt":"","post_status":"publish","comment_status":"closed","ping_status":"closed","post_password":"","post_name":"desclee-de-brouwer","to_ping":"","pinged":"","post_modified":"2022-07-28 17:46:36","post_modified_gmt":"2022-07-28 15:46:36","post_content_filtered":"","post_parent":0,"guid":"http:\/\/dev.claret.cat\/editorial\/desclee-de-brouwer\/","menu_order":0,"post_type":"editorial","post_mime_type":"","comment_count":"0","filter":"raw"}],"autores-libros":[{"ID":162599,"post_author":"3","post_date":"2022-10-14 17:32:18","post_date_gmt":"2022-10-14 15:32:18","post_content":"","post_title":"LUCIANO SANDRIN","post_excerpt":"","post_status":"publish","comment_status":"closed","ping_status":"closed","post_password":"","post_name":"luciano-sandrin","to_ping":"","pinged":"","post_modified":"2022-10-14 17:32:18","post_modified_gmt":"2022-10-14 15:32:18","post_content_filtered":"","post_parent":0,"guid":"http:\/\/dev.claret.cat\/autor\/luciano-sandrin\/","menu_order":0,"post_type":"autor","post_mime_type":"","comment_count":"0","filter":"raw"}],"autor":"SANDRIN, LUCIANO","codart":"843302630","libros-coleccion":"","ediciones":"1","encuadernacion":"R\u00fastica","fecha_de_publicacion":"26\/03\/2013","novedad":"0","paginas":"120","subtitulo":"MIGAJAS DE PSICOLOG\u00cdA","orden":"999","portada":"0","idioma":"spa","booktrailer":"","resenas":""},"aioseo_notices":[],"_links":{"self":[{"href":"https:\/\/www.claret.cat\/es\/wp-json\/wp\/v2\/product\/346388","targetHints":{"allow":["GET"]}}],"collection":[{"href":"https:\/\/www.claret.cat\/es\/wp-json\/wp\/v2\/product"}],"about":[{"href":"https:\/\/www.claret.cat\/es\/wp-json\/wp\/v2\/types\/product"}],"wp:featuredmedia":[{"embeddable":true,"href":"https:\/\/www.claret.cat\/es\/wp-json\/wp\/v2\/media\/346389"}],"wp:attachment":[{"href":"https:\/\/www.claret.cat\/es\/wp-json\/wp\/v2\/media?parent=346388"}],"wp:term":[{"taxonomy":"product_brand","embeddable":true,"href":"https:\/\/www.claret.cat\/es\/wp-json\/wp\/v2\/product_brand?post=346388"},{"taxonomy":"product_cat","embeddable":true,"href":"https:\/\/www.claret.cat\/es\/wp-json\/wp\/v2\/product_cat?post=346388"},{"taxonomy":"product_tag","embeddable":true,"href":"https:\/\/www.claret.cat\/es\/wp-json\/wp\/v2\/product_tag?post=346388"}],"curies":[{"name":"wp","href":"https:\/\/api.w.org\/{rel}","templated":true}]}}