{"id":34639,"date":"2022-10-02T17:51:04","date_gmt":"2022-10-02T15:51:04","guid":{"rendered":"http:\/\/dev.claret.cat\/producte\/lascens-de-daniel-bastida-la-caiguda-de-daniel-bastida\/"},"modified":"2023-10-06T08:10:59","modified_gmt":"2023-10-06T06:10:59","slug":"lascens-de-daniel-bastida-la-caiguda-de-daniel-bastida-9788418857782","status":"publish","type":"product","link":"https:\/\/www.claret.cat\/es\/libro\/lascens-de-daniel-bastida-la-caiguda-de-daniel-bastida-9788418857782\/","title":{"rendered":"L&#8217;ASCENS DE DANIEL BASTIDA \/ LA CAIGUDA DE DANIEL BASTIDA"},"content":{"rendered":"<p>Jordi Falgueres \u00e9s un detectiu d&#8221;estar per casa que rep enc\u00e0rrecs puntuals d&#8217;informar sobre altres persones. Un dia li demanen un informe sobre un tal Daniel Bastida, i qui li encarrega<br \/> \u2014el pare de l&#8217;amant del Daniel\u2014 no sap que tots dos es coneixen des de la inf\u00e0ncia. L&#8217;informador Falgueres aqu\u00ed viu un dilema: dir-li o no dir-li, a l&#8217;amic, que el sogre potencial<br \/> est\u00e0 confabulant contra ell. Aquest llibre desplega les dues possibilitats en dues novel\u00b7les, i d&#8217;aqu\u00ed se&#8217;n derivaran els destins de gl\u00f2ria o desgr\u00e0cia de Daniel Bastida. <\/p>\n<p> Joaquim Carb\u00f3 retrata amb ironia un paisatge cultural i sentimental, el de la Barcelona dels setanta i vuitanta, que va trepitjar i enriquir com pocs \u2014i tamb\u00e9 patir, una mica.<\/p>\n","protected":false},"excerpt":{"rendered":"<p>CARB\u00d3, JOAQUIM<\/p>\n","protected":false},"featured_media":51651,"template":"","meta":{"_acf_changed":false,"om_disable_all_campaigns":false,"rs_blank_template":"","rs_page_bg_color":"","slide_template_v7":"","inline_featured_image":false,"_monsterinsights_skip_tracking":false,"_monsterinsights_sitenote_active":false,"_monsterinsights_sitenote_note":"","_monsterinsights_sitenote_category":0},"product_brand":[],"product_cat":[127],"product_tag":[],"class_list":{"0":"post-34639","1":"product","2":"type-product","3":"status-publish","4":"has-post-thumbnail","6":"product_cat-novella-contemporania","8":"first","9":"instock","10":"taxable","11":"shipping-taxable","12":"purchasable","13":"product-type-simple"},"acf":{"autor":"CARB\u00d3, JOAQUIM","codart":"841885778","libros-coleccion":"Narratives","ediciones":"1","encuadernacion":"R\u00fastica","fecha_de_publicacion":"01\/09\/2022","novedad":"1","paginas":"280","subtitulo":"TEMPS OBERT XIV-XV","orden":"0","portada":"0","idioma":"cat","editorial":[{"ID":6222,"post_author":"3","post_date":"2022-07-28 17:47:31","post_date_gmt":"2022-07-28 15:47:31","post_content":"","post_title":"Editorial Comanegra","post_excerpt":"","post_status":"publish","comment_status":"closed","ping_status":"closed","post_password":"","post_name":"editorial-comanegra","to_ping":"","pinged":"","post_modified":"2022-07-28 17:47:31","post_modified_gmt":"2022-07-28 15:47:31","post_content_filtered":"","post_parent":0,"guid":"http:\/\/dev.claret.cat\/editorial\/editorial-comanegra\/","menu_order":0,"post_type":"editorial","post_mime_type":"","comment_count":"0","filter":"raw"}],"autores-libros":[{"ID":159492,"post_author":"3","post_date":"2022-10-14 15:45:17","post_date_gmt":"2022-10-14 13:45:17","post_content":"","post_title":"JOAQUIM CARB\u00d3","post_excerpt":"","post_status":"publish","comment_status":"closed","ping_status":"closed","post_password":"","post_name":"joaquim-carbo","to_ping":"","pinged":"","post_modified":"2022-10-14 15:45:17","post_modified_gmt":"2022-10-14 13:45:17","post_content_filtered":"","post_parent":0,"guid":"http:\/\/dev.claret.cat\/autor\/joaquim-carbo\/","menu_order":0,"post_type":"autor","post_mime_type":"","comment_count":"0","filter":"raw"}]},"aioseo_notices":[],"_links":{"self":[{"href":"https:\/\/www.claret.cat\/es\/wp-json\/wp\/v2\/product\/34639","targetHints":{"allow":["GET"]}}],"collection":[{"href":"https:\/\/www.claret.cat\/es\/wp-json\/wp\/v2\/product"}],"about":[{"href":"https:\/\/www.claret.cat\/es\/wp-json\/wp\/v2\/types\/product"}],"wp:featuredmedia":[{"embeddable":true,"href":"https:\/\/www.claret.cat\/es\/wp-json\/wp\/v2\/media\/51651"}],"wp:attachment":[{"href":"https:\/\/www.claret.cat\/es\/wp-json\/wp\/v2\/media?parent=34639"}],"wp:term":[{"taxonomy":"product_brand","embeddable":true,"href":"https:\/\/www.claret.cat\/es\/wp-json\/wp\/v2\/product_brand?post=34639"},{"taxonomy":"product_cat","embeddable":true,"href":"https:\/\/www.claret.cat\/es\/wp-json\/wp\/v2\/product_cat?post=34639"},{"taxonomy":"product_tag","embeddable":true,"href":"https:\/\/www.claret.cat\/es\/wp-json\/wp\/v2\/product_tag?post=34639"}],"curies":[{"name":"wp","href":"https:\/\/api.w.org\/{rel}","templated":true}]}}