{"id":34645,"date":"2022-10-02T17:51:10","date_gmt":"2022-10-02T15:51:10","guid":{"rendered":"http:\/\/dev.claret.cat\/producte\/calendari-montessori-2023\/"},"modified":"2025-10-20T19:52:18","modified_gmt":"2025-10-20T17:52:18","slug":"calendari-montessori-2023-9788413893662","status":"publish","type":"product","link":"https:\/\/www.claret.cat\/es\/libro\/calendari-montessori-2023-9788413893662\/","title":{"rendered":"CALENDARI MONTESSORI 2023"},"content":{"rendered":"<p>El vincle amb la natura i el pas del temps s\u00f3n molt importants per al desenvolupament dels infants. Aquest calendari ser\u00e0 la millor companyia perqu\u00e8 connectin amb l&#8221;entorn i les diferents estacions.<br \/> Quan Maria Montessori ens aconsella \u00abdonar el m\u00f3n\u00bb als nostres fills i a les nostres filles, es refereix al fet que els acompanyem en el descobriment del m\u00f3n que els envolta: els n\u00favols, els arbres, les flors, la neu i els canvis de la natura al llarg de l&#8221;any.<br \/> Cada mes cont\u00e9:<br \/> -Una activitat Montessori per fomentar l&#8221;autonomia i el desenvolupament dels nens i les nenes.<br \/> -Consells per als adults.<br \/> -Les dates m\u00e9s assenyalades.<br \/> -Un dia per mirar la lluna i escollir l&#8221;adhesiu que m\u00e9s s&#8221;hi assembli.<br \/> A part, tamb\u00e9 hi trobar\u00e0s:<br \/> -Com fabricar un molinet de vent\u00a0i una taula d&#8221;observaci\u00f3.<br \/> -Enganxines per destacar els dies especials per a tu.<br \/> Realitzat amb l&#8221;assessorament d&#8221;una guia Montessori.<\/p>\n","protected":false},"excerpt":{"rendered":"<p>FLORSDEFUM, ANNA<\/p>\n","protected":false},"featured_media":270448,"template":"","meta":{"_acf_changed":false,"om_disable_all_campaigns":false,"rs_blank_template":"","rs_page_bg_color":"","slide_template_v7":"","inline_featured_image":false,"_monsterinsights_skip_tracking":false,"_monsterinsights_sitenote_active":false,"_monsterinsights_sitenote_note":"","_monsterinsights_sitenote_category":0},"product_brand":[],"product_cat":[552,102],"product_tag":[],"class_list":{"0":"post-34645","1":"product","2":"type-product","3":"status-publish","4":"has-post-thumbnail","6":"product_cat-calendarios-y-agendas","7":"product_cat-calendaris-i-agendes","9":"first","10":"outofstock","11":"taxable","12":"shipping-taxable","13":"purchasable","14":"product-type-simple"},"acf":{"autor":"FLORSDEFUM, ANNA","codart":"841389366","libros-coleccion":"Montessori","ediciones":"1","encuadernacion":"Carpeta","fecha_de_publicacion":"01\/09\/2022","novedad":"0","paginas":"12","subtitulo":"","orden":"0","portada":"0","idioma":"cat","editorial":[{"ID":6249,"post_author":"3","post_date":"2022-07-28 17:48:09","post_date_gmt":"2022-07-28 15:48:09","post_content":"","post_title":"Estrella Polar","post_excerpt":"","post_status":"publish","comment_status":"closed","ping_status":"closed","post_password":"","post_name":"estrella-polar","to_ping":"","pinged":"","post_modified":"2022-07-28 17:48:09","post_modified_gmt":"2022-07-28 15:48:09","post_content_filtered":"","post_parent":0,"guid":"http:\/\/dev.claret.cat\/editorial\/estrella-polar\/","menu_order":0,"post_type":"editorial","post_mime_type":"","comment_count":"0","filter":"raw"}],"autores-libros":[{"ID":150568,"post_author":"3","post_date":"2022-10-14 14:34:00","post_date_gmt":"2022-10-14 12:34:00","post_content":"","post_title":"ANNA FLORSDEFUM","post_excerpt":"","post_status":"publish","comment_status":"closed","ping_status":"closed","post_password":"","post_name":"anna-florsdefum","to_ping":"","pinged":"","post_modified":"2022-10-14 14:34:00","post_modified_gmt":"2022-10-14 12:34:00","post_content_filtered":"","post_parent":0,"guid":"http:\/\/dev.claret.cat\/autor\/anna-florsdefum\/","menu_order":0,"post_type":"autor","post_mime_type":"","comment_count":"0","filter":"raw"}],"booktrailer":"","resenas":""},"aioseo_notices":[],"_links":{"self":[{"href":"https:\/\/www.claret.cat\/es\/wp-json\/wp\/v2\/product\/34645","targetHints":{"allow":["GET"]}}],"collection":[{"href":"https:\/\/www.claret.cat\/es\/wp-json\/wp\/v2\/product"}],"about":[{"href":"https:\/\/www.claret.cat\/es\/wp-json\/wp\/v2\/types\/product"}],"wp:featuredmedia":[{"embeddable":true,"href":"https:\/\/www.claret.cat\/es\/wp-json\/wp\/v2\/media\/270448"}],"wp:attachment":[{"href":"https:\/\/www.claret.cat\/es\/wp-json\/wp\/v2\/media?parent=34645"}],"wp:term":[{"taxonomy":"product_brand","embeddable":true,"href":"https:\/\/www.claret.cat\/es\/wp-json\/wp\/v2\/product_brand?post=34645"},{"taxonomy":"product_cat","embeddable":true,"href":"https:\/\/www.claret.cat\/es\/wp-json\/wp\/v2\/product_cat?post=34645"},{"taxonomy":"product_tag","embeddable":true,"href":"https:\/\/www.claret.cat\/es\/wp-json\/wp\/v2\/product_tag?post=34645"}],"curies":[{"name":"wp","href":"https:\/\/api.w.org\/{rel}","templated":true}]}}