{"id":346769,"date":"2023-01-14T01:40:53","date_gmt":"2023-01-14T00:40:53","guid":{"rendered":"https:\/\/www.claret.cat\/llibre\/sal-de-tu-mente-y-entra-en-tu-vida-para-adolescentes-una-guia-para-vivir-una-vi-spa-9788433028389\/"},"modified":"2025-09-19T16:30:03","modified_gmt":"2025-09-19T14:30:03","slug":"sal-de-tu-mente-y-entra-en-tu-vida-para-adolescentes-una-guia-para-vivir-una-vi-spa-9788433028389","status":"publish","type":"product","link":"https:\/\/www.claret.cat\/es\/libro\/sal-de-tu-mente-y-entra-en-tu-vida-para-adolescentes-una-guia-para-vivir-una-vi-spa-9788433028389\/","title":{"rendered":"SAL DE TU MENTE Y ENTRA EN TU VIDA PARA ADOLESCENTES. UNA GU\u00cdA PARA VIVIR UNA VI (SPA)"},"content":{"rendered":"<p>Los adolescentes se enfrentan a m\u00faltiples presiones y preocupaciones y son particularmente vulnerables a las consecuencias de las emociones y pensamientos negativos. En la escuela, en la familia o con los amigos, los adolescentes pueden experimentar un profundo nivel de estr\u00e9s y a menudo carecen de las herramientas psicol\u00f3gicas para lidiar con \u00e9l.<br \/> Los autores utilizan como base te\u00f3rica la Terapia de Aceptaci\u00f3n y Compromiso (ACT) y la adaptan a los adolescentes para ense\u00f1arles las habilidades que necesitan para vivir de un modo m\u00e1s sano y menos confuso:<br \/> -Estrategias de desarrollo de la atenci\u00f3n plena (mindfulness), para desarrollar la capacidad de observar las emociones y los pensamientos que surgen de la mente, sin fusionarse con ellos ni pretender evitarlos o modificarlos.<br \/> -Estrategias para descubrir los valores importantes para cada individuo y desarrollar los objetivos que nos permitan avanzar hacia ellos.<br \/> -Estrategias para decidir las acciones m\u00e1s coherentes con los valores seleccionados. <br \/> Deseo que este libro resulte de utilidad especialmente a los propios adolescentes, a sus padres, a los educadores y a los profesionales de la salud mental para mejorar el manejo de sus emociones, descubrir sus valores e impulsarles hacia una vida m\u00e1s plena y coherente.<br \/> Joseph V. Ciarrochi es profesor en el Instituto de Psicolog\u00eda Positiva y Educaci\u00f3n de la Universidad Cat\u00f3lica de Australia. Ha publicado m\u00e1s de 100 art\u00edculos cient\u00edficos en revistas y numerosos libros.<br \/> Louise L. Hayes es formadora y conferenciante internacional experta en ACT, psic\u00f3loga cl\u00ednica e investigadora en la Universidad de Melbourne.<br \/> Ann Bailey es una experimentada terapeuta de aceptaci\u00f3n y compromiso, especializada en la integraci\u00f3n de la ACT, la Terapia Cognitivo Conductual y la Terapia Dial\u00e9ctica Conductual.<\/p>\n","protected":false},"excerpt":{"rendered":"<p>CIARROCHI, JOSEPH \/ HAYES, LOUISE \/ BAILEY, ANN<\/p>\n","protected":false},"featured_media":347429,"template":"","meta":{"_acf_changed":false,"om_disable_all_campaigns":false,"rs_blank_template":"","rs_page_bg_color":"","slide_template_v7":"","inline_featured_image":false,"_monsterinsights_skip_tracking":false,"_monsterinsights_sitenote_active":false,"_monsterinsights_sitenote_note":"","_monsterinsights_sitenote_category":0},"product_brand":[],"product_cat":[100,550],"product_tag":[],"class_list":{"0":"post-346769","1":"product","2":"type-product","3":"status-publish","4":"has-post-thumbnail","6":"product_cat-escola-de-pares","7":"product_cat-escuela-de-padres-3_infantil-juvenil-spa-spa","9":"first","10":"instock","11":"taxable","12":"shipping-taxable","13":"purchasable","14":"product-type-simple"},"acf":{"editorial":[{"ID":8232,"post_author":"3","post_date":"2022-09-30 09:21:20","post_date_gmt":"2022-09-30 07:21:20","post_content":"","post_title":"DESCLEE DE BROUWER","post_excerpt":"","post_status":"publish","comment_status":"closed","ping_status":"closed","post_password":"","post_name":"desclee-de-brouwer-2","to_ping":"","pinged":"","post_modified":"2022-09-30 09:21:20","post_modified_gmt":"2022-09-30 07:21:20","post_content_filtered":"","post_parent":0,"guid":"http:\/\/dev.claret.cat\/editorial\/desclee-de-brouwer-2\/","menu_order":0,"post_type":"editorial","post_mime_type":"","comment_count":"0","filter":"raw"}],"autores-libros":[{"ID":346767,"post_author":"3","post_date":"2023-01-14 01:40:49","post_date_gmt":"2023-01-14 00:40:49","post_content":"","post_title":"JOSEPH CIARROCHI","post_excerpt":"","post_status":"publish","comment_status":"closed","ping_status":"closed","post_password":"","post_name":"joseph-ciarrochi","to_ping":"","pinged":"","post_modified":"2023-01-14 01:40:49","post_modified_gmt":"2023-01-14 00:40:49","post_content_filtered":"","post_parent":0,"guid":"https:\/\/www.claret.cat\/autor\/joseph-ciarrochi\/","menu_order":0,"post_type":"autor","post_mime_type":"","comment_count":"0","filter":"raw"},{"ID":346768,"post_author":"3","post_date":"2023-01-14 01:40:50","post_date_gmt":"2023-01-14 00:40:50","post_content":"","post_title":"LOUISE HAYES","post_excerpt":"","post_status":"publish","comment_status":"closed","ping_status":"closed","post_password":"","post_name":"louise-hayes","to_ping":"","pinged":"","post_modified":"2023-01-14 01:40:50","post_modified_gmt":"2023-01-14 00:40:50","post_content_filtered":"","post_parent":0,"guid":"https:\/\/www.claret.cat\/autor\/louise-hayes\/","menu_order":0,"post_type":"autor","post_mime_type":"","comment_count":"0","filter":"raw"},{"ID":346766,"post_author":"3","post_date":"2023-01-14 01:40:47","post_date_gmt":"2023-01-14 00:40:47","post_content":"","post_title":"ANN BAILEY","post_excerpt":"","post_status":"publish","comment_status":"closed","ping_status":"closed","post_password":"","post_name":"ann-bailey","to_ping":"","pinged":"","post_modified":"2023-01-14 01:40:47","post_modified_gmt":"2023-01-14 00:40:47","post_content_filtered":"","post_parent":0,"guid":"https:\/\/www.claret.cat\/autor\/ann-bailey\/","menu_order":0,"post_type":"autor","post_mime_type":"","comment_count":"0","filter":"raw"}],"autor":"CIARROCHI, JOSEPH \/ HAYES, LOUISE \/ BAILEY, ANN","codart":"843302838","libros-coleccion":"","ediciones":"1","encuadernacion":"R\u00fastica","fecha_de_publicacion":"01\/03\/2016","novedad":"0","paginas":"0","subtitulo":"","orden":"999","portada":"0","idioma":"spa","booktrailer":"","resenas":""},"aioseo_notices":[],"_links":{"self":[{"href":"https:\/\/www.claret.cat\/es\/wp-json\/wp\/v2\/product\/346769","targetHints":{"allow":["GET"]}}],"collection":[{"href":"https:\/\/www.claret.cat\/es\/wp-json\/wp\/v2\/product"}],"about":[{"href":"https:\/\/www.claret.cat\/es\/wp-json\/wp\/v2\/types\/product"}],"wp:featuredmedia":[{"embeddable":true,"href":"https:\/\/www.claret.cat\/es\/wp-json\/wp\/v2\/media\/347429"}],"wp:attachment":[{"href":"https:\/\/www.claret.cat\/es\/wp-json\/wp\/v2\/media?parent=346769"}],"wp:term":[{"taxonomy":"product_brand","embeddable":true,"href":"https:\/\/www.claret.cat\/es\/wp-json\/wp\/v2\/product_brand?post=346769"},{"taxonomy":"product_cat","embeddable":true,"href":"https:\/\/www.claret.cat\/es\/wp-json\/wp\/v2\/product_cat?post=346769"},{"taxonomy":"product_tag","embeddable":true,"href":"https:\/\/www.claret.cat\/es\/wp-json\/wp\/v2\/product_tag?post=346769"}],"curies":[{"name":"wp","href":"https:\/\/api.w.org\/{rel}","templated":true}]}}