{"id":34726,"date":"2022-10-02T17:52:33","date_gmt":"2022-10-02T15:52:33","guid":{"rendered":"http:\/\/dev.claret.cat\/producte\/jesus-quien-eres-tu-tu-eres-el-mesias-ciclo-a-carpeta-del-nino\/"},"modified":"2024-05-02T05:26:18","modified_gmt":"2024-05-02T03:26:18","slug":"jesus-quien-eres-tu-tu-eres-el-mesias-ciclo-a-carpeta-del-nino-9788428838955","status":"publish","type":"product","link":"https:\/\/www.claret.cat\/es\/libro\/jesus-quien-eres-tu-tu-eres-el-mesias-ciclo-a-carpeta-del-nino-9788428838955\/","title":{"rendered":"JES\u00daS, \u00bfQUI\u00c9N ERES T\u00da? T\u00da ERES EL MES\u00cdAS. CICLO A. CARPETA DEL NI\u00d1O"},"content":{"rendered":"<p>Es la carpeta que contiene los contenidos para la catequesis de\u00a0Iniciaci\u00f3n Cristiana de Ni\u00f1os\u00a0de la archidi\u00f3cesis de Madrid correspondiente al\u00a0ciclo A.Se compone de 7 cuadernos de catequesis, 1 cuaderno de celebraciones y 1 folleto de presentaci\u00f3n que contiene la licencia digital del catequizando.Cada cuaderno de catequesis tiene tres partes:\u00a0Primera parte.\u00a0Jes\u00fas\u00a0(pre-catequesis para buscar y encauzar el camino), que se compone de dos secciones: Vemos:\u00a0Una pel\u00edcula nos ayuda a comenzar a hacernos preguntas. No me digas:\u00a0Historias, narraciones, cuentos&#8230; te ayudar\u00e1n a hacer a\u00fan m\u00e1s preguntas.Segunda parte. Jes\u00fas, \u00bfqui\u00e9n eres t\u00fa?\u00a0(Anuncio del evangelio para buscar y encontrar la verdad), que se compone de tres secciones: Orar con el coraz\u00f3n:\u00a0Nos preparamos para recibir la Palabra de Dios. Orar con la Palabra:\u00a0Es \u00e9l, que quiere hoy y aqu\u00ed hablar contigo. Orar juntos:\u00a0Hacemos caso a esta Palabra en catequesis y en nuestra vida.Tercera parte. Jes\u00fas, \u00bfqui\u00e9n eres t\u00fa? T\u00fa eres el Mes\u00edas\u00a0(catequesis formativas para buscar y encontrar la vida nueva desde la fe), que se compone de 10 secciones: Abre los ojos:\u00a0Te invitamos a entrar y tener los ojos abiertos. Rezamos:\u00a0Rezamos con nuestras propias palabras y de manera sencilla. Aprendemos:\u00a0Saber nunca est\u00e1 de m\u00e1s, sobre todo si es sobre Dios. Cuidamos:\u00a0La vida, la naturaleza, a los dem\u00e1s, a nosotros mismos. Imitamos:\u00a0Nos fijamos en el ejemplo de vida de estos personajes b\u00edblicos. Aprendemos a rezar:\u00a0Con las oraciones de siempre. Compartimos:\u00a0Con otros el deseo y el esfuerzo por hacer un mundo mejor. Participamos:\u00a0Para cambiar las cosas empezando por nosotros mismos. Celebramos:\u00a0La misa, paso a paso. Mi respuesta:\u00a0Lo m\u00e1s importante que he vivido con esta catequesis y que me llevo a casa para compartir en familia.El material nos da acceso a una plataforma digital con el material del proyecto, acceso a los distintos recursos digitales\u00a0y posibilidad de interacci\u00f3n entre el catequista y los catequizandos.Todos los recursos digitales est\u00e1n igualmente disponibles en los propios cuadernos a trav\u00e9s de los QR.El proyecto de Iniciaci\u00f3n Cristiana de Ni\u00f1os se compone de tres carpetas (ciclo A, ciclo B y ciclo C).\u00a0Este orden lit\u00fargico por ciclos pretende facilitar el trabajo del equipo de catequistas de esta primera etapa, en el que\u00a0todos los grupos trabajar\u00e1n los mismos cuadernos c\u00edclicamente.<\/p>\n","protected":false},"excerpt":{"rendered":"<p>ARCHIDI\u00d3CESIS DE MADRID<\/p>\n","protected":false},"featured_media":338465,"template":"","meta":{"_acf_changed":false,"om_disable_all_campaigns":false,"rs_blank_template":"","rs_page_bg_color":"","slide_template_v7":"","inline_featured_image":false,"_monsterinsights_skip_tracking":false,"_monsterinsights_sitenote_active":false,"_monsterinsights_sitenote_note":"","_monsterinsights_sitenote_category":0},"product_brand":[],"product_cat":[484,228,479,220],"product_tag":[],"class_list":{"0":"post-34726","1":"product","2":"type-product","3":"status-publish","4":"has-post-thumbnail","6":"product_cat-dosieres","7":"product_cat-dossiers","8":"product_cat-juvenil-catequesis-1_espiritualidad","9":"product_cat-juvenil-catequesi","11":"first","12":"instock","13":"taxable","14":"shipping-taxable","15":"purchasable","16":"product-type-simple"},"acf":{"autor":"ARCHIDI\u00d3CESIS DE MADRID","codart":"842883895","libros-coleccion":"Catequesis Madrid","ediciones":"1","encuadernacion":"R\u00fastica","fecha_de_publicacion":"15\/09\/2022","novedad":"1","paginas":"200","subtitulo":"CICLO A. CARPETA DEL NI\u00d1O","orden":"0","portada":"0","idioma":"spa","editorial":[{"ID":6335,"post_author":"3","post_date":"2022-07-28 17:49:59","post_date_gmt":"2022-07-28 15:49:59","post_content":"","post_title":"PPC altres","post_excerpt":"","post_status":"publish","comment_status":"closed","ping_status":"closed","post_password":"","post_name":"ppc-altres","to_ping":"","pinged":"","post_modified":"2022-07-28 17:49:59","post_modified_gmt":"2022-07-28 15:49:59","post_content_filtered":"","post_parent":0,"guid":"http:\/\/dev.claret.cat\/editorial\/ppc-altres\/","menu_order":0,"post_type":"editorial","post_mime_type":"","comment_count":"0","filter":"raw"}],"autores-libros":[{"ID":5953,"post_author":"3","post_date":"2022-07-28 17:35:03","post_date_gmt":"2022-07-28 15:35:03","post_content":"","post_title":"PPC","post_excerpt":"","post_status":"publish","comment_status":"closed","ping_status":"closed","post_password":"","post_name":"ppc","to_ping":"","pinged":"","post_modified":"2022-07-28 17:35:03","post_modified_gmt":"2022-07-28 15:35:03","post_content_filtered":"","post_parent":0,"guid":"http:\/\/dev.claret.cat\/autor\/ppc\/","menu_order":0,"post_type":"autor","post_mime_type":"","comment_count":"0","filter":"raw"}]},"aioseo_notices":[],"_links":{"self":[{"href":"https:\/\/www.claret.cat\/es\/wp-json\/wp\/v2\/product\/34726","targetHints":{"allow":["GET"]}}],"collection":[{"href":"https:\/\/www.claret.cat\/es\/wp-json\/wp\/v2\/product"}],"about":[{"href":"https:\/\/www.claret.cat\/es\/wp-json\/wp\/v2\/types\/product"}],"wp:featuredmedia":[{"embeddable":true,"href":"https:\/\/www.claret.cat\/es\/wp-json\/wp\/v2\/media\/338465"}],"wp:attachment":[{"href":"https:\/\/www.claret.cat\/es\/wp-json\/wp\/v2\/media?parent=34726"}],"wp:term":[{"taxonomy":"product_brand","embeddable":true,"href":"https:\/\/www.claret.cat\/es\/wp-json\/wp\/v2\/product_brand?post=34726"},{"taxonomy":"product_cat","embeddable":true,"href":"https:\/\/www.claret.cat\/es\/wp-json\/wp\/v2\/product_cat?post=34726"},{"taxonomy":"product_tag","embeddable":true,"href":"https:\/\/www.claret.cat\/es\/wp-json\/wp\/v2\/product_tag?post=34726"}],"curies":[{"name":"wp","href":"https:\/\/api.w.org\/{rel}","templated":true}]}}