{"id":347508,"date":"2023-01-14T02:37:51","date_gmt":"2023-01-14T01:37:51","guid":{"rendered":"https:\/\/www.claret.cat\/llibre\/diccionario-critico-de-teologia-9788446012092\/"},"modified":"2024-05-24T00:18:02","modified_gmt":"2024-05-23T22:18:02","slug":"diccionario-critico-de-teologia-9788446012092","status":"publish","type":"product","link":"https:\/\/www.claret.cat\/es\/libro\/diccionario-critico-de-teologia-9788446012092\/","title":{"rendered":"DICCIONARIO CR\u00cdTICO DE TEOLOG\u00cdA"},"content":{"rendered":"<p>Destinado a ser un diccionario de obligada referencia, este complet\u00edsimo y extraordinario volumen compendia m\u00e1s de dos mil a\u00f1os de historia del pensamiento y la cultura cristianos. <br \/>Las voces y art\u00edculos que lo componen logran transmitir la complejidad de la historia de la teolog\u00eda, con todos los debates te\u00f3ricos y los conflictos humanos que los nutrieron, mostrando el inter\u00e9s de la misma, dentro de su multiplicidad, por proponer un principio de interpretaci\u00f3n de nuestra humanidad, de nuestra ciencia, de nuestra moral, de nuestra vida y de nuestra muerte.<br \/>Con m\u00e1s de 500 entradas redactadas por reconocidos especialistas en la materia, conceptos, sujetos, escuelas y corrientes de pensamiento encuentran su lugar y explicaci\u00f3n en la divisi\u00f3n alfab\u00e9tica del diccionario, as\u00ed como en el correspondiente \u00edndice anal\u00edtico y cr\u00edtico.<\/p>\n","protected":false},"excerpt":{"rendered":"<p>LACOSTE, JEAN-YVES<\/p>\n","protected":false},"featured_media":347509,"template":"","meta":{"_acf_changed":false,"om_disable_all_campaigns":false,"rs_blank_template":"","rs_page_bg_color":"","slide_template_v7":"","inline_featured_image":false,"_monsterinsights_skip_tracking":false,"_monsterinsights_sitenote_active":false,"_monsterinsights_sitenote_note":"","_monsterinsights_sitenote_category":0},"product_brand":[],"product_cat":[521,295,415,277,275,413],"product_tag":[],"class_list":{"0":"post-347508","1":"product","2":"type-product","3":"status-publish","4":"has-post-thumbnail","6":"product_cat-diccionarios-y-manuales","7":"product_cat-diccionaris-i-manuals","8":"product_cat-dogmatica-teologia-1_espiritualidad","9":"product_cat-dogmatica","10":"product_cat-fonamental","11":"product_cat-fundamental","13":"first","14":"outofstock","15":"taxable","16":"shipping-taxable","17":"purchasable","18":"product-type-simple"},"acf":{"editorial":[{"ID":6115,"post_author":"3","post_date":"2022-07-28 17:45:13","post_date_gmt":"2022-07-28 15:45:13","post_content":"","post_title":"AKAL, EDICIONES S.A.","post_excerpt":"","post_status":"publish","comment_status":"closed","ping_status":"closed","post_password":"","post_name":"akal-ediciones-s-a","to_ping":"","pinged":"","post_modified":"2022-07-28 17:45:13","post_modified_gmt":"2022-07-28 15:45:13","post_content_filtered":"","post_parent":0,"guid":"http:\/\/dev.claret.cat\/editorial\/akal-ediciones-s-a\/","menu_order":0,"post_type":"editorial","post_mime_type":"","comment_count":"0","filter":"raw"}],"autores-libros":[{"ID":347507,"post_author":"3","post_date":"2023-01-14 02:37:48","post_date_gmt":"2023-01-14 01:37:48","post_content":"","post_title":"JEAN-YVES (dir) LACOSTE","post_excerpt":"","post_status":"publish","comment_status":"closed","ping_status":"closed","post_password":"","post_name":"jean-yves-dir-lacoste","to_ping":"","pinged":"","post_modified":"2023-01-14 02:37:48","post_modified_gmt":"2023-01-14 01:37:48","post_content_filtered":"","post_parent":0,"guid":"https:\/\/www.claret.cat\/autor\/jean-yves-dir-lacoste\/","menu_order":0,"post_type":"autor","post_mime_type":"","comment_count":"0","filter":"raw"}],"autor":"LACOSTE, JEAN-YVES","codart":"844601209","libros-coleccion":"Diccionarios AKAL","ediciones":"1","encuadernacion":"Carton\u00e9","fecha_de_publicacion":"02\/10\/2007","novedad":"0","paginas":"1360","subtitulo":"","orden":"999","portada":"0","idioma":"spa"},"aioseo_notices":[],"_links":{"self":[{"href":"https:\/\/www.claret.cat\/es\/wp-json\/wp\/v2\/product\/347508","targetHints":{"allow":["GET"]}}],"collection":[{"href":"https:\/\/www.claret.cat\/es\/wp-json\/wp\/v2\/product"}],"about":[{"href":"https:\/\/www.claret.cat\/es\/wp-json\/wp\/v2\/types\/product"}],"wp:featuredmedia":[{"embeddable":true,"href":"https:\/\/www.claret.cat\/es\/wp-json\/wp\/v2\/media\/347509"}],"wp:attachment":[{"href":"https:\/\/www.claret.cat\/es\/wp-json\/wp\/v2\/media?parent=347508"}],"wp:term":[{"taxonomy":"product_brand","embeddable":true,"href":"https:\/\/www.claret.cat\/es\/wp-json\/wp\/v2\/product_brand?post=347508"},{"taxonomy":"product_cat","embeddable":true,"href":"https:\/\/www.claret.cat\/es\/wp-json\/wp\/v2\/product_cat?post=347508"},{"taxonomy":"product_tag","embeddable":true,"href":"https:\/\/www.claret.cat\/es\/wp-json\/wp\/v2\/product_tag?post=347508"}],"curies":[{"name":"wp","href":"https:\/\/api.w.org\/{rel}","templated":true}]}}