{"id":34783,"date":"2022-10-02T17:53:27","date_gmt":"2022-10-02T15:53:27","guid":{"rendered":"http:\/\/dev.claret.cat\/producte\/mi-vocacion-es-el-amor-2\/"},"modified":"2024-05-30T17:42:00","modified_gmt":"2024-05-30T15:42:00","slug":"mi-vocacion-es-el-amor-9788470684999","status":"publish","type":"product","link":"https:\/\/www.claret.cat\/es\/libro\/mi-vocacion-es-el-amor-9788470684999\/","title":{"rendered":"MI VOCACI\u00d3N ES EL AMOR"},"content":{"rendered":"<p>\u00abLa irradiaci\u00f3n espiritual de Teresa del Ni\u00f1o Jes\u00fas ha ido creciendo en la Iglesia y se ha extendido por todo el mundo. Su mensaje, a menudo sintetizado en el denominado \u201cpeque\u00f1o camino\u201d, no es sino el camino del Evangelio de la santidad para todos. Teresa es maestra de vida espiritual gracias a una doctrina, a la vez sencilla y profunda, que ha extra\u00eddo de las fuentes del Evangelio guiada por el Maestro divino, y que ha comunicado a hermanos y hermanas en la Iglesia con ampl\u00edsima eficacia. Bajo la influencia del Esp\u00edritu alcanz\u00f3 para s\u00ed y para los dem\u00e1s un profundo conocimiento de la Revelaci\u00f3n. Descubri\u00f3 as\u00ed tesoros escondidos, haciendo propios palabras y episodios, como cuando al leer los textos de Pablo, intuy\u00f3 su vocaci\u00f3n al amor\u00bb. (Juan Pablo II, La ciencia del amor divino).<\/p>\n","protected":false},"excerpt":{"rendered":"<p>LAFRANCE, JEAN<\/p>\n","protected":false},"featured_media":349792,"template":"","meta":{"_acf_changed":false,"om_disable_all_campaigns":false,"rs_blank_template":"","rs_page_bg_color":"","slide_template_v7":"","inline_featured_image":false,"_monsterinsights_skip_tracking":false,"_monsterinsights_sitenote_active":false,"_monsterinsights_sitenote_note":"","_monsterinsights_sitenote_category":0},"product_brand":[],"product_cat":[485,232,495,245],"product_tag":[],"class_list":{"0":"post-34783","1":"product","2":"type-product","3":"status-publish","4":"has-post-thumbnail","6":"product_cat-autores-espiritualidad-1_espiritualidad","7":"product_cat-autors-espiritualitat","8":"product_cat-diversa-espiritualidad-1_espiritualidad","9":"product_cat-diversa","11":"first","12":"instock","13":"taxable","14":"shipping-taxable","15":"purchasable","16":"product-type-simple"},"acf":{"autor":"LAFRANCE, JEAN","codart":"847068499","libros-coleccion":"","ediciones":"6","encuadernacion":"R\u00fastica","fecha_de_publicacion":"14\/09\/2022","novedad":"1","paginas":"202","subtitulo":"SANTA TERESA DE LISIEUX","orden":"0","portada":"0","idioma":"spa","editorial":[{"ID":148116,"post_author":"3","post_date":"2022-10-14 11:55:45","post_date_gmt":"2022-10-14 09:55:45","post_content":"","post_title":"ESPIRITUALIDAD","post_excerpt":"","post_status":"publish","comment_status":"closed","ping_status":"closed","post_password":"","post_name":"espiritualidad","to_ping":"","pinged":"","post_modified":"2022-10-14 11:55:45","post_modified_gmt":"2022-10-14 09:55:45","post_content_filtered":"","post_parent":0,"guid":"http:\/\/dev.claret.cat\/editorial\/espiritualidad\/","menu_order":0,"post_type":"editorial","post_mime_type":"","comment_count":"0","filter":"raw"}],"autores-libros":[{"ID":158853,"post_author":"3","post_date":"2022-10-14 15:40:07","post_date_gmt":"2022-10-14 13:40:07","post_content":"","post_title":"JEAN LAFRANCE","post_excerpt":"","post_status":"publish","comment_status":"closed","ping_status":"closed","post_password":"","post_name":"jean-lafrance","to_ping":"","pinged":"","post_modified":"2022-10-14 15:40:07","post_modified_gmt":"2022-10-14 13:40:07","post_content_filtered":"","post_parent":0,"guid":"http:\/\/dev.claret.cat\/autor\/jean-lafrance\/","menu_order":0,"post_type":"autor","post_mime_type":"","comment_count":"0","filter":"raw"}]},"aioseo_notices":[],"_links":{"self":[{"href":"https:\/\/www.claret.cat\/es\/wp-json\/wp\/v2\/product\/34783","targetHints":{"allow":["GET"]}}],"collection":[{"href":"https:\/\/www.claret.cat\/es\/wp-json\/wp\/v2\/product"}],"about":[{"href":"https:\/\/www.claret.cat\/es\/wp-json\/wp\/v2\/types\/product"}],"wp:featuredmedia":[{"embeddable":true,"href":"https:\/\/www.claret.cat\/es\/wp-json\/wp\/v2\/media\/349792"}],"wp:attachment":[{"href":"https:\/\/www.claret.cat\/es\/wp-json\/wp\/v2\/media?parent=34783"}],"wp:term":[{"taxonomy":"product_brand","embeddable":true,"href":"https:\/\/www.claret.cat\/es\/wp-json\/wp\/v2\/product_brand?post=34783"},{"taxonomy":"product_cat","embeddable":true,"href":"https:\/\/www.claret.cat\/es\/wp-json\/wp\/v2\/product_cat?post=34783"},{"taxonomy":"product_tag","embeddable":true,"href":"https:\/\/www.claret.cat\/es\/wp-json\/wp\/v2\/product_tag?post=34783"}],"curies":[{"name":"wp","href":"https:\/\/api.w.org\/{rel}","templated":true}]}}