{"id":347991,"date":"2023-01-14T03:47:34","date_gmt":"2023-01-14T02:47:34","guid":{"rendered":"https:\/\/www.claret.cat\/llibre\/el-principe-9788446031420\/"},"modified":"2026-02-23T18:55:17","modified_gmt":"2026-02-23T17:55:17","slug":"el-principe-9788446031420","status":"publish","type":"product","link":"https:\/\/www.claret.cat\/es\/libro\/el-principe-9788446031420\/","title":{"rendered":"EL PRINCIPE"},"content":{"rendered":"<p>En los duros momentos de su reclusi\u00f3n en San Casciano, acusado de conspiraci\u00f3n contra los M\u00e9dici, Maquiavelo compuso este tratado de doctrina pol\u00edtica con la finalidad tanto de alcanzar el favor de aquellos que le hab\u00edan privado de la libertad y recuperar su antiguo empleo de canciller como de ser \u00fatil a Florencia. En &#8216;El Pr\u00edncipe&#8217; recogi\u00f3 sus reflexiones, experiencias personales y ejemplos hist\u00f3ricos destinados a cimentar sobre bases s\u00f3lidas el poder del futuro gobernante, un pr\u00edncipe que llevase a cabo el sue\u00f1o de Julio II: la liberaci\u00f3n de Italia de los &#8216;b\u00e1rbaros&#8217;. Y lo dedic\u00f3 a Lorenzo de M\u00e9dici. Su fama de libro perverso, de manual de d\u00e9spotas, y la pol\u00e9mica interpretaci\u00f3n todav\u00eda no cerrada sobre el verdadero fin y significado de sus palabras explican la fascinaci\u00f3n que esta obra sigue causando siglos despu\u00e9s de su publicaci\u00f3n.<\/p>\n","protected":false},"excerpt":{"rendered":"<p>MAQUIAVELO, NICOLAS<\/p>\n","protected":false},"featured_media":1085701,"template":"","meta":{"_acf_changed":false,"om_disable_all_campaigns":false,"rs_blank_template":"","rs_page_bg_color":"","slide_template_v7":"","inline_featured_image":false,"_monsterinsights_skip_tracking":false,"_monsterinsights_sitenote_active":false,"_monsterinsights_sitenote_note":"","_monsterinsights_sitenote_category":0},"product_brand":[],"product_cat":[84,350],"product_tag":[],"class_list":{"0":"post-347991","1":"product","2":"type-product","3":"status-publish","4":"has-post-thumbnail","6":"product_cat-sociologia","7":"product_cat-sociologia-2_humanidades","9":"first","10":"outofstock","11":"taxable","12":"shipping-taxable","13":"purchasable","14":"product-type-simple"},"acf":{"editorial":[{"ID":6115,"post_author":"3","post_date":"2022-07-28 17:45:13","post_date_gmt":"2022-07-28 15:45:13","post_content":"","post_title":"AKAL, EDICIONES S.A.","post_excerpt":"","post_status":"publish","comment_status":"closed","ping_status":"closed","post_password":"","post_name":"akal-ediciones-s-a","to_ping":"","pinged":"","post_modified":"2022-07-28 17:45:13","post_modified_gmt":"2022-07-28 15:45:13","post_content_filtered":"","post_parent":0,"guid":"http:\/\/dev.claret.cat\/editorial\/akal-ediciones-s-a\/","menu_order":0,"post_type":"editorial","post_mime_type":"","comment_count":"0","filter":"raw"}],"autores-libros":[{"ID":165838,"post_author":"3","post_date":"2022-10-14 17:58:21","post_date_gmt":"2022-10-14 15:58:21","post_content":"","post_title":"NICOLAS MAQUIAVELO","post_excerpt":"","post_status":"publish","comment_status":"closed","ping_status":"closed","post_password":"","post_name":"nicolas-maquiavelo","to_ping":"","pinged":"","post_modified":"2022-10-14 17:58:21","post_modified_gmt":"2022-10-14 15:58:21","post_content_filtered":"","post_parent":0,"guid":"http:\/\/dev.claret.cat\/autor\/nicolas-maquiavelo\/","menu_order":0,"post_type":"autor","post_mime_type":"","comment_count":"0","filter":"raw"}],"autor":"MAQUIAVELO, NICOLAS","codart":"844603142","libros-coleccion":"","ediciones":"1","encuadernacion":"R\u00fastica","fecha_de_publicacion":"01\/02\/2010","novedad":"0","paginas":"167","subtitulo":"","orden":"999","portada":"0","idioma":"spa","booktrailer":"","resenas":""},"aioseo_notices":[],"_links":{"self":[{"href":"https:\/\/www.claret.cat\/es\/wp-json\/wp\/v2\/product\/347991","targetHints":{"allow":["GET"]}}],"collection":[{"href":"https:\/\/www.claret.cat\/es\/wp-json\/wp\/v2\/product"}],"about":[{"href":"https:\/\/www.claret.cat\/es\/wp-json\/wp\/v2\/types\/product"}],"wp:featuredmedia":[{"embeddable":true,"href":"https:\/\/www.claret.cat\/es\/wp-json\/wp\/v2\/media\/1085701"}],"wp:attachment":[{"href":"https:\/\/www.claret.cat\/es\/wp-json\/wp\/v2\/media?parent=347991"}],"wp:term":[{"taxonomy":"product_brand","embeddable":true,"href":"https:\/\/www.claret.cat\/es\/wp-json\/wp\/v2\/product_brand?post=347991"},{"taxonomy":"product_cat","embeddable":true,"href":"https:\/\/www.claret.cat\/es\/wp-json\/wp\/v2\/product_cat?post=347991"},{"taxonomy":"product_tag","embeddable":true,"href":"https:\/\/www.claret.cat\/es\/wp-json\/wp\/v2\/product_tag?post=347991"}],"curies":[{"name":"wp","href":"https:\/\/api.w.org\/{rel}","templated":true}]}}