{"id":34831,"date":"2022-10-02T17:54:14","date_gmt":"2022-10-02T15:54:14","guid":{"rendered":"http:\/\/dev.claret.cat\/producte\/comedies\/"},"modified":"2025-01-31T22:52:54","modified_gmt":"2025-01-31T21:52:54","slug":"comedies-9788419179111","status":"publish","type":"product","link":"https:\/\/www.claret.cat\/es\/libro\/comedies-9788419179111\/","title":{"rendered":"COM\u00c8DIES"},"content":{"rendered":"<p>En aquest volum s&#8217;agrupen tres grans com\u00e8dies de Shakespeare, en la traducci\u00f3 can\u00f2nica de Salvador Oliva, per primera vegada en un sol volum. Escrites totes tres al voltant del 1600, s\u00f3n considerades entre les m\u00e9s enginyoses i, al mateix temps, m\u00e9s complexes de la seva extensa obra, una de les m\u00e9s celebrades i influents de tota la hist\u00f2ria de la literatura universal. La celebrada traducci\u00f3 d&#8217;Oliva suposa una fita en el llarg historial de traduccions a la nostra llengua de Shakespeare.<\/p>\n<p> Salvador Oliva (Banyoles, 1942), poeta, escriptor i professor a la Universitat de Girona, ha dedicat bona part de la seva vida a traduir i estudiar l&#8217;obra de William Shakespeare.<\/p>\n","protected":false},"excerpt":{"rendered":"<p>SHAKESPEARE, WILLIAM<\/p>\n","protected":false},"featured_media":51793,"template":"","meta":{"_acf_changed":false,"om_disable_all_campaigns":false,"rs_blank_template":"","rs_page_bg_color":"","slide_template_v7":"","inline_featured_image":false,"_monsterinsights_skip_tracking":false,"_monsterinsights_sitenote_active":false,"_monsterinsights_sitenote_note":"","_monsterinsights_sitenote_category":0},"product_brand":[],"product_cat":[354,123],"product_tag":[],"class_list":{"0":"post-34831","1":"product","2":"type-product","3":"status-publish","4":"has-post-thumbnail","6":"product_cat-clasica","7":"product_cat-classica","9":"first","10":"instock","11":"taxable","12":"shipping-taxable","13":"purchasable","14":"product-type-simple"},"acf":{"autor":"SHAKESPEARE, WILLIAM","codart":"841917911","libros-coleccion":"Ineludibles","ediciones":"1","encuadernacion":"Carton\u00e9","fecha_de_publicacion":"01\/03\/2022","novedad":"1","paginas":"472","subtitulo":"","orden":"0","portada":"0","idioma":"cat","editorial":[{"ID":6313,"post_author":"3","post_date":"2022-07-28 17:49:30","post_date_gmt":"2022-07-28 15:49:30","post_content":"","post_title":"Navona Editorial","post_excerpt":"","post_status":"publish","comment_status":"closed","ping_status":"closed","post_password":"","post_name":"navona-editorial","to_ping":"","pinged":"","post_modified":"2022-07-28 17:49:30","post_modified_gmt":"2022-07-28 15:49:30","post_content_filtered":"","post_parent":0,"guid":"http:\/\/dev.claret.cat\/editorial\/navona-editorial\/","menu_order":0,"post_type":"editorial","post_mime_type":"","comment_count":"0","filter":"raw"}],"autores-libros":[{"ID":171334,"post_author":"3","post_date":"2022-10-14 22:42:33","post_date_gmt":"2022-10-14 20:42:33","post_content":"","post_title":"WILLIAM SHAKESPEARE","post_excerpt":"","post_status":"publish","comment_status":"closed","ping_status":"closed","post_password":"","post_name":"william-shakespeare","to_ping":"","pinged":"","post_modified":"2022-10-14 22:42:33","post_modified_gmt":"2022-10-14 20:42:33","post_content_filtered":"","post_parent":0,"guid":"http:\/\/dev.claret.cat\/autor\/william-shakespeare\/","menu_order":0,"post_type":"autor","post_mime_type":"","comment_count":"0","filter":"raw"}]},"aioseo_notices":[],"_links":{"self":[{"href":"https:\/\/www.claret.cat\/es\/wp-json\/wp\/v2\/product\/34831","targetHints":{"allow":["GET"]}}],"collection":[{"href":"https:\/\/www.claret.cat\/es\/wp-json\/wp\/v2\/product"}],"about":[{"href":"https:\/\/www.claret.cat\/es\/wp-json\/wp\/v2\/types\/product"}],"wp:featuredmedia":[{"embeddable":true,"href":"https:\/\/www.claret.cat\/es\/wp-json\/wp\/v2\/media\/51793"}],"wp:attachment":[{"href":"https:\/\/www.claret.cat\/es\/wp-json\/wp\/v2\/media?parent=34831"}],"wp:term":[{"taxonomy":"product_brand","embeddable":true,"href":"https:\/\/www.claret.cat\/es\/wp-json\/wp\/v2\/product_brand?post=34831"},{"taxonomy":"product_cat","embeddable":true,"href":"https:\/\/www.claret.cat\/es\/wp-json\/wp\/v2\/product_cat?post=34831"},{"taxonomy":"product_tag","embeddable":true,"href":"https:\/\/www.claret.cat\/es\/wp-json\/wp\/v2\/product_tag?post=34831"}],"curies":[{"name":"wp","href":"https:\/\/api.w.org\/{rel}","templated":true}]}}