{"id":348604,"date":"2023-01-14T04:36:45","date_gmt":"2023-01-14T03:36:45","guid":{"rendered":"https:\/\/www.claret.cat\/llibre\/lecciones-sobre-la-voluntad-de-saber-9788446042037\/"},"modified":"2024-05-23T23:18:00","modified_gmt":"2024-05-23T21:18:00","slug":"lecciones-sobre-la-voluntad-de-saber-9788446042037","status":"publish","type":"product","link":"https:\/\/www.claret.cat\/es\/libro\/lecciones-sobre-la-voluntad-de-saber-9788446042037\/","title":{"rendered":"LECCIONES SOBRE LA VOLUNTAD DE SABER"},"content":{"rendered":"<p>Transcripci\u00f3n del primero de los cursos impartidos por Michel Foucault en el Coll\u00e8ge de France, la publicaci\u00f3n de la presente obra no s\u00f3lo marca un hito en la \u00abrecepci\u00f3n\u00bb de la obra foucaultiana, sino que desvela la profunda unidad de un proyecto que abarca desde \u00abVigilar y castigar\u00bb (1975), dominado por los temas del po der y de la norma, a \u00abEl uso de los placeres\u00bb y \u00abEl cuidado de s\u00ed\u00bb (1984), consagrados a la \u00e9tica de la subjetividad. En este curso Foucault expone, mediante el an\u00e1lisis de los grandes textos legados por la Antig\u00fcedad griega convenientemente iluminados por Kant, Spinoza y Nietzsche, c\u00f3mo cada \u00e9poca produce discursos cuyo fin es el de distinguir entre lo bueno y lo malo, lo justo e injusto, lo puro y lo impuro. En otras palabras, para Foucault se trata de hacer evidente c\u00f3mo, detr\u00e1s del aparente orden de las palabras y las cosas, se constituyen los enunciados transgresores: los trastornos y rituales, las cesuras y fallas.<\/p>\n","protected":false},"excerpt":{"rendered":"<p>FOUCAULT, MICHEL<\/p>\n","protected":false},"featured_media":0,"template":"","meta":{"_acf_changed":false,"om_disable_all_campaigns":false,"rs_blank_template":"","rs_page_bg_color":"","slide_template_v7":"","inline_featured_image":false,"_monsterinsights_skip_tracking":false,"_monsterinsights_sitenote_active":false,"_monsterinsights_sitenote_note":"","_monsterinsights_sitenote_category":0},"product_brand":[],"product_cat":[373,166],"product_tag":[],"class_list":{"0":"post-348604","1":"product","2":"type-product","3":"status-publish","5":"product_cat-autores","6":"product_cat-autors-filosofia","8":"first","9":"instock","10":"taxable","11":"shipping-taxable","12":"purchasable","13":"product-type-simple"},"acf":{"editorial":[{"ID":6115,"post_author":"3","post_date":"2022-07-28 17:45:13","post_date_gmt":"2022-07-28 15:45:13","post_content":"","post_title":"AKAL, EDICIONES S.A.","post_excerpt":"","post_status":"publish","comment_status":"closed","ping_status":"closed","post_password":"","post_name":"akal-ediciones-s-a","to_ping":"","pinged":"","post_modified":"2022-07-28 17:45:13","post_modified_gmt":"2022-07-28 15:45:13","post_content_filtered":"","post_parent":0,"guid":"http:\/\/dev.claret.cat\/editorial\/akal-ediciones-s-a\/","menu_order":0,"post_type":"editorial","post_mime_type":"","comment_count":"0","filter":"raw"}],"autores-libros":[{"ID":164851,"post_author":"3","post_date":"2022-10-14 17:50:23","post_date_gmt":"2022-10-14 15:50:23","post_content":"","post_title":"MICHEL FOUCAULT","post_excerpt":"","post_status":"publish","comment_status":"closed","ping_status":"closed","post_password":"","post_name":"michel-foucault","to_ping":"","pinged":"","post_modified":"2022-10-14 17:50:23","post_modified_gmt":"2022-10-14 15:50:23","post_content_filtered":"","post_parent":0,"guid":"http:\/\/dev.claret.cat\/autor\/michel-foucault\/","menu_order":0,"post_type":"autor","post_mime_type":"","comment_count":"0","filter":"raw"}],"autor":"FOUCAULT, MICHEL","codart":"844604203","libros-coleccion":"","ediciones":"1","encuadernacion":"R\u00fastica","fecha_de_publicacion":"01\/09\/2015","novedad":"0","paginas":"318","subtitulo":"CURSO DEL COLL\u00c8GE DE FRANCE (1970-1971) SEGUIDO DE EL SABER DE EDIPO","orden":"999","portada":"0","idioma":"spa"},"aioseo_notices":[],"_links":{"self":[{"href":"https:\/\/www.claret.cat\/es\/wp-json\/wp\/v2\/product\/348604","targetHints":{"allow":["GET"]}}],"collection":[{"href":"https:\/\/www.claret.cat\/es\/wp-json\/wp\/v2\/product"}],"about":[{"href":"https:\/\/www.claret.cat\/es\/wp-json\/wp\/v2\/types\/product"}],"wp:attachment":[{"href":"https:\/\/www.claret.cat\/es\/wp-json\/wp\/v2\/media?parent=348604"}],"wp:term":[{"taxonomy":"product_brand","embeddable":true,"href":"https:\/\/www.claret.cat\/es\/wp-json\/wp\/v2\/product_brand?post=348604"},{"taxonomy":"product_cat","embeddable":true,"href":"https:\/\/www.claret.cat\/es\/wp-json\/wp\/v2\/product_cat?post=348604"},{"taxonomy":"product_tag","embeddable":true,"href":"https:\/\/www.claret.cat\/es\/wp-json\/wp\/v2\/product_tag?post=348604"}],"curies":[{"name":"wp","href":"https:\/\/api.w.org\/{rel}","templated":true}]}}