{"id":348626,"date":"2023-01-14T04:38:13","date_gmt":"2023-01-14T03:38:13","guid":{"rendered":"https:\/\/www.claret.cat\/llibre\/cocina-estacional-9788446047407\/"},"modified":"2024-05-23T22:39:09","modified_gmt":"2024-05-23T20:39:09","slug":"cocina-estacional-9788446047407","status":"publish","type":"product","link":"https:\/\/www.claret.cat\/es\/libro\/cocina-estacional-9788446047407\/","title":{"rendered":"COCINA ESTACIONAL"},"content":{"rendered":"<p>Una vuelta a lo esencial: consumir de una manera inteligente productos variados y de temporada para reencontrar sus sabores aut\u00e9nticos.<br \/>COMER SANO todos los d\u00edas con COCINA ESTACIONAL: es la sencilla promesa que nos hace Alain Ducasse. Una cocina ante todo sabrosa, pero tambi\u00e9n buena para la salud y respetuosa con los recursos.<\/p>\n<p>Seg\u00fan la temporada y en funci\u00f3n de los gustos, pueden descubrir 150 recetas de sopas, platos completos, ensaladas, tortas, postres, conservas y condimentos para aprovechar bien los productos de temporada.<\/p>\n<p>Con otras tantas respuestas pr\u00e1cticas para aplicar nuevas claves de equilibrio alimentario: menos prote\u00ednas procedentes de la carne, m\u00e1s verduras, legumbres y cereales, menos sal y az\u00facar. \u00a1Y siempre disfrutando!<\/p>\n<p>Un verdadero modelo de utilizaci\u00f3n de la cocina de hoy d\u00eda: sencilla, sana y buena.<\/p>\n<p>\u00abHay que volver a lo esencial: comer buenos productos de temporada para poder disfrutar de sus sabores originales. La naturaleza nos ofrece maravillosos recursos que tenemos que aprender a respetar a diario.\u00bb ALAIN DUCASSE<\/p>\n","protected":false},"excerpt":{"rendered":"<p>DUCASSE, ALAIN<\/p>\n","protected":false},"featured_media":348627,"template":"","meta":{"_acf_changed":false,"om_disable_all_campaigns":false,"rs_blank_template":"","rs_page_bg_color":"","slide_template_v7":"","inline_featured_image":false,"_monsterinsights_skip_tracking":false,"_monsterinsights_sitenote_active":false,"_monsterinsights_sitenote_note":"","_monsterinsights_sitenote_category":0},"product_brand":[],"product_cat":[553,103],"product_tag":[],"class_list":{"0":"post-348626","1":"product","2":"type-product","3":"status-publish","4":"has-post-thumbnail","6":"product_cat-cocina","7":"product_cat-cuina","9":"first","10":"instock","11":"taxable","12":"shipping-taxable","13":"purchasable","14":"product-type-simple"},"acf":{"editorial":[{"ID":6115,"post_author":"3","post_date":"2022-07-28 17:45:13","post_date_gmt":"2022-07-28 15:45:13","post_content":"","post_title":"AKAL, EDICIONES S.A.","post_excerpt":"","post_status":"publish","comment_status":"closed","ping_status":"closed","post_password":"","post_name":"akal-ediciones-s-a","to_ping":"","pinged":"","post_modified":"2022-07-28 17:45:13","post_modified_gmt":"2022-07-28 15:45:13","post_content_filtered":"","post_parent":0,"guid":"http:\/\/dev.claret.cat\/editorial\/akal-ediciones-s-a\/","menu_order":0,"post_type":"editorial","post_mime_type":"","comment_count":"0","filter":"raw"}],"autores-libros":[{"ID":149340,"post_author":"3","post_date":"2022-10-14 14:24:04","post_date_gmt":"2022-10-14 12:24:04","post_content":"","post_title":"ALAIN DUCASSE","post_excerpt":"","post_status":"publish","comment_status":"closed","ping_status":"closed","post_password":"","post_name":"alain-ducasse","to_ping":"","pinged":"","post_modified":"2022-10-14 14:24:04","post_modified_gmt":"2022-10-14 12:24:04","post_content_filtered":"","post_parent":0,"guid":"http:\/\/dev.claret.cat\/autor\/alain-ducasse\/","menu_order":0,"post_type":"autor","post_mime_type":"","comment_count":"0","filter":"raw"}],"autor":"DUCASSE, ALAIN","codart":"844604740","libros-coleccion":"","ediciones":"1","encuadernacion":"Carton\u00e9","fecha_de_publicacion":"30\/05\/2019","novedad":"1","paginas":"450","subtitulo":"SENCILLA, SANA Y BUENA","orden":"0","portada":"0","idioma":"spa"},"aioseo_notices":[],"_links":{"self":[{"href":"https:\/\/www.claret.cat\/es\/wp-json\/wp\/v2\/product\/348626","targetHints":{"allow":["GET"]}}],"collection":[{"href":"https:\/\/www.claret.cat\/es\/wp-json\/wp\/v2\/product"}],"about":[{"href":"https:\/\/www.claret.cat\/es\/wp-json\/wp\/v2\/types\/product"}],"wp:featuredmedia":[{"embeddable":true,"href":"https:\/\/www.claret.cat\/es\/wp-json\/wp\/v2\/media\/348627"}],"wp:attachment":[{"href":"https:\/\/www.claret.cat\/es\/wp-json\/wp\/v2\/media?parent=348626"}],"wp:term":[{"taxonomy":"product_brand","embeddable":true,"href":"https:\/\/www.claret.cat\/es\/wp-json\/wp\/v2\/product_brand?post=348626"},{"taxonomy":"product_cat","embeddable":true,"href":"https:\/\/www.claret.cat\/es\/wp-json\/wp\/v2\/product_cat?post=348626"},{"taxonomy":"product_tag","embeddable":true,"href":"https:\/\/www.claret.cat\/es\/wp-json\/wp\/v2\/product_tag?post=348626"}],"curies":[{"name":"wp","href":"https:\/\/api.w.org\/{rel}","templated":true}]}}