{"id":348971,"date":"2023-01-14T05:15:17","date_gmt":"2023-01-14T04:15:17","guid":{"rendered":"https:\/\/www.claret.cat\/llibre\/tulipanes-rojos-9788447710898\/"},"modified":"2024-05-23T22:05:33","modified_gmt":"2024-05-23T20:05:33","slug":"tulipanes-rojos-9788447710898","status":"publish","type":"product","link":"https:\/\/www.claret.cat\/es\/libro\/tulipanes-rojos-9788447710898\/","title":{"rendered":"TULIPANES ROJOS"},"content":{"rendered":"","protected":false},"excerpt":{"rendered":"<p>PIFARR\u00c9, LLU\u00cdS<\/p>\n","protected":false},"featured_media":0,"template":"","meta":{"_acf_changed":false,"om_disable_all_campaigns":false,"rs_blank_template":"","rs_page_bg_color":"","slide_template_v7":"","inline_featured_image":false,"_monsterinsights_skip_tracking":false,"_monsterinsights_sitenote_active":false,"_monsterinsights_sitenote_note":"","_monsterinsights_sitenote_category":0},"product_brand":[],"product_cat":[90,540],"product_tag":[],"class_list":{"0":"post-348971","1":"product","2":"type-product","3":"status-publish","5":"product_cat-altres","6":"product_cat-otros","8":"first","9":"instock","10":"taxable","11":"shipping-taxable","12":"purchasable","13":"product-type-simple"},"acf":{"autores-libros":[{"ID":348852,"post_author":"3","post_date":"2023-01-14 05:02:46","post_date_gmt":"2023-01-14 04:02:46","post_content":"","post_title":"LLU\u00cdS PIFARRE","post_excerpt":"","post_status":"publish","comment_status":"closed","ping_status":"closed","post_password":"","post_name":"lluis-pifarre","to_ping":"","pinged":"","post_modified":"2023-01-14 05:02:46","post_modified_gmt":"2023-01-14 04:02:46","post_content_filtered":"","post_parent":0,"guid":"https:\/\/www.claret.cat\/autor\/lluis-pifarre\/","menu_order":0,"post_type":"autor","post_mime_type":"","comment_count":"0","filter":"raw"}],"autor":"PIFARR\u00c9, LLU\u00cdS","codart":"844771089","libros-coleccion":"","ediciones":"2","encuadernacion":"R\u00fastica","fecha_de_publicacion":"22\/04\/2010","novedad":"0","paginas":"458","subtitulo":"ETTY HILLESUM:LA BELLEZA INTERIOR","orden":"999","portada":"0","idioma":"spa","editorial":[{"ID":387482,"post_author":"3","post_date":"2023-02-13 10:59:51","post_date_gmt":"2023-02-13 09:59:51","post_content":"","post_title":"PROMOCIONES Y PUBLI. UNIVERS.","post_excerpt":"","post_status":"publish","comment_status":"closed","ping_status":"closed","post_password":"","post_name":"promociones-y-publi-univers","to_ping":"","pinged":"","post_modified":"2023-02-13 10:59:51","post_modified_gmt":"2023-02-13 09:59:51","post_content_filtered":"","post_parent":0,"guid":"https:\/\/www.claret.cat\/editorial\/promociones-y-publi-univers\/","menu_order":0,"post_type":"editorial","post_mime_type":"","comment_count":"0","filter":"raw"}]},"aioseo_notices":[],"_links":{"self":[{"href":"https:\/\/www.claret.cat\/es\/wp-json\/wp\/v2\/product\/348971","targetHints":{"allow":["GET"]}}],"collection":[{"href":"https:\/\/www.claret.cat\/es\/wp-json\/wp\/v2\/product"}],"about":[{"href":"https:\/\/www.claret.cat\/es\/wp-json\/wp\/v2\/types\/product"}],"wp:attachment":[{"href":"https:\/\/www.claret.cat\/es\/wp-json\/wp\/v2\/media?parent=348971"}],"wp:term":[{"taxonomy":"product_brand","embeddable":true,"href":"https:\/\/www.claret.cat\/es\/wp-json\/wp\/v2\/product_brand?post=348971"},{"taxonomy":"product_cat","embeddable":true,"href":"https:\/\/www.claret.cat\/es\/wp-json\/wp\/v2\/product_cat?post=348971"},{"taxonomy":"product_tag","embeddable":true,"href":"https:\/\/www.claret.cat\/es\/wp-json\/wp\/v2\/product_tag?post=348971"}],"curies":[{"name":"wp","href":"https:\/\/api.w.org\/{rel}","templated":true}]}}