{"id":348986,"date":"2023-01-14T05:16:52","date_gmt":"2023-01-14T04:16:52","guid":{"rendered":"https:\/\/www.claret.cat\/llibre\/la-confessio-9788461560738\/"},"modified":"2024-05-23T21:59:35","modified_gmt":"2024-05-23T19:59:35","slug":"la-confessio-9788461560738","status":"publish","type":"product","link":"https:\/\/www.claret.cat\/es\/libro\/la-confessio-9788461560738\/","title":{"rendered":"LA CONFESSI\u00d3"},"content":{"rendered":"","protected":false},"excerpt":{"rendered":"<p>ALC\u00c1ZAR GODOY, JOS\u00c9<\/p>\n","protected":false},"featured_media":0,"template":"","meta":{"_acf_changed":false,"om_disable_all_campaigns":false,"rs_blank_template":"","rs_page_bg_color":"","slide_template_v7":"","inline_featured_image":false,"_monsterinsights_skip_tracking":false,"_monsterinsights_sitenote_active":false,"_monsterinsights_sitenote_note":"","_monsterinsights_sitenote_category":0},"product_brand":[],"product_cat":[90,540],"product_tag":[],"class_list":{"0":"post-348986","1":"product","2":"type-product","3":"status-publish","5":"product_cat-altres","6":"product_cat-otros","8":"first","9":"instock","10":"taxable","11":"shipping-taxable","12":"purchasable","13":"product-type-simple"},"acf":{"editorial":[{"ID":8239,"post_author":"3","post_date":"2022-09-30 09:21:24","post_date_gmt":"2022-09-30 07:21:24","post_content":"","post_title":"FAMILIA DE JESUS, EDITORIAL","post_excerpt":"","post_status":"publish","comment_status":"closed","ping_status":"closed","post_password":"","post_name":"familia-de-jesus-editorial","to_ping":"","pinged":"","post_modified":"2022-09-30 09:21:24","post_modified_gmt":"2022-09-30 07:21:24","post_content_filtered":"","post_parent":0,"guid":"http:\/\/dev.claret.cat\/editorial\/familia-de-jesus-editorial\/","menu_order":0,"post_type":"editorial","post_mime_type":"","comment_count":"0","filter":"raw"}],"autores-libros":[{"ID":160133,"post_author":"3","post_date":"2022-10-14 15:50:34","post_date_gmt":"2022-10-14 13:50:34","post_content":"","post_title":"JOSE ALCAZAR GODOY","post_excerpt":"","post_status":"publish","comment_status":"closed","ping_status":"closed","post_password":"","post_name":"jose-alcazar-godoy","to_ping":"","pinged":"","post_modified":"2022-10-14 15:50:34","post_modified_gmt":"2022-10-14 13:50:34","post_content_filtered":"","post_parent":0,"guid":"http:\/\/dev.claret.cat\/autor\/jose-alcazar-godoy\/","menu_order":0,"post_type":"autor","post_mime_type":"","comment_count":"0","filter":"raw"}],"autor":"ALC\u00c1ZAR GODOY, JOS\u00c9","codart":"846156073","libros-coleccion":"","ediciones":"1","encuadernacion":"Grapado","fecha_de_publicacion":"28\/02\/2013","novedad":"0","paginas":"32","subtitulo":"GUIA PER CELEBRAR EL PERD\u00d3, 14 - 18 ANYS","orden":"999","portada":"0","idioma":"cat"},"aioseo_notices":[],"_links":{"self":[{"href":"https:\/\/www.claret.cat\/es\/wp-json\/wp\/v2\/product\/348986","targetHints":{"allow":["GET"]}}],"collection":[{"href":"https:\/\/www.claret.cat\/es\/wp-json\/wp\/v2\/product"}],"about":[{"href":"https:\/\/www.claret.cat\/es\/wp-json\/wp\/v2\/types\/product"}],"wp:attachment":[{"href":"https:\/\/www.claret.cat\/es\/wp-json\/wp\/v2\/media?parent=348986"}],"wp:term":[{"taxonomy":"product_brand","embeddable":true,"href":"https:\/\/www.claret.cat\/es\/wp-json\/wp\/v2\/product_brand?post=348986"},{"taxonomy":"product_cat","embeddable":true,"href":"https:\/\/www.claret.cat\/es\/wp-json\/wp\/v2\/product_cat?post=348986"},{"taxonomy":"product_tag","embeddable":true,"href":"https:\/\/www.claret.cat\/es\/wp-json\/wp\/v2\/product_tag?post=348986"}],"curies":[{"name":"wp","href":"https:\/\/api.w.org\/{rel}","templated":true}]}}