{"id":349145,"date":"2023-01-14T05:29:21","date_gmt":"2023-01-14T04:29:21","guid":{"rendered":"https:\/\/www.claret.cat\/llibre\/vitaminas-para-el-alma-9788470506758\/"},"modified":"2024-05-23T21:39:57","modified_gmt":"2024-05-23T19:39:57","slug":"vitaminas-para-el-alma-9788470506758","status":"publish","type":"product","link":"https:\/\/www.claret.cat\/es\/libro\/vitaminas-para-el-alma-9788470506758\/","title":{"rendered":"VITAMINAS PARA EL ALMA"},"content":{"rendered":"","protected":false},"excerpt":{"rendered":"<p>GARC\u00cdA, PABLO<\/p>\n","protected":false},"featured_media":349146,"template":"","meta":{"_acf_changed":false,"om_disable_all_campaigns":false,"rs_blank_template":"","rs_page_bg_color":"","slide_template_v7":"","inline_featured_image":false,"_monsterinsights_skip_tracking":false,"_monsterinsights_sitenote_active":false,"_monsterinsights_sitenote_note":"","_monsterinsights_sitenote_category":0},"product_brand":[],"product_cat":[90,540],"product_tag":[],"class_list":{"0":"post-349145","1":"product","2":"type-product","3":"status-publish","4":"has-post-thumbnail","6":"product_cat-altres","7":"product_cat-otros","9":"first","10":"instock","11":"taxable","12":"shipping-taxable","13":"purchasable","14":"product-type-simple"},"acf":{"autores-libros":[{"ID":8414,"post_author":"3","post_date":"2022-09-30 09:48:24","post_date_gmt":"2022-09-30 07:48:24","post_content":"","post_title":"PABLO GARCIA MACHO","post_excerpt":"","post_status":"publish","comment_status":"closed","ping_status":"closed","post_password":"","post_name":"pablo-garcia-macho","to_ping":"","pinged":"","post_modified":"2022-09-30 09:48:24","post_modified_gmt":"2022-09-30 07:48:24","post_content_filtered":"","post_parent":0,"guid":"http:\/\/dev.claret.cat\/autor\/pablo-garcia-macho\/","menu_order":0,"post_type":"autor","post_mime_type":"","comment_count":"0","filter":"raw"}],"autor":"GARC\u00cdA, PABLO","codart":"847050675","libros-coleccion":"FORA DE COL.LECCI\u00d3","ediciones":"1","encuadernacion":"R\u00fastica","fecha_de_publicacion":"01\/03\/2002","novedad":"0","paginas":"121","subtitulo":"","orden":"999","portada":"0","idioma":"spa","editorial":[{"ID":349148,"post_author":"3","post_date":"2023-01-14 05:30:50","post_date_gmt":"2023-01-14 04:30:50","post_content":"","post_title":"EDICEP, COMERCIAL EDITORA DE P","post_excerpt":"","post_status":"publish","comment_status":"closed","ping_status":"closed","post_password":"","post_name":"edicep-comercial-editora-de-p","to_ping":"","pinged":"","post_modified":"2023-01-14 05:30:50","post_modified_gmt":"2023-01-14 04:30:50","post_content_filtered":"","post_parent":0,"guid":"https:\/\/www.claret.cat\/editorial\/edicep-comercial-editora-de-p\/","menu_order":0,"post_type":"editorial","post_mime_type":"","comment_count":"0","filter":"raw"}]},"aioseo_notices":[],"_links":{"self":[{"href":"https:\/\/www.claret.cat\/es\/wp-json\/wp\/v2\/product\/349145","targetHints":{"allow":["GET"]}}],"collection":[{"href":"https:\/\/www.claret.cat\/es\/wp-json\/wp\/v2\/product"}],"about":[{"href":"https:\/\/www.claret.cat\/es\/wp-json\/wp\/v2\/types\/product"}],"wp:featuredmedia":[{"embeddable":true,"href":"https:\/\/www.claret.cat\/es\/wp-json\/wp\/v2\/media\/349146"}],"wp:attachment":[{"href":"https:\/\/www.claret.cat\/es\/wp-json\/wp\/v2\/media?parent=349145"}],"wp:term":[{"taxonomy":"product_brand","embeddable":true,"href":"https:\/\/www.claret.cat\/es\/wp-json\/wp\/v2\/product_brand?post=349145"},{"taxonomy":"product_cat","embeddable":true,"href":"https:\/\/www.claret.cat\/es\/wp-json\/wp\/v2\/product_cat?post=349145"},{"taxonomy":"product_tag","embeddable":true,"href":"https:\/\/www.claret.cat\/es\/wp-json\/wp\/v2\/product_tag?post=349145"}],"curies":[{"name":"wp","href":"https:\/\/api.w.org\/{rel}","templated":true}]}}