{"id":349216,"date":"2023-01-14T05:36:38","date_gmt":"2023-01-14T04:36:38","guid":{"rendered":"https:\/\/www.claret.cat\/llibre\/nacimiento-del-mesias-el-comentario-a-los-relatos-de-la-infancia-9788470573026\/"},"modified":"2024-05-24T11:57:28","modified_gmt":"2024-05-24T09:57:28","slug":"nacimiento-del-mesias-el-comentario-a-los-relatos-de-la-infancia-9788470573026","status":"publish","type":"product","link":"https:\/\/www.claret.cat\/es\/libro\/nacimiento-del-mesias-el-comentario-a-los-relatos-de-la-infancia-9788470573026\/","title":{"rendered":"NACIMIENTO DEL MESIAS, EL &#8211; COMENTARIO A LOS RELATOS DE LA INFANCIA"},"content":{"rendered":"<p>Todos los cr\u00edticos consideran esta obra como definitiva. La presentaci\u00f3n de los relatos sobre la Infancia, m\u00e1s pr\u00f3ximos a la tradici\u00f3n popular que a la discusi\u00f3n de los te\u00f3logos, supone un gran acierto. Es avanzada la Edad Media cuando estas escenas cobran fuerza en la piedad del pueblo y entran en los hogares con im\u00e1genes del pesebre, los \u00e1ngeles y los pastores. El tema es enfocado con profundidad, y se re\u00fane todo lo que hoy puede decir la cr\u00edtica literaria y la ex\u00e9gesis acerca de estos relatos. Su prop\u00f3sito es cient\u00edfico: tras un proceso de estudio y an\u00e1lisis hist\u00f3rico y ling\u00fc\u00edstico se elabora un comentario exeg\u00e9tico de cada pasaje, indicando sus antecedentes en el Antiguo Testamento, su funci\u00f3n en la Iglesia primitiva, y su significado para el hombre de hoy. En este libro se encuentra el primer gran comentario a los cap\u00edtulos iniciales de Mateo y Lucas, que desde ese momento servir\u00e1 de referencia a otros autores.<\/p>\n","protected":false},"excerpt":{"rendered":"<p>BROWN, RAYMOND E.<\/p>\n","protected":false},"featured_media":349217,"template":"","meta":{"_acf_changed":false,"om_disable_all_campaigns":false,"rs_blank_template":"","rs_page_bg_color":"","slide_template_v7":"","inline_featured_image":false,"_monsterinsights_skip_tracking":false,"_monsterinsights_sitenote_active":false,"_monsterinsights_sitenote_note":"","_monsterinsights_sitenote_category":0},"product_brand":[],"product_cat":[90,540],"product_tag":[],"class_list":{"0":"post-349216","1":"product","2":"type-product","3":"status-publish","4":"has-post-thumbnail","6":"product_cat-altres","7":"product_cat-otros","9":"first","10":"outofstock","11":"taxable","12":"shipping-taxable","13":"purchasable","14":"product-type-simple"},"acf":{"editorial":[{"ID":6173,"post_author":"3","post_date":"2022-07-28 17:46:28","post_date_gmt":"2022-07-28 15:46:28","post_content":"","post_title":"Cristiandad","post_excerpt":"","post_status":"publish","comment_status":"closed","ping_status":"closed","post_password":"","post_name":"cristiandad","to_ping":"","pinged":"","post_modified":"2022-07-28 17:46:28","post_modified_gmt":"2022-07-28 15:46:28","post_content_filtered":"","post_parent":0,"guid":"http:\/\/dev.claret.cat\/editorial\/cristiandad\/","menu_order":0,"post_type":"editorial","post_mime_type":"","comment_count":"0","filter":"raw"}],"autores-libros":[{"ID":167886,"post_author":"3","post_date":"2022-10-14 18:14:48","post_date_gmt":"2022-10-14 16:14:48","post_content":"","post_title":"RAYMOND E. BROWN","post_excerpt":"","post_status":"publish","comment_status":"closed","ping_status":"closed","post_password":"","post_name":"raymond-e-brown","to_ping":"","pinged":"","post_modified":"2022-10-14 18:14:48","post_modified_gmt":"2022-10-14 16:14:48","post_content_filtered":"","post_parent":0,"guid":"http:\/\/dev.claret.cat\/autor\/raymond-e-brown\/","menu_order":0,"post_type":"autor","post_mime_type":"","comment_count":"0","filter":"raw"}],"autor":"BROWN, RAYMOND E.","codart":"847057302","libros-coleccion":"FORA DE COL.LECCI\u00d3","ediciones":"1","encuadernacion":"Carton\u00e9","fecha_de_publicacion":"01\/12\/1982","novedad":"0","paginas":"626","subtitulo":"","orden":"999","portada":"0","idioma":"spa"},"aioseo_notices":[],"_links":{"self":[{"href":"https:\/\/www.claret.cat\/es\/wp-json\/wp\/v2\/product\/349216","targetHints":{"allow":["GET"]}}],"collection":[{"href":"https:\/\/www.claret.cat\/es\/wp-json\/wp\/v2\/product"}],"about":[{"href":"https:\/\/www.claret.cat\/es\/wp-json\/wp\/v2\/types\/product"}],"wp:featuredmedia":[{"embeddable":true,"href":"https:\/\/www.claret.cat\/es\/wp-json\/wp\/v2\/media\/349217"}],"wp:attachment":[{"href":"https:\/\/www.claret.cat\/es\/wp-json\/wp\/v2\/media?parent=349216"}],"wp:term":[{"taxonomy":"product_brand","embeddable":true,"href":"https:\/\/www.claret.cat\/es\/wp-json\/wp\/v2\/product_brand?post=349216"},{"taxonomy":"product_cat","embeddable":true,"href":"https:\/\/www.claret.cat\/es\/wp-json\/wp\/v2\/product_cat?post=349216"},{"taxonomy":"product_tag","embeddable":true,"href":"https:\/\/www.claret.cat\/es\/wp-json\/wp\/v2\/product_tag?post=349216"}],"curies":[{"name":"wp","href":"https:\/\/api.w.org\/{rel}","templated":true}]}}