{"id":34996,"date":"2022-10-02T17:56:54","date_gmt":"2022-10-02T15:56:54","guid":{"rendered":"http:\/\/dev.claret.cat\/producte\/sobre-la-felicidad-el-ocio-y-la-brevedad-de-la-vida\/"},"modified":"2023-10-06T08:36:10","modified_gmt":"2023-10-06T06:36:10","slug":"sobre-la-felicidad-el-ocio-y-la-brevedad-de-la-vida-9788418933509","status":"publish","type":"product","link":"https:\/\/www.claret.cat\/es\/libro\/sobre-la-felicidad-el-ocio-y-la-brevedad-de-la-vida-9788418933509\/","title":{"rendered":"SOBRE LA FELICIDAD, EL OCIO Y LA BREVEDAD DE LA VIDA"},"content":{"rendered":"<p>Lucio Anneo S\u00e9neca, el gran maestro estoico, nos leg\u00f3 sus ense\u00f1anzas sobre el arte del vivir en los tres tratados que recoge este volumen. Son di\u00e1logos en los que, con un estilo directo, se tratan temas como la felicidad, el retiro del mundanal ruido, el desarrollo del tiempo o la relaci\u00f3n entre placer y virtud.<br \/> Las siguientes p\u00e1ginas ofrecen un c\u00famulo de consejos para apartarnos del exceso y la negligencia, la ambici\u00f3n y la ligereza, la soberbia y el lucro\u2026 o recordarnos c\u00f3mo es posible ser feliz sin deseo ni temor, tan solo gozando de la Naturaleza. <br \/> Una gu\u00eda vital conducida siempre por el gran motor del conocimiento y la curiosidad.<\/p>\n","protected":false},"excerpt":{"rendered":"<p>S\u00c9NECA, LUCIO ANNEO<\/p>\n","protected":false},"featured_media":51909,"template":"","meta":{"_acf_changed":false,"om_disable_all_campaigns":false,"rs_blank_template":"","rs_page_bg_color":"","slide_template_v7":"","inline_featured_image":false,"_monsterinsights_skip_tracking":false,"_monsterinsights_sitenote_active":false,"_monsterinsights_sitenote_note":"","_monsterinsights_sitenote_category":0},"product_brand":[],"product_cat":[373],"product_tag":[],"class_list":{"0":"post-34996","1":"product","2":"type-product","3":"status-publish","4":"has-post-thumbnail","6":"product_cat-autores","8":"first","9":"instock","10":"taxable","11":"shipping-taxable","12":"purchasable","13":"product-type-simple"},"acf":{"autor":"S\u00c9NECA, LUCIO ANNEO","codart":"841893350","libros-coleccion":"FORA DE COL.LECCI\u00d3","ediciones":"1","encuadernacion":"Carton\u00e9","fecha_de_publicacion":"01\/07\/2022","novedad":"1","paginas":"122","subtitulo":"","orden":"0","portada":"0","idioma":"spa","editorial":[{"ID":147917,"post_author":"3","post_date":"2022-10-14 11:54:14","post_date_gmt":"2022-10-14 09:54:14","post_content":"","post_title":"EDITORIAL ALMA","post_excerpt":"","post_status":"publish","comment_status":"closed","ping_status":"closed","post_password":"","post_name":"editorial-alma","to_ping":"","pinged":"","post_modified":"2022-10-14 11:54:14","post_modified_gmt":"2022-10-14 09:54:14","post_content_filtered":"","post_parent":0,"guid":"http:\/\/dev.claret.cat\/editorial\/editorial-alma\/","menu_order":0,"post_type":"editorial","post_mime_type":"","comment_count":"0","filter":"raw"}],"autores-libros":[{"ID":162614,"post_author":"3","post_date":"2022-10-14 17:32:25","post_date_gmt":"2022-10-14 15:32:25","post_content":"","post_title":"LUCIO ANNEO SENECA","post_excerpt":"","post_status":"publish","comment_status":"closed","ping_status":"closed","post_password":"","post_name":"lucio-anneo-seneca","to_ping":"","pinged":"","post_modified":"2022-10-14 17:32:25","post_modified_gmt":"2022-10-14 15:32:25","post_content_filtered":"","post_parent":0,"guid":"http:\/\/dev.claret.cat\/autor\/lucio-anneo-seneca\/","menu_order":0,"post_type":"autor","post_mime_type":"","comment_count":"0","filter":"raw"}]},"aioseo_notices":[],"_links":{"self":[{"href":"https:\/\/www.claret.cat\/es\/wp-json\/wp\/v2\/product\/34996","targetHints":{"allow":["GET"]}}],"collection":[{"href":"https:\/\/www.claret.cat\/es\/wp-json\/wp\/v2\/product"}],"about":[{"href":"https:\/\/www.claret.cat\/es\/wp-json\/wp\/v2\/types\/product"}],"wp:featuredmedia":[{"embeddable":true,"href":"https:\/\/www.claret.cat\/es\/wp-json\/wp\/v2\/media\/51909"}],"wp:attachment":[{"href":"https:\/\/www.claret.cat\/es\/wp-json\/wp\/v2\/media?parent=34996"}],"wp:term":[{"taxonomy":"product_brand","embeddable":true,"href":"https:\/\/www.claret.cat\/es\/wp-json\/wp\/v2\/product_brand?post=34996"},{"taxonomy":"product_cat","embeddable":true,"href":"https:\/\/www.claret.cat\/es\/wp-json\/wp\/v2\/product_cat?post=34996"},{"taxonomy":"product_tag","embeddable":true,"href":"https:\/\/www.claret.cat\/es\/wp-json\/wp\/v2\/product_tag?post=34996"}],"curies":[{"name":"wp","href":"https:\/\/api.w.org\/{rel}","templated":true}]}}