{"id":350043,"date":"2023-01-14T07:35:19","date_gmt":"2023-01-14T06:35:19","guid":{"rendered":"https:\/\/www.claret.cat\/llibre\/nueva-declaracion-sobre-la-ley-organica-de-educacion-loe-y-sus-desarrollos-profesores-de-religion-y-ciudadania-9788471416339\/"},"modified":"2024-05-23T20:12:42","modified_gmt":"2024-05-23T18:12:42","slug":"nueva-declaracion-sobre-la-ley-organica-de-educacion-loe-y-sus-desarrollos-profesores-de-religion-y-ciudadania-9788471416339","status":"publish","type":"product","link":"https:\/\/www.claret.cat\/es\/libro\/nueva-declaracion-sobre-la-ley-organica-de-educacion-loe-y-sus-desarrollos-profesores-de-religion-y-ciudadania-9788471416339\/","title":{"rendered":"NUEVA DECLARACI\u00d3N SOBRE LA LEY ORG\u00c1NICA DE EDUCACI\u00d3N (LOE) Y SUS DESARROLLOS: PROFESORES DE RELIGI\u00d3N Y &#8216;CIUDADAN\u00cdA&#8217;"},"content":{"rendered":"<p>El pasado 28 de febrero la Comisi\u00f3n Permanente hizo p\u00fablica una Declaraci\u00f3n titulada La Ley Org\u00e1nica de Educaci\u00f3n (LOE), los Reales Decretos que la desarrollan y\/os derechos fundamentales de padres y escuelas. All\u00ed manifest\u00e1bamos y explic\u00e1bamos por qu\u00e9 esta nueva legislaci\u00f3n no regula la ense\u00f1anza de la Religi\u00f3n de modo que queden a salvo los derechos de todos y, tambi\u00e9n, por qu\u00e9 los derechos que asisten a los padres en la educaci\u00f3n de sus hijos resultan vulnerados tanto en el campo de la determinaci\u00f3n de la educaci\u00f3n moral que desean para ellos, como en el de la libre elecci\u00f3n de centro educativo. Dicha Declaraci\u00f3n conserva plenamente su vigencia.<br \/>Acontecimientos recientes nos exigen volver a hablar sobre algunos asuntos tratados ya el 28 de febrero, en concreto, sobre el nuevo estatuto laboral de los profesores de Religi\u00f3n y sobre la asignatura de nueva implantaci\u00f3n llamada \u201cEducaci\u00f3n para la ciudadan\u00eda\u201d.<\/p>\n","protected":false},"excerpt":{"rendered":"<p>CONFERENCIA EPISCOPAL ESPA\u00d1OLA<\/p>\n","protected":false},"featured_media":0,"template":"","meta":{"_acf_changed":false,"om_disable_all_campaigns":false,"rs_blank_template":"","rs_page_bg_color":"","slide_template_v7":"","inline_featured_image":false,"_monsterinsights_skip_tracking":false,"_monsterinsights_sitenote_active":false,"_monsterinsights_sitenote_note":"","_monsterinsights_sitenote_category":0},"product_brand":[],"product_cat":[259,504,291,517,419,285],"product_tag":[],"class_list":{"0":"post-350043","1":"product","2":"type-product","3":"status-publish","5":"product_cat-de-lensenyament","6":"product_cat-de-la-ensenanza","7":"product_cat-moral-social-i-politica","8":"product_cat-moral-social-y-politica","9":"product_cat-pastoral-teologia-1_espiritualidad","10":"product_cat-pastoral-teologia","12":"first","13":"instock","14":"taxable","15":"shipping-taxable","16":"purchasable","17":"product-type-simple"},"acf":{"editorial":[{"ID":6194,"post_author":"3","post_date":"2022-07-28 17:46:55","post_date_gmt":"2022-07-28 15:46:55","post_content":"","post_title":"EDICE - Conf. Episc.","post_excerpt":"","post_status":"publish","comment_status":"closed","ping_status":"closed","post_password":"","post_name":"edice-conf-episc","to_ping":"","pinged":"","post_modified":"2022-07-28 17:46:55","post_modified_gmt":"2022-07-28 15:46:55","post_content_filtered":"","post_parent":0,"guid":"http:\/\/dev.claret.cat\/editorial\/edice-conf-episc\/","menu_order":0,"post_type":"editorial","post_mime_type":"","comment_count":"0","filter":"raw"}],"autores-libros":[{"ID":5366,"post_author":"3","post_date":"2022-07-28 17:22:26","post_date_gmt":"2022-07-28 15:22:26","post_content":"","post_title":"CONFERENCIA EPISCOPAL ESPA\u00d1OLA","post_excerpt":"","post_status":"publish","comment_status":"closed","ping_status":"closed","post_password":"","post_name":"conferencia-episcopal-espanola","to_ping":"","pinged":"","post_modified":"2022-07-28 17:22:26","post_modified_gmt":"2022-07-28 15:22:26","post_content_filtered":"","post_parent":0,"guid":"http:\/\/dev.claret.cat\/autor\/conferencia-episcopal-espanola\/","menu_order":0,"post_type":"autor","post_mime_type":"","comment_count":"0","filter":"raw"}],"autor":"CONFERENCIA EPISCOPAL ESPA\u00d1OLA","codart":"847141633","libros-coleccion":"Documentos de la Conferencia Episcopal Espa\u00f1ola","ediciones":"1","encuadernacion":"Grapado","fecha_de_publicacion":"17\/07\/2007","novedad":"0","paginas":"24","subtitulo":"","orden":"999","portada":"0","idioma":"spa"},"aioseo_notices":[],"_links":{"self":[{"href":"https:\/\/www.claret.cat\/es\/wp-json\/wp\/v2\/product\/350043","targetHints":{"allow":["GET"]}}],"collection":[{"href":"https:\/\/www.claret.cat\/es\/wp-json\/wp\/v2\/product"}],"about":[{"href":"https:\/\/www.claret.cat\/es\/wp-json\/wp\/v2\/types\/product"}],"wp:attachment":[{"href":"https:\/\/www.claret.cat\/es\/wp-json\/wp\/v2\/media?parent=350043"}],"wp:term":[{"taxonomy":"product_brand","embeddable":true,"href":"https:\/\/www.claret.cat\/es\/wp-json\/wp\/v2\/product_brand?post=350043"},{"taxonomy":"product_cat","embeddable":true,"href":"https:\/\/www.claret.cat\/es\/wp-json\/wp\/v2\/product_cat?post=350043"},{"taxonomy":"product_tag","embeddable":true,"href":"https:\/\/www.claret.cat\/es\/wp-json\/wp\/v2\/product_tag?post=350043"}],"curies":[{"name":"wp","href":"https:\/\/api.w.org\/{rel}","templated":true}]}}