{"id":350049,"date":"2023-01-14T07:45:24","date_gmt":"2023-01-14T06:45:24","guid":{"rendered":"https:\/\/www.claret.cat\/llibre\/la-luz-que-guia-toda-la-vida-9788471416476\/"},"modified":"2024-05-23T20:11:52","modified_gmt":"2024-05-23T18:11:52","slug":"la-luz-que-guia-toda-la-vida-9788471416476","status":"publish","type":"product","link":"https:\/\/www.claret.cat\/es\/libro\/la-luz-que-guia-toda-la-vida-9788471416476\/","title":{"rendered":"LA LUZ QUE GU\u00cdA TODA LA VIDA"},"content":{"rendered":"<p>La actual crisis de la sociedad, del matrimonio y de la familia es fundamentalmente una crisis del sujeto.<br \/>La vocaci\u00f3n al amor es una clave fundamental para la construcci\u00f3n de la vida de la persona. Es el eje que articula todo el proceso de la pastoral familiar, singularmente en la preparaci\u00f3n remota y pr\u00f3xima al matrimonio.<br \/>El autor de este libro nos presenta este proceso como el camino que pasa por ser hijo para ser esposo y padre. Nuestra educaci\u00f3n tiene que formar sujetos capaces de conocer y vivir su vida como una historia de amor, no basada en su esfuerzo personal, sino en la respuesta al don de Dios, en una apertura constante a su gracia redentora.<br \/>Nuestras di\u00f3cesis tienen que asimilar y desarrollar en su labor evangelizadora este fecundo principio de la vocaci\u00f3n al amor. Para esta reflexi\u00f3n, este libro que presentamos puede realizar un precioso servicio.<br \/>En efecto, el autor ha comprendido la novedad de la Pastoral Familiar que los obispos han propuesto en la Instrucci\u00f3n Pastoral La familia, santuario de la vida y esperanza de la sociedad (2001) y el Directorio para la Pastoral Familiar de la Iglesia en Espa\u00f1a (2003), y ha sido capaz de articularla en una profunda reflexi\u00f3n sobre la vocaci\u00f3n al amor.<\/p>\n","protected":false},"excerpt":{"rendered":"<p>ACOSTA PESO, RAMON<\/p>\n","protected":false},"featured_media":0,"template":"","meta":{"_acf_changed":false,"om_disable_all_campaigns":false,"rs_blank_template":"","rs_page_bg_color":"","slide_template_v7":"","inline_featured_image":false,"_monsterinsights_skip_tracking":false,"_monsterinsights_sitenote_active":false,"_monsterinsights_sitenote_note":"","_monsterinsights_sitenote_category":0},"product_brand":[],"product_cat":[90,540],"product_tag":[],"class_list":{"0":"post-350049","1":"product","2":"type-product","3":"status-publish","5":"product_cat-altres","6":"product_cat-otros","8":"first","9":"instock","10":"taxable","11":"shipping-taxable","12":"purchasable","13":"product-type-simple"},"acf":{"editorial":[{"ID":6194,"post_author":"3","post_date":"2022-07-28 17:46:55","post_date_gmt":"2022-07-28 15:46:55","post_content":"","post_title":"EDICE - Conf. Episc.","post_excerpt":"","post_status":"publish","comment_status":"closed","ping_status":"closed","post_password":"","post_name":"edice-conf-episc","to_ping":"","pinged":"","post_modified":"2022-07-28 17:46:55","post_modified_gmt":"2022-07-28 15:46:55","post_content_filtered":"","post_parent":0,"guid":"http:\/\/dev.claret.cat\/editorial\/edice-conf-episc\/","menu_order":0,"post_type":"editorial","post_mime_type":"","comment_count":"0","filter":"raw"}],"autores-libros":[{"ID":167677,"post_author":"3","post_date":"2022-10-14 18:13:07","post_date_gmt":"2022-10-14 16:13:07","post_content":"","post_title":"RAMON ACOSTA PESO","post_excerpt":"","post_status":"publish","comment_status":"closed","ping_status":"closed","post_password":"","post_name":"ramon-acosta-peso","to_ping":"","pinged":"","post_modified":"2022-10-14 18:13:07","post_modified_gmt":"2022-10-14 16:13:07","post_content_filtered":"","post_parent":0,"guid":"http:\/\/dev.claret.cat\/autor\/ramon-acosta-peso\/","menu_order":0,"post_type":"autor","post_mime_type":"","comment_count":"0","filter":"raw"}],"autor":"ACOSTA PESO, RAMON","codart":"847141647","libros-coleccion":"Apostolado Seglar","ediciones":"1","encuadernacion":"R\u00fastica","fecha_de_publicacion":"18\/12\/2007","novedad":"0","paginas":"292","subtitulo":"LA VOCACI\u00d3N AL AMOR, HILO CONDUCTOR DE LA PASTORAL FAMILIAR","orden":"1","portada":"0","idioma":"spa"},"aioseo_notices":[],"_links":{"self":[{"href":"https:\/\/www.claret.cat\/es\/wp-json\/wp\/v2\/product\/350049","targetHints":{"allow":["GET"]}}],"collection":[{"href":"https:\/\/www.claret.cat\/es\/wp-json\/wp\/v2\/product"}],"about":[{"href":"https:\/\/www.claret.cat\/es\/wp-json\/wp\/v2\/types\/product"}],"wp:attachment":[{"href":"https:\/\/www.claret.cat\/es\/wp-json\/wp\/v2\/media?parent=350049"}],"wp:term":[{"taxonomy":"product_brand","embeddable":true,"href":"https:\/\/www.claret.cat\/es\/wp-json\/wp\/v2\/product_brand?post=350049"},{"taxonomy":"product_cat","embeddable":true,"href":"https:\/\/www.claret.cat\/es\/wp-json\/wp\/v2\/product_cat?post=350049"},{"taxonomy":"product_tag","embeddable":true,"href":"https:\/\/www.claret.cat\/es\/wp-json\/wp\/v2\/product_tag?post=350049"}],"curies":[{"name":"wp","href":"https:\/\/api.w.org\/{rel}","templated":true}]}}