{"id":350053,"date":"2023-01-14T07:55:32","date_gmt":"2023-01-14T06:55:32","guid":{"rendered":"https:\/\/www.claret.cat\/llibre\/la-pastoral-familiar-en-la-parroquia-9788471416575\/"},"modified":"2024-05-23T20:12:24","modified_gmt":"2024-05-23T18:12:24","slug":"la-pastoral-familiar-en-la-parroquia-9788471416575","status":"publish","type":"product","link":"https:\/\/www.claret.cat\/es\/libro\/la-pastoral-familiar-en-la-parroquia-9788471416575\/","title":{"rendered":"LA PASTORAL FAMILIAR EN LA PARROQUIA"},"content":{"rendered":"<p>La formaci\u00f3n de los agentes de pastoral familiar es la tarea primera y fundamental para poder ofrecer un acompa\u00f1amiento pastoral adecuado a la fam\u00edlia. Sigiuiendo las l\u00edneas marcadas por el Directorio de Pastoral Familiar, este libro propone los pasos a seguir para formar un Equipo parroquial de pastoral familiar que permita organizar la pastoral familiar en la parroquia de modo que, dentro de la parroquia, la pastoral familiar llegue a ser, m\u00e1s all\u00e0 de una aci\u00f3n sectorial, una dimension transvesal y esencial de la evangelizaci\u00f3n.<\/p>\n","protected":false},"excerpt":{"rendered":"<p>VIVES SOTO, LEOPOLDO;  ACOSTA PESO, RAM\u00d3N;  ARANDA AGUILAR, ENRIQUE<\/p>\n","protected":false},"featured_media":0,"template":"","meta":{"_acf_changed":false,"om_disable_all_campaigns":false,"rs_blank_template":"","rs_page_bg_color":"","slide_template_v7":"","inline_featured_image":false,"_monsterinsights_skip_tracking":false,"_monsterinsights_sitenote_active":false,"_monsterinsights_sitenote_note":"","_monsterinsights_sitenote_category":0},"product_brand":[],"product_cat":[90,540],"product_tag":[],"class_list":{"0":"post-350053","1":"product","2":"type-product","3":"status-publish","5":"product_cat-altres","6":"product_cat-otros","8":"first","9":"instock","10":"taxable","11":"shipping-taxable","12":"purchasable","13":"product-type-simple"},"acf":{"editorial":[{"ID":6194,"post_author":"3","post_date":"2022-07-28 17:46:55","post_date_gmt":"2022-07-28 15:46:55","post_content":"","post_title":"EDICE - Conf. Episc.","post_excerpt":"","post_status":"publish","comment_status":"closed","ping_status":"closed","post_password":"","post_name":"edice-conf-episc","to_ping":"","pinged":"","post_modified":"2022-07-28 17:46:55","post_modified_gmt":"2022-07-28 15:46:55","post_content_filtered":"","post_parent":0,"guid":"http:\/\/dev.claret.cat\/editorial\/edice-conf-episc\/","menu_order":0,"post_type":"editorial","post_mime_type":"","comment_count":"0","filter":"raw"}],"autores-libros":[{"ID":167677,"post_author":"3","post_date":"2022-10-14 18:13:07","post_date_gmt":"2022-10-14 16:13:07","post_content":"","post_title":"RAMON ACOSTA PESO","post_excerpt":"","post_status":"publish","comment_status":"closed","ping_status":"closed","post_password":"","post_name":"ramon-acosta-peso","to_ping":"","pinged":"","post_modified":"2022-10-14 18:13:07","post_modified_gmt":"2022-10-14 16:13:07","post_content_filtered":"","post_parent":0,"guid":"http:\/\/dev.claret.cat\/autor\/ramon-acosta-peso\/","menu_order":0,"post_type":"autor","post_mime_type":"","comment_count":"0","filter":"raw"},{"ID":350034,"post_author":"3","post_date":"2023-01-14 07:31:24","post_date_gmt":"2023-01-14 06:31:24","post_content":"","post_title":"LEOPOLDO VIVES SOTO","post_excerpt":"","post_status":"publish","comment_status":"closed","ping_status":"closed","post_password":"","post_name":"leopoldo-vives-soto","to_ping":"","pinged":"","post_modified":"2023-01-14 07:31:24","post_modified_gmt":"2023-01-14 06:31:24","post_content_filtered":"","post_parent":0,"guid":"https:\/\/www.claret.cat\/autor\/leopoldo-vives-soto\/","menu_order":0,"post_type":"autor","post_mime_type":"","comment_count":"0","filter":"raw"},{"ID":350033,"post_author":"3","post_date":"2023-01-14 07:31:22","post_date_gmt":"2023-01-14 06:31:22","post_content":"","post_title":"ENRIQUE ARANDA AGUILAR","post_excerpt":"","post_status":"publish","comment_status":"closed","ping_status":"closed","post_password":"","post_name":"enrique-aranda-aguilar","to_ping":"","pinged":"","post_modified":"2023-01-14 07:31:22","post_modified_gmt":"2023-01-14 06:31:22","post_content_filtered":"","post_parent":0,"guid":"https:\/\/www.claret.cat\/autor\/enrique-aranda-aguilar\/","menu_order":0,"post_type":"autor","post_mime_type":"","comment_count":"0","filter":"raw"}],"autor":"VIVES SOTO, LEOPOLDO;  ACOSTA PESO, RAM\u00d3N;  ARANDA AGUILAR, ENRIQUE","codart":"847141657","libros-coleccion":"Apostolado Seglar","ediciones":"1","encuadernacion":"R\u00fastica","fecha_de_publicacion":"09\/05\/2008","novedad":"0","paginas":"70","subtitulo":"","orden":"999","portada":"0","idioma":"spa"},"aioseo_notices":[],"_links":{"self":[{"href":"https:\/\/www.claret.cat\/es\/wp-json\/wp\/v2\/product\/350053","targetHints":{"allow":["GET"]}}],"collection":[{"href":"https:\/\/www.claret.cat\/es\/wp-json\/wp\/v2\/product"}],"about":[{"href":"https:\/\/www.claret.cat\/es\/wp-json\/wp\/v2\/types\/product"}],"wp:attachment":[{"href":"https:\/\/www.claret.cat\/es\/wp-json\/wp\/v2\/media?parent=350053"}],"wp:term":[{"taxonomy":"product_brand","embeddable":true,"href":"https:\/\/www.claret.cat\/es\/wp-json\/wp\/v2\/product_brand?post=350053"},{"taxonomy":"product_cat","embeddable":true,"href":"https:\/\/www.claret.cat\/es\/wp-json\/wp\/v2\/product_cat?post=350053"},{"taxonomy":"product_tag","embeddable":true,"href":"https:\/\/www.claret.cat\/es\/wp-json\/wp\/v2\/product_tag?post=350053"}],"curies":[{"name":"wp","href":"https:\/\/api.w.org\/{rel}","templated":true}]}}