{"id":350316,"date":"2023-01-14T08:28:22","date_gmt":"2023-01-14T07:28:22","guid":{"rendered":"https:\/\/www.claret.cat\/llibre\/el-compromiso-cristiano-7-9788471419132\/"},"modified":"2024-05-23T19:39:14","modified_gmt":"2024-05-23T17:39:14","slug":"el-compromiso-cristiano-7-9788471419132","status":"publish","type":"product","link":"https:\/\/www.claret.cat\/es\/libro\/el-compromiso-cristiano-7-9788471419132\/","title":{"rendered":"EL COMPROMISO CRISTIANO &#8211; 7"},"content":{"rendered":"<p>Predispuestos a iniciar este postrero tramo del itinerario de formaci&oacute;n, el s&eacute;ptimo volumen concentra su inter&eacute;s en los principios de nuestro ser Iglesia en el mundo y en el estudio de los diversos campos de presencia y compromiso laical para la transformaci&oacute;n cristiana de la realidad (trabajo, familia, pol&iacute;tica, cultura, econom&iacute;a). Y lo hace siguiendo las palabras con la que empieza <em>Gaudium et spes<\/em>: &quot; Los gozos y las esperanzas, las tristezas y las angustias de los hombres de nuestro tiempo, sobre todo de los pobres y de cuantos sufren son a la vez los gozos y esperanzas, tristezas y angustias, de los disc&iacute;pulos de Cristo&quot; (n.1).<\/p>\n","protected":false},"excerpt":{"rendered":"<p>YANES \u00c1LVAREZ, EL\u00cdAS; SALINAS VI\u00d1ALS, JAVIER<\/p>\n","protected":false},"featured_media":350317,"template":"","meta":{"_acf_changed":false,"om_disable_all_campaigns":false,"rs_blank_template":"","rs_page_bg_color":"","slide_template_v7":"","inline_featured_image":false,"_monsterinsights_skip_tracking":false,"_monsterinsights_sitenote_active":false,"_monsterinsights_sitenote_note":"","_monsterinsights_sitenote_category":0},"product_brand":[],"product_cat":[90,540],"product_tag":[],"class_list":{"0":"post-350316","1":"product","2":"type-product","3":"status-publish","4":"has-post-thumbnail","6":"product_cat-altres","7":"product_cat-otros","9":"first","10":"instock","11":"taxable","12":"shipping-taxable","13":"purchasable","14":"product-type-simple"},"acf":{"editorial":[{"ID":6194,"post_author":"3","post_date":"2022-07-28 17:46:55","post_date_gmt":"2022-07-28 15:46:55","post_content":"","post_title":"EDICE - Conf. Episc.","post_excerpt":"","post_status":"publish","comment_status":"closed","ping_status":"closed","post_password":"","post_name":"edice-conf-episc","to_ping":"","pinged":"","post_modified":"2022-07-28 17:46:55","post_modified_gmt":"2022-07-28 15:46:55","post_content_filtered":"","post_parent":0,"guid":"http:\/\/dev.claret.cat\/editorial\/edice-conf-episc\/","menu_order":0,"post_type":"editorial","post_mime_type":"","comment_count":"0","filter":"raw"}],"autores-libros":[{"ID":158784,"post_author":"3","post_date":"2022-10-14 15:39:35","post_date_gmt":"2022-10-14 13:39:35","post_content":"","post_title":"JAVIER SALINAS VI\u00d1ALS","post_excerpt":"","post_status":"publish","comment_status":"closed","ping_status":"closed","post_password":"","post_name":"javier-salinas-vinals","to_ping":"","pinged":"","post_modified":"2022-10-14 15:39:35","post_modified_gmt":"2022-10-14 13:39:35","post_content_filtered":"","post_parent":0,"guid":"http:\/\/dev.claret.cat\/autor\/javier-salinas-vinals\/","menu_order":0,"post_type":"autor","post_mime_type":"","comment_count":"0","filter":"raw"},{"ID":154780,"post_author":"3","post_date":"2022-10-14 15:07:34","post_date_gmt":"2022-10-14 13:07:34","post_content":"","post_title":"EL\u00cdAS YANES \u00c1LVAREZ","post_excerpt":"","post_status":"publish","comment_status":"closed","ping_status":"closed","post_password":"","post_name":"elias-yanes-alvarez","to_ping":"","pinged":"","post_modified":"2022-10-14 15:07:34","post_modified_gmt":"2022-10-14 13:07:34","post_content_filtered":"","post_parent":0,"guid":"http:\/\/dev.claret.cat\/autor\/elias-yanes-alvarez\/","menu_order":0,"post_type":"autor","post_mime_type":"","comment_count":"0","filter":"raw"}],"autor":"YANES \u00c1LVAREZ, EL\u00cdAS; SALINAS VI\u00d1ALS, JAVIER","codart":"847141913","libros-coleccion":"","ediciones":"1","encuadernacion":"R\u00fastica","fecha_de_publicacion":"04\/07\/2019","novedad":"1","paginas":"200","subtitulo":"LA IGLESIA Y LA TRANSFORMACI\u00d3N DEL MUNDO - SEGUNDA ETAPA, SER TESTIGOS DE LA FE","orden":"0","portada":"0","idioma":"spa"},"aioseo_notices":[],"_links":{"self":[{"href":"https:\/\/www.claret.cat\/es\/wp-json\/wp\/v2\/product\/350316","targetHints":{"allow":["GET"]}}],"collection":[{"href":"https:\/\/www.claret.cat\/es\/wp-json\/wp\/v2\/product"}],"about":[{"href":"https:\/\/www.claret.cat\/es\/wp-json\/wp\/v2\/types\/product"}],"wp:featuredmedia":[{"embeddable":true,"href":"https:\/\/www.claret.cat\/es\/wp-json\/wp\/v2\/media\/350317"}],"wp:attachment":[{"href":"https:\/\/www.claret.cat\/es\/wp-json\/wp\/v2\/media?parent=350316"}],"wp:term":[{"taxonomy":"product_brand","embeddable":true,"href":"https:\/\/www.claret.cat\/es\/wp-json\/wp\/v2\/product_brand?post=350316"},{"taxonomy":"product_cat","embeddable":true,"href":"https:\/\/www.claret.cat\/es\/wp-json\/wp\/v2\/product_cat?post=350316"},{"taxonomy":"product_tag","embeddable":true,"href":"https:\/\/www.claret.cat\/es\/wp-json\/wp\/v2\/product_tag?post=350316"}],"curies":[{"name":"wp","href":"https:\/\/api.w.org\/{rel}","templated":true}]}}