{"id":350412,"date":"2023-01-14T08:49:44","date_gmt":"2023-01-14T07:49:44","guid":{"rendered":"https:\/\/www.claret.cat\/llibre\/misal-de-la-comunidad-ii-diario-9788471511270\/"},"modified":"2024-05-23T19:24:45","modified_gmt":"2024-05-23T17:24:45","slug":"misal-de-la-comunidad-ii-diario-9788471511270","status":"publish","type":"product","link":"https:\/\/www.claret.cat\/es\/libro\/misal-de-la-comunidad-ii-diario-9788471511270\/","title":{"rendered":"MISAL DE LA COMUNIDAD &#8211; II &#8211; DIARIO"},"content":{"rendered":"<p>El presente tomo II del Misal de la Comunidad es complemento del ya aparecido tomo I del os domingos y fiestas de precepto y obligada presentaci\u00f3n del os formularios oracionales y b\u00edblicos de las eucarist\u00edas feriales del Propio del tiempo y de los santos. Con esta publicaci\u00f3n se completa la riqueza total del Misal Romano en su edici\u00f3n castellana para los fieles.<\/p>\n","protected":false},"excerpt":{"rendered":"<p>VERBO DIVINO<\/p>\n","protected":false},"featured_media":389558,"template":"","meta":{"_acf_changed":false,"om_disable_all_campaigns":false,"rs_blank_template":"","rs_page_bg_color":"","slide_template_v7":"","inline_featured_image":false,"_monsterinsights_skip_tracking":false,"_monsterinsights_sitenote_active":false,"_monsterinsights_sitenote_note":"","_monsterinsights_sitenote_category":0},"product_brand":[],"product_cat":[80,346,78,344],"product_tag":[],"class_list":{"0":"post-350412","1":"product","2":"type-product","3":"status-publish","4":"has-post-thumbnail","6":"product_cat-liturgia","7":"product_cat-libros-liturgia","8":"product_cat-pastoral","9":"product_cat-pastoral-1_espiritualidad","11":"first","12":"outofstock","13":"taxable","14":"shipping-taxable","15":"purchasable","16":"product-type-simple"},"acf":{"editorial":[{"ID":6390,"post_author":"3","post_date":"2022-07-28 17:51:08","post_date_gmt":"2022-07-28 15:51:08","post_content":"","post_title":"VERBO DIVINO","post_excerpt":"","post_status":"publish","comment_status":"closed","ping_status":"closed","post_password":"","post_name":"verbo-divino","to_ping":"","pinged":"","post_modified":"2022-07-28 17:51:08","post_modified_gmt":"2022-07-28 15:51:08","post_content_filtered":"","post_parent":0,"guid":"http:\/\/dev.claret.cat\/editorial\/verbo-divino\/","menu_order":0,"post_type":"editorial","post_mime_type":"","comment_count":"0","filter":"raw"}],"autores-libros":[{"ID":6074,"post_author":"3","post_date":"2022-07-28 17:37:35","post_date_gmt":"2022-07-28 15:37:35","post_content":"","post_title":"VERBO DIVINO","post_excerpt":"","post_status":"publish","comment_status":"closed","ping_status":"closed","post_password":"","post_name":"verbo-divino","to_ping":"","pinged":"","post_modified":"2022-07-28 17:37:35","post_modified_gmt":"2022-07-28 15:37:35","post_content_filtered":"","post_parent":0,"guid":"http:\/\/dev.claret.cat\/autor\/verbo-divino\/","menu_order":0,"post_type":"autor","post_mime_type":"","comment_count":"0","filter":"raw"}],"autor":"VERBO DIVINO","codart":"847151127","libros-coleccion":"","ediciones":"14","encuadernacion":"Carton\u00e9","fecha_de_publicacion":"14\/03\/2011","novedad":"0","paginas":"1836","subtitulo":"MISAL DIARIO","orden":"999","portada":"0","idioma":"spa"},"aioseo_notices":[],"_links":{"self":[{"href":"https:\/\/www.claret.cat\/es\/wp-json\/wp\/v2\/product\/350412","targetHints":{"allow":["GET"]}}],"collection":[{"href":"https:\/\/www.claret.cat\/es\/wp-json\/wp\/v2\/product"}],"about":[{"href":"https:\/\/www.claret.cat\/es\/wp-json\/wp\/v2\/types\/product"}],"wp:featuredmedia":[{"embeddable":true,"href":"https:\/\/www.claret.cat\/es\/wp-json\/wp\/v2\/media\/389558"}],"wp:attachment":[{"href":"https:\/\/www.claret.cat\/es\/wp-json\/wp\/v2\/media?parent=350412"}],"wp:term":[{"taxonomy":"product_brand","embeddable":true,"href":"https:\/\/www.claret.cat\/es\/wp-json\/wp\/v2\/product_brand?post=350412"},{"taxonomy":"product_cat","embeddable":true,"href":"https:\/\/www.claret.cat\/es\/wp-json\/wp\/v2\/product_cat?post=350412"},{"taxonomy":"product_tag","embeddable":true,"href":"https:\/\/www.claret.cat\/es\/wp-json\/wp\/v2\/product_tag?post=350412"}],"curies":[{"name":"wp","href":"https:\/\/api.w.org\/{rel}","templated":true}]}}