{"id":35056,"date":"2022-10-02T17:57:52","date_gmt":"2022-10-02T15:57:52","guid":{"rendered":"http:\/\/dev.claret.cat\/producte\/guia-didactica-de-la-batalla-de-lebre\/"},"modified":"2024-04-10T12:45:49","modified_gmt":"2024-04-10T10:45:49","slug":"guia-didactica-de-la-batalla-de-lebre-9788423208845","status":"publish","type":"product","link":"https:\/\/www.claret.cat\/es\/libro\/guia-didactica-de-la-batalla-de-lebre-9788423208845\/","title":{"rendered":"GUIA DID\u00c0CTICA DE LA BATALLA DE L&#8221;EBRE"},"content":{"rendered":"<p>Al cap de moltes d\u00e8cades, la batalla de l&#8221;Ebre, la seva hist\u00f2ria, la seva mem\u00f2ria i el seu patrimoni material i immaterial continuen essent objecte d&#8221;inter\u00e8s. De fet, la batalla de l&#8221;Ebre no ha acabat. Els intents de condicionar el seu passat i d&#8221;apropiar-se&#8221;n han estat constants des de tota mena de punts de vista. Els relats, els monuments, el tractament de les restes arqueol\u00f2giques, els productes culturals i museogr\u00e0fics&#8230; han volgut i volen donar versions diverses, no sempre congruents amb els fets. Aquesta \u00abbatalla\u00bb pel control del passat de la batalla tamb\u00e9 forma part de la seva hist\u00f2ria.<\/p>\n","protected":false},"excerpt":{"rendered":"<p>SOSPEDRA I ROCA, RAFEL \/ HERN\u00c0NDEZ CARDONA, FRANCESC XAVIER<\/p>\n","protected":false},"featured_media":325092,"template":"","meta":{"_acf_changed":false,"om_disable_all_campaigns":false,"rs_blank_template":"","rs_page_bg_color":"","slide_template_v7":"","inline_featured_image":false,"_monsterinsights_skip_tracking":false,"_monsterinsights_sitenote_active":false,"_monsterinsights_sitenote_note":"","_monsterinsights_sitenote_category":0},"product_brand":[],"product_cat":[430,153],"product_tag":[],"class_list":{"0":"post-35056","1":"product","2":"type-product","3":"status-publish","4":"has-post-thumbnail","6":"product_cat-cataluna","7":"product_cat-catalunya","9":"first","10":"instock","11":"taxable","12":"shipping-taxable","13":"purchasable","14":"product-type-simple"},"acf":{"autor":"SOSPEDRA I ROCA, RAFEL \/ HERN\u00c0NDEZ CARDONA, FRANCESC XAVIER","codart":"842320884","libros-coleccion":"FORA DE COL.LECCI\u00d3","ediciones":"1","encuadernacion":"R\u00fastica","fecha_de_publicacion":"01\/08\/2022","novedad":"1","paginas":"198","subtitulo":"HIST\u00d2RIA, MEM\u00d2RIA I PATRIMONI","orden":"0","portada":"0","idioma":"cat","editorial":[{"ID":148724,"post_author":"3","post_date":"2022-10-14 12:00:29","post_date_gmt":"2022-10-14 10:00:29","post_content":"","post_title":"Rafael dalmau","post_excerpt":"","post_status":"publish","comment_status":"closed","ping_status":"closed","post_password":"","post_name":"rafael-dalmau","to_ping":"","pinged":"","post_modified":"2022-10-14 12:00:29","post_modified_gmt":"2022-10-14 10:00:29","post_content_filtered":"","post_parent":0,"guid":"http:\/\/dev.claret.cat\/editorial\/rafael-dalmau\/","menu_order":0,"post_type":"editorial","post_mime_type":"","comment_count":"0","filter":"raw"}],"autores-libros":[{"ID":167633,"post_author":"3","post_date":"2022-10-14 18:12:46","post_date_gmt":"2022-10-14 16:12:46","post_content":"","post_title":"RAFEL SOSPEDRA I ROCA","post_excerpt":"","post_status":"publish","comment_status":"closed","ping_status":"closed","post_password":"","post_name":"rafel-sospedra-i-roca","to_ping":"","pinged":"","post_modified":"2022-10-14 18:12:46","post_modified_gmt":"2022-10-14 16:12:46","post_content_filtered":"","post_parent":0,"guid":"http:\/\/dev.claret.cat\/autor\/rafel-sospedra-i-roca\/","menu_order":0,"post_type":"autor","post_mime_type":"","comment_count":"0","filter":"raw"},{"ID":156154,"post_author":"3","post_date":"2022-10-14 15:18:32","post_date_gmt":"2022-10-14 13:18:32","post_content":"","post_title":"FRANCESC XAVIER HERNANDEZ CARDONA","post_excerpt":"","post_status":"publish","comment_status":"closed","ping_status":"closed","post_password":"","post_name":"francesc-xavier-hernandez-cardona","to_ping":"","pinged":"","post_modified":"2022-10-14 15:18:32","post_modified_gmt":"2022-10-14 13:18:32","post_content_filtered":"","post_parent":0,"guid":"http:\/\/dev.claret.cat\/autor\/francesc-xavier-hernandez-cardona\/","menu_order":0,"post_type":"autor","post_mime_type":"","comment_count":"0","filter":"raw"}]},"aioseo_notices":[],"_links":{"self":[{"href":"https:\/\/www.claret.cat\/es\/wp-json\/wp\/v2\/product\/35056","targetHints":{"allow":["GET"]}}],"collection":[{"href":"https:\/\/www.claret.cat\/es\/wp-json\/wp\/v2\/product"}],"about":[{"href":"https:\/\/www.claret.cat\/es\/wp-json\/wp\/v2\/types\/product"}],"wp:featuredmedia":[{"embeddable":true,"href":"https:\/\/www.claret.cat\/es\/wp-json\/wp\/v2\/media\/325092"}],"wp:attachment":[{"href":"https:\/\/www.claret.cat\/es\/wp-json\/wp\/v2\/media?parent=35056"}],"wp:term":[{"taxonomy":"product_brand","embeddable":true,"href":"https:\/\/www.claret.cat\/es\/wp-json\/wp\/v2\/product_brand?post=35056"},{"taxonomy":"product_cat","embeddable":true,"href":"https:\/\/www.claret.cat\/es\/wp-json\/wp\/v2\/product_cat?post=35056"},{"taxonomy":"product_tag","embeddable":true,"href":"https:\/\/www.claret.cat\/es\/wp-json\/wp\/v2\/product_tag?post=35056"}],"curies":[{"name":"wp","href":"https:\/\/api.w.org\/{rel}","templated":true}]}}