{"id":350668,"date":"2023-01-14T09:19:23","date_gmt":"2023-01-14T08:19:23","guid":{"rendered":"https:\/\/www.claret.cat\/llibre\/concordancias-de-los-escritos-de-santa-teresa-de-jesus-9788472395602\/"},"modified":"2026-04-08T10:20:21","modified_gmt":"2026-04-08T08:20:21","slug":"concordancias-de-los-escritos-de-santa-teresa-de-jesus-9788472395602","status":"publish","type":"product","link":"https:\/\/www.claret.cat\/es\/libro\/concordancias-de-los-escritos-de-santa-teresa-de-jesus-9788472395602\/","title":{"rendered":"CONCORDANCIAS DE LOS ESCRITOS DE SANTA TERESA DE JES\u00daS"},"content":{"rendered":"<p>Las Concordancias son, como se sabe, una especie  de diccionario que comprende todas las palabras de un texto determinado. No se reducen, sin embargo, aun mero \u00edndice de vocablos, sino que juntamente con ellas, ordenadas alfab\u00e9ticamente, se ofrece parte del contexto que les precee o sigue. Cuando se realiza con la perfecci\u00f3n habida en este caso, supone una labor ingente, que s\u00f3lo suele aplicarse a textos como la B\u00edblia, o a autores tan significativos como \u00e9sta. Pero tambi\u00e9n se convierte en el m\u00e1s \u00fatil de cuantos recursos puedan tener a su alcance cualquiera de sus estudiosos.<\/p>\n","protected":false},"excerpt":{"rendered":"<p>ASTIGARRAGA, JUAN LUIS\/BORREL VIADER, AGUSTI<\/p>\n","protected":false},"featured_media":350669,"template":"","meta":{"_acf_changed":false,"om_disable_all_campaigns":false,"rs_blank_template":"","rs_page_bg_color":"","slide_template_v7":"","inline_featured_image":false,"_monsterinsights_skip_tracking":false,"_monsterinsights_sitenote_active":false,"_monsterinsights_sitenote_note":"","_monsterinsights_sitenote_category":0},"product_brand":[],"product_cat":[90,540],"product_tag":[],"class_list":{"0":"post-350668","1":"product","2":"type-product","3":"status-publish","4":"has-post-thumbnail","6":"product_cat-altres","7":"product_cat-otros","9":"first","10":"instock","11":"taxable","12":"shipping-taxable","13":"purchasable","14":"product-type-simple"},"acf":{"editorial":[{"ID":6309,"post_author":"3","post_date":"2022-07-28 17:49:25","post_date_gmt":"2022-07-28 15:49:25","post_content":"","post_title":"Monte Carmelo","post_excerpt":"","post_status":"publish","comment_status":"closed","ping_status":"closed","post_password":"","post_name":"monte-carmelo","to_ping":"","pinged":"","post_modified":"2022-07-28 17:49:25","post_modified_gmt":"2022-07-28 15:49:25","post_content_filtered":"","post_parent":0,"guid":"http:\/\/dev.claret.cat\/editorial\/monte-carmelo\/","menu_order":0,"post_type":"editorial","post_mime_type":"","comment_count":"0","filter":"raw"}],"autores-libros":[{"ID":350667,"post_author":"3","post_date":"2023-01-14 09:19:18","post_date_gmt":"2023-01-14 08:19:18","post_content":"","post_title":"JUAN LUIS ASTIGARRAGA","post_excerpt":"","post_status":"publish","comment_status":"closed","ping_status":"closed","post_password":"","post_name":"juan-luis-astigarraga","to_ping":"","pinged":"","post_modified":"2023-01-14 09:19:18","post_modified_gmt":"2023-01-14 08:19:18","post_content_filtered":"","post_parent":0,"guid":"https:\/\/www.claret.cat\/autor\/juan-luis-astigarraga\/","menu_order":0,"post_type":"autor","post_mime_type":"","comment_count":"0","filter":"raw"},{"ID":350666,"post_author":"3","post_date":"2023-01-14 09:19:17","post_date_gmt":"2023-01-14 08:19:17","post_content":"","post_title":"AGUSTI BORREL VIADER","post_excerpt":"","post_status":"publish","comment_status":"closed","ping_status":"closed","post_password":"","post_name":"agusti-borrel-viader","to_ping":"","pinged":"","post_modified":"2023-01-14 09:19:17","post_modified_gmt":"2023-01-14 08:19:17","post_content_filtered":"","post_parent":0,"guid":"https:\/\/www.claret.cat\/autor\/agusti-borrel-viader\/","menu_order":0,"post_type":"autor","post_mime_type":"","comment_count":"0","filter":"raw"}],"autor":"ASTIGARRAGA, JUAN LUIS\/BORREL VIADER, AGUSTI","codart":"847239560","libros-coleccion":"FORA DE COL.LECCI\u00d3","ediciones":"1","encuadernacion":"Carton\u00e9","fecha_de_publicacion":"01\/05\/2012","novedad":"0","paginas":"2000","subtitulo":"","orden":"999","portada":"0","idioma":"spa","booktrailer":"","resenas":""},"aioseo_notices":[],"_links":{"self":[{"href":"https:\/\/www.claret.cat\/es\/wp-json\/wp\/v2\/product\/350668","targetHints":{"allow":["GET"]}}],"collection":[{"href":"https:\/\/www.claret.cat\/es\/wp-json\/wp\/v2\/product"}],"about":[{"href":"https:\/\/www.claret.cat\/es\/wp-json\/wp\/v2\/types\/product"}],"wp:featuredmedia":[{"embeddable":true,"href":"https:\/\/www.claret.cat\/es\/wp-json\/wp\/v2\/media\/350669"}],"wp:attachment":[{"href":"https:\/\/www.claret.cat\/es\/wp-json\/wp\/v2\/media?parent=350668"}],"wp:term":[{"taxonomy":"product_brand","embeddable":true,"href":"https:\/\/www.claret.cat\/es\/wp-json\/wp\/v2\/product_brand?post=350668"},{"taxonomy":"product_cat","embeddable":true,"href":"https:\/\/www.claret.cat\/es\/wp-json\/wp\/v2\/product_cat?post=350668"},{"taxonomy":"product_tag","embeddable":true,"href":"https:\/\/www.claret.cat\/es\/wp-json\/wp\/v2\/product_tag?post=350668"}],"curies":[{"name":"wp","href":"https:\/\/api.w.org\/{rel}","templated":true}]}}