{"id":350786,"date":"2023-01-14T09:34:27","date_gmt":"2023-01-14T08:34:27","guid":{"rendered":"https:\/\/www.claret.cat\/llibre\/una-luz-entre-la-niebla-9788472402126\/"},"modified":"2024-05-23T18:20:02","modified_gmt":"2024-05-23T16:20:02","slug":"una-luz-entre-la-niebla-9788472402126","status":"publish","type":"product","link":"https:\/\/www.claret.cat\/es\/libro\/una-luz-entre-la-niebla-9788472402126\/","title":{"rendered":"UNA LUZ ENTRE LA NIEBLA"},"content":{"rendered":"<p>Todos tenemos la impresi\u00f3n de que la vida es, con mucha frecuencia, &#8216;niebla&#8217;. Tambi\u00e9n la del creyente. Y agradecemos a cualquiera el que nos aporte una peque\u00f1a luz. Es lo que intenta este libro. Con un pensamiento claro, un estilo directo y provocador, el autor se ha esforzado por iluminar con la palabra y la vida de Francisco de As\u00eds las muchas cuestiones que se nos presentan en nuestra existencia. Interpelados por la realidad, emplazados por los problemas, podemos acudir a las fuentes, para que amigablemente nos ofrezca su luz.<\/p>\n","protected":false},"excerpt":{"rendered":"<p>AIZPUR\u00daA, FIDEL<\/p>\n","protected":false},"featured_media":350787,"template":"","meta":{"_acf_changed":false,"om_disable_all_campaigns":false,"rs_blank_template":"","rs_page_bg_color":"","slide_template_v7":"","inline_featured_image":false,"_monsterinsights_skip_tracking":false,"_monsterinsights_sitenote_active":false,"_monsterinsights_sitenote_note":"","_monsterinsights_sitenote_category":0},"product_brand":[],"product_cat":[90,540],"product_tag":[],"class_list":{"0":"post-350786","1":"product","2":"type-product","3":"status-publish","4":"has-post-thumbnail","6":"product_cat-altres","7":"product_cat-otros","9":"first","10":"instock","11":"taxable","12":"shipping-taxable","13":"purchasable","14":"product-type-simple"},"acf":{"editorial":[{"ID":147454,"post_author":"3","post_date":"2022-10-14 11:50:42","post_date_gmt":"2022-10-14 09:50:42","post_content":"","post_title":"ARANTZAZU","post_excerpt":"","post_status":"publish","comment_status":"closed","ping_status":"closed","post_password":"","post_name":"arantzazu","to_ping":"","pinged":"","post_modified":"2022-10-14 11:50:42","post_modified_gmt":"2022-10-14 09:50:42","post_content_filtered":"","post_parent":0,"guid":"http:\/\/dev.claret.cat\/editorial\/arantzazu\/","menu_order":0,"post_type":"editorial","post_mime_type":"","comment_count":"0","filter":"raw"}],"autores-libros":[{"ID":155922,"post_author":"3","post_date":"2022-10-14 15:16:42","post_date_gmt":"2022-10-14 13:16:42","post_content":"","post_title":"FIDEL AIZPUR\u00daA","post_excerpt":"","post_status":"publish","comment_status":"closed","ping_status":"closed","post_password":"","post_name":"fidel-aizpurua","to_ping":"","pinged":"","post_modified":"2022-10-14 15:16:42","post_modified_gmt":"2022-10-14 13:16:42","post_content_filtered":"","post_parent":0,"guid":"http:\/\/dev.claret.cat\/autor\/fidel-aizpurua\/","menu_order":0,"post_type":"autor","post_mime_type":"","comment_count":"0","filter":"raw"}],"autor":"AIZPUR\u00daA, FIDEL","codart":"847240212","libros-coleccion":"","ediciones":"1","encuadernacion":"R\u00fastica","fecha_de_publicacion":"26\/10\/2010","novedad":"0","paginas":"313","subtitulo":"RESPUESTAS FRANCISCANAS PARA PREGUNTAS DE HOY","orden":"999","portada":"0","idioma":"spa"},"aioseo_notices":[],"_links":{"self":[{"href":"https:\/\/www.claret.cat\/es\/wp-json\/wp\/v2\/product\/350786","targetHints":{"allow":["GET"]}}],"collection":[{"href":"https:\/\/www.claret.cat\/es\/wp-json\/wp\/v2\/product"}],"about":[{"href":"https:\/\/www.claret.cat\/es\/wp-json\/wp\/v2\/types\/product"}],"wp:featuredmedia":[{"embeddable":true,"href":"https:\/\/www.claret.cat\/es\/wp-json\/wp\/v2\/media\/350787"}],"wp:attachment":[{"href":"https:\/\/www.claret.cat\/es\/wp-json\/wp\/v2\/media?parent=350786"}],"wp:term":[{"taxonomy":"product_brand","embeddable":true,"href":"https:\/\/www.claret.cat\/es\/wp-json\/wp\/v2\/product_brand?post=350786"},{"taxonomy":"product_cat","embeddable":true,"href":"https:\/\/www.claret.cat\/es\/wp-json\/wp\/v2\/product_cat?post=350786"},{"taxonomy":"product_tag","embeddable":true,"href":"https:\/\/www.claret.cat\/es\/wp-json\/wp\/v2\/product_tag?post=350786"}],"curies":[{"name":"wp","href":"https:\/\/api.w.org\/{rel}","templated":true}]}}