{"id":350939,"date":"2023-01-14T09:52:58","date_gmt":"2023-01-14T08:52:58","guid":{"rendered":"https:\/\/www.claret.cat\/llibre\/acoger-comprender-acompanar-9788471417060\/"},"modified":"2024-05-23T20:08:43","modified_gmt":"2024-05-23T18:08:43","slug":"acoger-comprender-acompanar-9788471417060","status":"publish","type":"product","link":"https:\/\/www.claret.cat\/es\/libro\/acoger-comprender-acompanar-9788471417060\/","title":{"rendered":"ACOGER, COMPRENDER, ACOMPA\u00d1AR"},"content":{"rendered":"","protected":false},"excerpt":{"rendered":"<p>FERN\u00c1NADEZ GARC\u00cdA, ABILIO<\/p>\n","protected":false},"featured_media":0,"template":"","meta":{"_acf_changed":false,"om_disable_all_campaigns":false,"rs_blank_template":"","rs_page_bg_color":"","slide_template_v7":"","inline_featured_image":false,"_monsterinsights_skip_tracking":false,"_monsterinsights_sitenote_active":false,"_monsterinsights_sitenote_note":"","_monsterinsights_sitenote_category":0},"product_brand":[],"product_cat":[90,540],"product_tag":[],"class_list":{"0":"post-350939","1":"product","2":"type-product","3":"status-publish","5":"product_cat-altres","6":"product_cat-otros","8":"first","9":"instock","10":"taxable","11":"shipping-taxable","12":"purchasable","13":"product-type-simple"},"acf":{"editorial":[{"ID":6194,"post_author":"3","post_date":"2022-07-28 17:46:55","post_date_gmt":"2022-07-28 15:46:55","post_content":"","post_title":"EDICE - Conf. Episc.","post_excerpt":"","post_status":"publish","comment_status":"closed","ping_status":"closed","post_password":"","post_name":"edice-conf-episc","to_ping":"","pinged":"","post_modified":"2022-07-28 17:46:55","post_modified_gmt":"2022-07-28 15:46:55","post_content_filtered":"","post_parent":0,"guid":"http:\/\/dev.claret.cat\/editorial\/edice-conf-episc\/","menu_order":0,"post_type":"editorial","post_mime_type":"","comment_count":"0","filter":"raw"}],"autores-libros":[{"ID":350079,"post_author":"3","post_date":"2023-01-14 07:59:52","post_date_gmt":"2023-01-14 06:59:52","post_content":"","post_title":"ABILIO FERN\u00c1NADEZ GARC\u00cdA","post_excerpt":"","post_status":"publish","comment_status":"closed","ping_status":"closed","post_password":"","post_name":"abilio-fernanadez-garcia","to_ping":"","pinged":"","post_modified":"2023-01-14 07:59:52","post_modified_gmt":"2023-01-14 06:59:52","post_content_filtered":"","post_parent":0,"guid":"https:\/\/www.claret.cat\/autor\/abilio-fernanadez-garcia\/","menu_order":0,"post_type":"autor","post_mime_type":"","comment_count":"0","filter":"raw"}],"autor":"FERN\u00c1NADEZ GARC\u00cdA, ABILIO","codart":"847141706","libros-coleccion":"","ediciones":"1","encuadernacion":"","fecha_de_publicacion":"17\/06\/2013","novedad":"0","paginas":"152","subtitulo":"","orden":"999","portada":"0","idioma":"spa"},"aioseo_notices":[],"_links":{"self":[{"href":"https:\/\/www.claret.cat\/es\/wp-json\/wp\/v2\/product\/350939","targetHints":{"allow":["GET"]}}],"collection":[{"href":"https:\/\/www.claret.cat\/es\/wp-json\/wp\/v2\/product"}],"about":[{"href":"https:\/\/www.claret.cat\/es\/wp-json\/wp\/v2\/types\/product"}],"wp:attachment":[{"href":"https:\/\/www.claret.cat\/es\/wp-json\/wp\/v2\/media?parent=350939"}],"wp:term":[{"taxonomy":"product_brand","embeddable":true,"href":"https:\/\/www.claret.cat\/es\/wp-json\/wp\/v2\/product_brand?post=350939"},{"taxonomy":"product_cat","embeddable":true,"href":"https:\/\/www.claret.cat\/es\/wp-json\/wp\/v2\/product_cat?post=350939"},{"taxonomy":"product_tag","embeddable":true,"href":"https:\/\/www.claret.cat\/es\/wp-json\/wp\/v2\/product_tag?post=350939"}],"curies":[{"name":"wp","href":"https:\/\/api.w.org\/{rel}","templated":true}]}}