{"id":350953,"date":"2023-01-14T09:59:05","date_gmt":"2023-01-14T08:59:05","guid":{"rendered":"https:\/\/www.claret.cat\/llibre\/profesion-de-fe-y-credo-3-a-9788471417626\/"},"modified":"2024-05-23T20:02:45","modified_gmt":"2024-05-23T18:02:45","slug":"profesion-de-fe-y-credo-3-a-9788471417626","status":"publish","type":"product","link":"https:\/\/www.claret.cat\/es\/libro\/profesion-de-fe-y-credo-3-a-9788471417626\/","title":{"rendered":"PROFESI\u00d3N DE FE Y CREDO &#8211; 3 A"},"content":{"rendered":"","protected":false},"excerpt":{"rendered":"<p>YANES \u00c1LVAREZ, EL\u00cdAS<\/p>\n","protected":false},"featured_media":0,"template":"","meta":{"_acf_changed":false,"om_disable_all_campaigns":false,"rs_blank_template":"","rs_page_bg_color":"","slide_template_v7":"","inline_featured_image":false,"_monsterinsights_skip_tracking":false,"_monsterinsights_sitenote_active":false,"_monsterinsights_sitenote_note":"","_monsterinsights_sitenote_category":0},"product_brand":[],"product_cat":[90,540],"product_tag":[],"class_list":{"0":"post-350953","1":"product","2":"type-product","3":"status-publish","5":"product_cat-altres","6":"product_cat-otros","8":"first","9":"outofstock","10":"taxable","11":"shipping-taxable","12":"purchasable","13":"product-type-simple"},"acf":{"autor":"YANES \u00c1LVAREZ, EL\u00cdAS","codart":"847141762","libros-coleccion":"","ediciones":"1","encuadernacion":"R\u00fastica","fecha_de_publicacion":"27\/11\/2012","novedad":"0","paginas":"384","subtitulo":"LA S\u00cdNTESIS DE LA FE - PRIMERA ETAPA - SER CRISTIANOS","orden":"999","portada":"0","idioma":"spa","editorial":[{"ID":6194,"post_author":"3","post_date":"2022-07-28 17:46:55","post_date_gmt":"2022-07-28 15:46:55","post_content":"","post_title":"EDICE - Conf. Episc.","post_excerpt":"","post_status":"publish","comment_status":"closed","ping_status":"closed","post_password":"","post_name":"edice-conf-episc","to_ping":"","pinged":"","post_modified":"2022-07-28 17:46:55","post_modified_gmt":"2022-07-28 15:46:55","post_content_filtered":"","post_parent":0,"guid":"http:\/\/dev.claret.cat\/editorial\/edice-conf-episc\/","menu_order":0,"post_type":"editorial","post_mime_type":"","comment_count":"0","filter":"raw"}],"autores-libros":[{"ID":154780,"post_author":"3","post_date":"2022-10-14 15:07:34","post_date_gmt":"2022-10-14 13:07:34","post_content":"","post_title":"EL\u00cdAS YANES \u00c1LVAREZ","post_excerpt":"","post_status":"publish","comment_status":"closed","ping_status":"closed","post_password":"","post_name":"elias-yanes-alvarez","to_ping":"","pinged":"","post_modified":"2022-10-14 15:07:34","post_modified_gmt":"2022-10-14 13:07:34","post_content_filtered":"","post_parent":0,"guid":"http:\/\/dev.claret.cat\/autor\/elias-yanes-alvarez\/","menu_order":0,"post_type":"autor","post_mime_type":"","comment_count":"0","filter":"raw"}]},"aioseo_notices":[],"_links":{"self":[{"href":"https:\/\/www.claret.cat\/es\/wp-json\/wp\/v2\/product\/350953","targetHints":{"allow":["GET"]}}],"collection":[{"href":"https:\/\/www.claret.cat\/es\/wp-json\/wp\/v2\/product"}],"about":[{"href":"https:\/\/www.claret.cat\/es\/wp-json\/wp\/v2\/types\/product"}],"wp:attachment":[{"href":"https:\/\/www.claret.cat\/es\/wp-json\/wp\/v2\/media?parent=350953"}],"wp:term":[{"taxonomy":"product_brand","embeddable":true,"href":"https:\/\/www.claret.cat\/es\/wp-json\/wp\/v2\/product_brand?post=350953"},{"taxonomy":"product_cat","embeddable":true,"href":"https:\/\/www.claret.cat\/es\/wp-json\/wp\/v2\/product_cat?post=350953"},{"taxonomy":"product_tag","embeddable":true,"href":"https:\/\/www.claret.cat\/es\/wp-json\/wp\/v2\/product_tag?post=350953"}],"curies":[{"name":"wp","href":"https:\/\/api.w.org\/{rel}","templated":true}]}}