{"id":351083,"date":"2023-01-14T10:34:37","date_gmt":"2023-01-14T09:34:37","guid":{"rendered":"https:\/\/www.claret.cat\/llibre\/asi-era-teresa-de-jesus-9788472395800\/"},"modified":"2024-05-23T18:42:56","modified_gmt":"2024-05-23T16:42:56","slug":"asi-era-teresa-de-jesus-9788472395800","status":"publish","type":"product","link":"https:\/\/www.claret.cat\/es\/libro\/asi-era-teresa-de-jesus-9788472395800\/","title":{"rendered":"AS\u00cd ERA TERESA DE JES\u00daS"},"content":{"rendered":"<p>Si no es f\u00e1cil seguir el paso de Teresa de Jes\u00fas, mujer andariega que se adentr\u00f3 en los caminos insoldables de Dios, menos lo es relatar sus andanzas, despu\u00e9s que han pasado cuatro siglos. S\u00f3lo conocemos una parte de ellas: las que acert\u00f3 a decirnos, y el resto es costoso descubrirlos cuando las ha ocultado el paso del tiempo. En realidad, adem\u00e1s, toda vida se escure a los intentos de los historiadores y a bi\u00f3grafos. Y por documentada que est\u00e9, al fin hay que reconocer que es m\u00e1s lo que ignoramos que lo que sabemos.<\/p>\n","protected":false},"excerpt":{"rendered":"<p>RUIZ, ALFONSO<\/p>\n","protected":false},"featured_media":0,"template":"","meta":{"_acf_changed":false,"om_disable_all_campaigns":false,"rs_blank_template":"","rs_page_bg_color":"","slide_template_v7":"","inline_featured_image":false,"_monsterinsights_skip_tracking":false,"_monsterinsights_sitenote_active":false,"_monsterinsights_sitenote_note":"","_monsterinsights_sitenote_category":0},"product_brand":[],"product_cat":[492,242,491,241],"product_tag":[],"class_list":{"0":"post-351083","1":"product","2":"type-product","3":"status-publish","5":"product_cat-carmelitana-espiritualidad-1_espiritualidad","6":"product_cat-carmelitana","7":"product_cat-testimonios","8":"product_cat-testimonis","10":"first","11":"outofstock","12":"taxable","13":"shipping-taxable","14":"purchasable","15":"product-type-simple"},"acf":{"editorial":[{"ID":6309,"post_author":"3","post_date":"2022-07-28 17:49:25","post_date_gmt":"2022-07-28 15:49:25","post_content":"","post_title":"Monte Carmelo","post_excerpt":"","post_status":"publish","comment_status":"closed","ping_status":"closed","post_password":"","post_name":"monte-carmelo","to_ping":"","pinged":"","post_modified":"2022-07-28 17:49:25","post_modified_gmt":"2022-07-28 15:49:25","post_content_filtered":"","post_parent":0,"guid":"http:\/\/dev.claret.cat\/editorial\/monte-carmelo\/","menu_order":0,"post_type":"editorial","post_mime_type":"","comment_count":"0","filter":"raw"}],"autores-libros":[{"ID":290621,"post_author":"3","post_date":"2022-12-10 17:30:15","post_date_gmt":"2022-12-10 16:30:15","post_content":"","post_title":"ALFONSO RUIZ","post_excerpt":"","post_status":"publish","comment_status":"closed","ping_status":"closed","post_password":"","post_name":"alfonso-ruiz","to_ping":"","pinged":"","post_modified":"2022-12-10 17:30:15","post_modified_gmt":"2022-12-10 16:30:15","post_content_filtered":"","post_parent":0,"guid":"http:\/\/dev.claret.cat\/autor\/alfonso-ruiz\/","menu_order":0,"post_type":"autor","post_mime_type":"","comment_count":"0","filter":"raw"}],"autor":"RUIZ, ALFONSO","codart":"847239580","libros-coleccion":"As\u00ed era","ediciones":"3","encuadernacion":"R\u00fastica","fecha_de_publicacion":"22\/03\/2007","novedad":"0","paginas":"213","subtitulo":"","orden":"999","portada":"0","idioma":"spa"},"aioseo_notices":[],"_links":{"self":[{"href":"https:\/\/www.claret.cat\/es\/wp-json\/wp\/v2\/product\/351083","targetHints":{"allow":["GET"]}}],"collection":[{"href":"https:\/\/www.claret.cat\/es\/wp-json\/wp\/v2\/product"}],"about":[{"href":"https:\/\/www.claret.cat\/es\/wp-json\/wp\/v2\/types\/product"}],"wp:attachment":[{"href":"https:\/\/www.claret.cat\/es\/wp-json\/wp\/v2\/media?parent=351083"}],"wp:term":[{"taxonomy":"product_brand","embeddable":true,"href":"https:\/\/www.claret.cat\/es\/wp-json\/wp\/v2\/product_brand?post=351083"},{"taxonomy":"product_cat","embeddable":true,"href":"https:\/\/www.claret.cat\/es\/wp-json\/wp\/v2\/product_cat?post=351083"},{"taxonomy":"product_tag","embeddable":true,"href":"https:\/\/www.claret.cat\/es\/wp-json\/wp\/v2\/product_tag?post=351083"}],"curies":[{"name":"wp","href":"https:\/\/api.w.org\/{rel}","templated":true}]}}