{"id":351120,"date":"2023-01-14T10:43:18","date_gmt":"2023-01-14T09:43:18","guid":{"rendered":"https:\/\/www.claret.cat\/llibre\/me-llamo-clara-de-asis-9788472402447\/"},"modified":"2024-06-19T12:20:22","modified_gmt":"2024-06-19T10:20:22","slug":"me-llamo-clara-de-asis-9788472402447","status":"publish","type":"product","link":"https:\/\/www.claret.cat\/es\/libro\/me-llamo-clara-de-asis-9788472402447\/","title":{"rendered":"ME LLAMO CLARA DE AS\u00cdS"},"content":{"rendered":"<p>No nos encontramos aqu\u00ed con una biograf\u00eda detallada de santa Clara, ni con un tratado de espiritualidad franciscana. La autora, cautivada por la figura de Clara, nos ofrece algunos rasgos de su exquisita personalidad a partir, principalmente, de la reflexi\u00f3n de sus escritos y del Proceso de Canonizaci\u00f3n. Haciendo hablar a la misma Clara, nos relata los cap\u00edtulos m\u00e1s importantes de su conversi\u00f3n, vida y espiritualidad. Y al final de cada uno de ellos nos presenta algunas cuestiones, como si la propia Clara nos interpelara a la luz de su vida.<br \/>Un libro escrito en el marco de la celebraci\u00f3n del VIII Centenario de la conversi\u00f3n de santa Clara en la Porci\u00fancula y dirigido a toda persona que sienta inter\u00e9s por la b\u00fasqueda de Dios, el seguimiento de Jes\u00fas, la oraci\u00f3n, la contemplaci\u00f3n\u2026 y que quiera percibir las vibraciones del primer latido de la vida franciscana.<\/p>\n<p>\u00cdNDICE DE LA OBRA:<br \/>B\u00fasqueda y encuentro: tierra de la b\u00fasqueda; una nueva primavera; amistad entre Francisco y Clara; a la escucha del Esp\u00edritu; los sue\u00f1os se hacen realidad<br \/>Vida y oraci\u00f3n: vida evang\u00e9lica; vida en cristiana hermandad; Clara, escritora; la forma de vida<br \/>Oraci\u00f3n y vida: Clara, mujer orante; el Cristo de San Dami\u00e1n; Clara, maestra de oraci\u00f3n; oraci\u00f3n eclesial y universal; una forma de caminar<br \/>Don y tarea: la vida es buena y seguir\u00e1 si\u00e9ndolo; mirar con el coraz\u00f3n; herederas de una bendici\u00f3n; aprendiendo mutuamente<\/p>\n","protected":false},"excerpt":{"rendered":"<p>BOSCH PONS, GADI<\/p>\n","protected":false},"featured_media":971211,"template":"","meta":{"_acf_changed":false,"om_disable_all_campaigns":false,"rs_blank_template":"","rs_page_bg_color":"","slide_template_v7":"","inline_featured_image":false,"_monsterinsights_skip_tracking":false,"_monsterinsights_sitenote_active":false,"_monsterinsights_sitenote_note":"","_monsterinsights_sitenote_category":0},"product_brand":[],"product_cat":[90,540],"product_tag":[],"class_list":{"0":"post-351120","1":"product","2":"type-product","3":"status-publish","4":"has-post-thumbnail","6":"product_cat-altres","7":"product_cat-otros","9":"first","10":"instock","11":"taxable","12":"shipping-taxable","13":"purchasable","14":"product-type-simple"},"acf":{"editorial":[{"ID":147454,"post_author":"3","post_date":"2022-10-14 11:50:42","post_date_gmt":"2022-10-14 09:50:42","post_content":"","post_title":"ARANTZAZU","post_excerpt":"","post_status":"publish","comment_status":"closed","ping_status":"closed","post_password":"","post_name":"arantzazu","to_ping":"","pinged":"","post_modified":"2022-10-14 11:50:42","post_modified_gmt":"2022-10-14 09:50:42","post_content_filtered":"","post_parent":0,"guid":"http:\/\/dev.claret.cat\/editorial\/arantzazu\/","menu_order":0,"post_type":"editorial","post_mime_type":"","comment_count":"0","filter":"raw"}],"autores-libros":[{"ID":323163,"post_author":"3","post_date":"2023-01-03 05:24:41","post_date_gmt":"2023-01-03 04:24:41","post_content":"<div class=\"bio\">\r\n<div class=\"col-full\">\r\n<div class=\"datos\">\r\n\r\n<span class=\"fontstyle0\">Gadi Bosch Pons, nascuda a Ciutadella el 1959. El 1980 entr\u00e0 a la comunitat de<strong> germanes clarisses<\/strong> del monestir de Santa Clara de Ciutadella. Junt amb les germanes ha acompanyat molts grups de preg\u00e0ria, i tots els dies, v\u00e0ries vegades al llarg de la jornada, ha tingut a les mans l\u2019amable <strong>llibre dels Salms<\/strong> en l\u2019oraci\u00f3 de la fraternitat contemplativa. <\/span>\r\n\r\n<span class=\"fontstyle0\">Des del juliol del 2023, Gadi Bosch viu un temps de discerniment fora del monestir, estimant i lloant D\u00e9u en la senzillesa de la vida quotidiana. Ha publicat <\/span><span class=\"fontstyle2\"><a href=\"https:\/\/www.editorialclaret.cat\/producte\/brins-desperanca-8498460506\/?c\"><strong><em>Brins d\u2019esperan\u00e7a<\/em> <\/strong><\/a>(2007)<\/span><span class=\"fontstyle0\">,<em><strong>\u00a0<\/strong><\/em><\/span><span class=\"fontstyle2\"><a href=\"https:\/\/www.claret.cat\/llibre\/em-dic-clara-dassis-9788498832389\/?c=\"><em><strong>E<\/strong><\/em><em><strong>m dic Clara d\u2019Ass\u00eds <\/strong><\/em><\/a>(<\/span><span class=\"fontstyle0\">2010), <\/span><span class=\"fontstyle2\"><a href=\"https:\/\/www.claret.cat\/llibre\/abecedari-sobre-la-pregaria-9788498462104\/?c=\"><em><strong>Abecedari de la preg\u00e0ria<\/strong><\/em><\/a> (<\/span><span class=\"fontstyle0\">2011), <\/span><span class=\"fontstyle2\"><em><strong>Comentaris Paraula i vida<\/strong><\/em> (<\/span><span class=\"fontstyle0\">2012) i <em><strong>Brins de salms.<\/strong><\/em><\/span>\r\n\r\n<\/div>\r\n<\/div>\r\n<\/div>\r\n<div class=\"libros\">\r\n<div class=\"col-full\"><\/div>\r\n<\/div>","post_title":"GADI BOSCH PONS","post_excerpt":"","post_status":"publish","comment_status":"closed","ping_status":"closed","post_password":"","post_name":"gadi-bosch-pons","to_ping":"","pinged":"","post_modified":"2024-07-09 13:03:16","post_modified_gmt":"2024-07-09 11:03:16","post_content_filtered":"","post_parent":0,"guid":"https:\/\/www.claret.cat\/autor\/gadi-bosch-pons\/","menu_order":0,"post_type":"autor","post_mime_type":"","comment_count":"0","filter":"raw"}],"autor":"BOSCH PONS, GADI","codart":"847240244","libros-coleccion":"","ediciones":"1","encuadernacion":"R\u00fastica","fecha_de_publicacion":"11\/04\/2011","novedad":"0","paginas":"131","subtitulo":"","orden":"999","portada":"0","idioma":"spa"},"aioseo_notices":[],"_links":{"self":[{"href":"https:\/\/www.claret.cat\/es\/wp-json\/wp\/v2\/product\/351120","targetHints":{"allow":["GET"]}}],"collection":[{"href":"https:\/\/www.claret.cat\/es\/wp-json\/wp\/v2\/product"}],"about":[{"href":"https:\/\/www.claret.cat\/es\/wp-json\/wp\/v2\/types\/product"}],"wp:featuredmedia":[{"embeddable":true,"href":"https:\/\/www.claret.cat\/es\/wp-json\/wp\/v2\/media\/971211"}],"wp:attachment":[{"href":"https:\/\/www.claret.cat\/es\/wp-json\/wp\/v2\/media?parent=351120"}],"wp:term":[{"taxonomy":"product_brand","embeddable":true,"href":"https:\/\/www.claret.cat\/es\/wp-json\/wp\/v2\/product_brand?post=351120"},{"taxonomy":"product_cat","embeddable":true,"href":"https:\/\/www.claret.cat\/es\/wp-json\/wp\/v2\/product_cat?post=351120"},{"taxonomy":"product_tag","embeddable":true,"href":"https:\/\/www.claret.cat\/es\/wp-json\/wp\/v2\/product_tag?post=351120"}],"curies":[{"name":"wp","href":"https:\/\/api.w.org\/{rel}","templated":true}]}}