{"id":351135,"date":"2023-01-14T10:44:57","date_gmt":"2023-01-14T09:44:57","guid":{"rendered":"https:\/\/www.claret.cat\/llibre\/meditacions-per-a-una-parella-9788472630451\/"},"modified":"2025-03-29T13:01:20","modified_gmt":"2025-03-29T12:01:20","slug":"meditacions-per-a-una-parella-9788472630451","status":"publish","type":"product","link":"https:\/\/www.claret.cat\/es\/libro\/meditacions-per-a-una-parella-9788472630451\/","title":{"rendered":"MEDITACIONS PER A UNA PARELLA"},"content":{"rendered":"<p>Recull de viv\u00e8ncies i preg\u00e0ries on s&#8217;hi fan presents la problem\u00e0tica de l&#8217;entesa, l&#8217;educaci\u00f3 sexual deficient, l&#8217;aprenentatge en l&#8217;amor, l&#8217;espera del fill, el frac\u00e0s i el reeixir de l&#8217;amor, la lluita de cada dia, la malaltia, la inevitable ruptura&#8230;<\/p>\n","protected":false},"excerpt":{"rendered":"<p>RENAU I MAN\u00c9N, JES\u00daS<\/p>\n","protected":false},"featured_media":351136,"template":"","meta":{"_acf_changed":false,"om_disable_all_campaigns":false,"rs_blank_template":"","rs_page_bg_color":"","slide_template_v7":"","inline_featured_image":false,"_monsterinsights_skip_tracking":false,"_monsterinsights_sitenote_active":false,"_monsterinsights_sitenote_note":"","_monsterinsights_sitenote_category":0},"product_brand":[],"product_cat":[581,270,408,297,421],"product_tag":[],"class_list":{"0":"post-351135","1":"product","2":"type-product","3":"status-publish","4":"has-post-thumbnail","6":"product_cat-editorial-claret","7":"product_cat-familiar-pastoral","8":"product_cat-familiar-pastoral-1_espiritualidad","9":"product_cat-matrimoni-catequesi","10":"product_cat-matrimonio-catequesis-1_espiritualidad","12":"first","13":"instock","14":"taxable","15":"shipping-taxable","16":"purchasable","17":"product-type-simple"},"acf":{"editorial":[{"ID":6158,"post_author":"3","post_date":"2022-07-28 17:46:08","post_date_gmt":"2022-07-28 15:46:08","post_content":"","post_title":"CLARET","post_excerpt":"","post_status":"publish","comment_status":"closed","ping_status":"closed","post_password":"","post_name":"claret","to_ping":"","pinged":"","post_modified":"2022-07-28 17:46:08","post_modified_gmt":"2022-07-28 15:46:08","post_content_filtered":"","post_parent":0,"guid":"http:\/\/dev.claret.cat\/editorial\/claret\/","menu_order":0,"post_type":"editorial","post_mime_type":"","comment_count":"0","filter":"raw"}],"autores-libros":[{"ID":5589,"post_author":"3","post_date":"2022-07-28 17:27:14","post_date_gmt":"2022-07-28 15:27:14","post_content":"","post_title":"JES\u00daS RENAU I MAN\u00c9N, S.I.","post_excerpt":"","post_status":"publish","comment_status":"closed","ping_status":"closed","post_password":"","post_name":"jesus-renau-i-manen-s-i","to_ping":"","pinged":"","post_modified":"2022-07-28 17:27:14","post_modified_gmt":"2022-07-28 15:27:14","post_content_filtered":"","post_parent":0,"guid":"http:\/\/dev.claret.cat\/autor\/jesus-renau-i-manen-s-i\/","menu_order":0,"post_type":"autor","post_mime_type":"","comment_count":"0","filter":"raw"}],"autor":"RENAU I MAN\u00c9N, JES\u00daS","codart":"847263045","libros-coleccion":"ELS DAUS","ediciones":"6","encuadernacion":"R\u00fastica","fecha_de_publicacion":"01\/06\/1999","novedad":"0","paginas":"144","subtitulo":"","orden":"999","portada":"0","idioma":"cat"},"aioseo_notices":[],"_links":{"self":[{"href":"https:\/\/www.claret.cat\/es\/wp-json\/wp\/v2\/product\/351135","targetHints":{"allow":["GET"]}}],"collection":[{"href":"https:\/\/www.claret.cat\/es\/wp-json\/wp\/v2\/product"}],"about":[{"href":"https:\/\/www.claret.cat\/es\/wp-json\/wp\/v2\/types\/product"}],"wp:featuredmedia":[{"embeddable":true,"href":"https:\/\/www.claret.cat\/es\/wp-json\/wp\/v2\/media\/351136"}],"wp:attachment":[{"href":"https:\/\/www.claret.cat\/es\/wp-json\/wp\/v2\/media?parent=351135"}],"wp:term":[{"taxonomy":"product_brand","embeddable":true,"href":"https:\/\/www.claret.cat\/es\/wp-json\/wp\/v2\/product_brand?post=351135"},{"taxonomy":"product_cat","embeddable":true,"href":"https:\/\/www.claret.cat\/es\/wp-json\/wp\/v2\/product_cat?post=351135"},{"taxonomy":"product_tag","embeddable":true,"href":"https:\/\/www.claret.cat\/es\/wp-json\/wp\/v2\/product_tag?post=351135"}],"curies":[{"name":"wp","href":"https:\/\/api.w.org\/{rel}","templated":true}]}}