{"id":351171,"date":"2023-01-14T10:46:57","date_gmt":"2023-01-14T09:46:57","guid":{"rendered":"https:\/\/www.claret.cat\/llibre\/passio-de-crist-passio-del-mon-9788472631854\/"},"modified":"2024-05-23T17:56:29","modified_gmt":"2024-05-23T15:56:29","slug":"passio-de-crist-passio-del-mon-9788472631854","status":"publish","type":"product","link":"https:\/\/www.claret.cat\/es\/libro\/passio-de-crist-passio-del-mon-9788472631854\/","title":{"rendered":"PASSI\u00d3 DE CRIST, PASSI\u00d3 DEL M\u00d3N"},"content":{"rendered":"<p>Del Crist cobert de sang que expira cridant al cel, fins a cada ser hum\u00e0 cobert pel sofriment anorreador hi ha molt m\u00e9s que possibles identificacions subjectives.<\/p>\n","protected":false},"excerpt":{"rendered":"<p>BOFF, LEONARDO<\/p>\n","protected":false},"featured_media":351172,"template":"","meta":{"_acf_changed":false,"om_disable_all_campaigns":false,"rs_blank_template":"","rs_page_bg_color":"","slide_template_v7":"","inline_featured_image":false,"_monsterinsights_skip_tracking":false,"_monsterinsights_sitenote_active":false,"_monsterinsights_sitenote_note":"","_monsterinsights_sitenote_category":0},"product_brand":[],"product_cat":[581,497,248,419,285,394,236],"product_tag":[],"class_list":{"0":"post-351171","1":"product","2":"type-product","3":"status-publish","4":"has-post-thumbnail","6":"product_cat-editorial-claret","7":"product_cat-meditaciones","8":"product_cat-meditacions","9":"product_cat-pastoral-teologia-1_espiritualidad","10":"product_cat-pastoral-teologia","11":"product_cat-vida-cotidiana","12":"product_cat-vida-quotidiana","14":"first","15":"instock","16":"taxable","17":"shipping-taxable","18":"purchasable","19":"product-type-simple"},"acf":{"editorial":[{"ID":6158,"post_author":"3","post_date":"2022-07-28 17:46:08","post_date_gmt":"2022-07-28 15:46:08","post_content":"","post_title":"CLARET","post_excerpt":"","post_status":"publish","comment_status":"closed","ping_status":"closed","post_password":"","post_name":"claret","to_ping":"","pinged":"","post_modified":"2022-07-28 17:46:08","post_modified_gmt":"2022-07-28 15:46:08","post_content_filtered":"","post_parent":0,"guid":"http:\/\/dev.claret.cat\/editorial\/claret\/","menu_order":0,"post_type":"editorial","post_mime_type":"","comment_count":"0","filter":"raw"}],"autores-libros":[{"ID":5720,"post_author":"3","post_date":"2022-07-28 17:30:01","post_date_gmt":"2022-07-28 15:30:01","post_content":"","post_title":"LEONARDO BOFF","post_excerpt":"","post_status":"publish","comment_status":"closed","ping_status":"closed","post_password":"","post_name":"leonardo-boff","to_ping":"","pinged":"","post_modified":"2022-07-28 17:30:01","post_modified_gmt":"2022-07-28 15:30:01","post_content_filtered":"","post_parent":0,"guid":"http:\/\/dev.claret.cat\/autor\/leonardo-boff\/","menu_order":0,"post_type":"autor","post_mime_type":"","comment_count":"0","filter":"raw"}],"autor":"BOFF, LEONARDO","codart":"847263185","libros-coleccion":"ELS DAUS","ediciones":"1","encuadernacion":"R\u00fastica","fecha_de_publicacion":"01\/03\/1981","novedad":"0","paginas":"208","subtitulo":"ELS FETS, LES INTERPRETACIONS I EL SIGNIFICAT, AHIR I AVUI","orden":"999","portada":"0","idioma":"cat"},"aioseo_notices":[],"_links":{"self":[{"href":"https:\/\/www.claret.cat\/es\/wp-json\/wp\/v2\/product\/351171","targetHints":{"allow":["GET"]}}],"collection":[{"href":"https:\/\/www.claret.cat\/es\/wp-json\/wp\/v2\/product"}],"about":[{"href":"https:\/\/www.claret.cat\/es\/wp-json\/wp\/v2\/types\/product"}],"wp:featuredmedia":[{"embeddable":true,"href":"https:\/\/www.claret.cat\/es\/wp-json\/wp\/v2\/media\/351172"}],"wp:attachment":[{"href":"https:\/\/www.claret.cat\/es\/wp-json\/wp\/v2\/media?parent=351171"}],"wp:term":[{"taxonomy":"product_brand","embeddable":true,"href":"https:\/\/www.claret.cat\/es\/wp-json\/wp\/v2\/product_brand?post=351171"},{"taxonomy":"product_cat","embeddable":true,"href":"https:\/\/www.claret.cat\/es\/wp-json\/wp\/v2\/product_cat?post=351171"},{"taxonomy":"product_tag","embeddable":true,"href":"https:\/\/www.claret.cat\/es\/wp-json\/wp\/v2\/product_tag?post=351171"}],"curies":[{"name":"wp","href":"https:\/\/api.w.org\/{rel}","templated":true}]}}