{"id":351286,"date":"2023-01-14T10:56:05","date_gmt":"2023-01-14T09:56:05","guid":{"rendered":"https:\/\/www.claret.cat\/llibre\/viacrucis-de-la-justicia-9788472631847\/"},"modified":"2024-05-23T17:59:08","modified_gmt":"2024-05-23T15:59:08","slug":"viacrucis-de-la-justicia-9788472631847","status":"publish","type":"product","link":"https:\/\/www.claret.cat\/es\/libro\/viacrucis-de-la-justicia-9788472631847\/","title":{"rendered":"VIACRUCIS DE LA JUST\u00cdCIA"},"content":{"rendered":"<p>\u00c9s un viacrucis perqu\u00e8 contempla el Jes\u00fas hist\u00f2ric i ho \u00e9s de la just\u00edcia perqu\u00e8 t\u00e9 en compte el Crist de la fe, el qual, continua vivint i actuant i sofrint en els homes que s\u00f3n condemnats i morts per causa de la just\u00edcia.<\/p>\n","protected":false},"excerpt":{"rendered":"<p>BOFF, LEONARDO<\/p>\n","protected":false},"featured_media":0,"template":"","meta":{"_acf_changed":false,"om_disable_all_campaigns":false,"rs_blank_template":"","rs_page_bg_color":"","slide_template_v7":"","inline_featured_image":false,"_monsterinsights_skip_tracking":false,"_monsterinsights_sitenote_active":false,"_monsterinsights_sitenote_note":"","_monsterinsights_sitenote_category":0},"product_brand":[],"product_cat":[581,523,299,437,163,394,236],"product_tag":[],"class_list":{"0":"post-351286","1":"product","2":"type-product","3":"status-publish","5":"product_cat-editorial-claret","6":"product_cat-laicos-y-testimonios","7":"product_cat-laics-i-testimonis","8":"product_cat-valores-y-convivencia","9":"product_cat-valors-i-convivencia","10":"product_cat-vida-cotidiana","11":"product_cat-vida-quotidiana","13":"first","14":"outofstock","15":"taxable","16":"shipping-taxable","17":"purchasable","18":"product-type-simple"},"acf":{"editorial":[{"ID":6158,"post_author":"3","post_date":"2022-07-28 17:46:08","post_date_gmt":"2022-07-28 15:46:08","post_content":"","post_title":"CLARET","post_excerpt":"","post_status":"publish","comment_status":"closed","ping_status":"closed","post_password":"","post_name":"claret","to_ping":"","pinged":"","post_modified":"2022-07-28 17:46:08","post_modified_gmt":"2022-07-28 15:46:08","post_content_filtered":"","post_parent":0,"guid":"http:\/\/dev.claret.cat\/editorial\/claret\/","menu_order":0,"post_type":"editorial","post_mime_type":"","comment_count":"0","filter":"raw"}],"autores-libros":[{"ID":5720,"post_author":"3","post_date":"2022-07-28 17:30:01","post_date_gmt":"2022-07-28 15:30:01","post_content":"","post_title":"LEONARDO BOFF","post_excerpt":"","post_status":"publish","comment_status":"closed","ping_status":"closed","post_password":"","post_name":"leonardo-boff","to_ping":"","pinged":"","post_modified":"2022-07-28 17:30:01","post_modified_gmt":"2022-07-28 15:30:01","post_content_filtered":"","post_parent":0,"guid":"http:\/\/dev.claret.cat\/autor\/leonardo-boff\/","menu_order":0,"post_type":"autor","post_mime_type":"","comment_count":"0","filter":"raw"}],"autor":"BOFF, LEONARDO","codart":"847263184","libros-coleccion":"El Bri","ediciones":"2","encuadernacion":"R\u00fastica","fecha_de_publicacion":"01\/05\/1987","novedad":"0","paginas":"144","subtitulo":"","orden":"999","portada":"0","idioma":"cat"},"aioseo_notices":[],"_links":{"self":[{"href":"https:\/\/www.claret.cat\/es\/wp-json\/wp\/v2\/product\/351286","targetHints":{"allow":["GET"]}}],"collection":[{"href":"https:\/\/www.claret.cat\/es\/wp-json\/wp\/v2\/product"}],"about":[{"href":"https:\/\/www.claret.cat\/es\/wp-json\/wp\/v2\/types\/product"}],"wp:attachment":[{"href":"https:\/\/www.claret.cat\/es\/wp-json\/wp\/v2\/media?parent=351286"}],"wp:term":[{"taxonomy":"product_brand","embeddable":true,"href":"https:\/\/www.claret.cat\/es\/wp-json\/wp\/v2\/product_brand?post=351286"},{"taxonomy":"product_cat","embeddable":true,"href":"https:\/\/www.claret.cat\/es\/wp-json\/wp\/v2\/product_cat?post=351286"},{"taxonomy":"product_tag","embeddable":true,"href":"https:\/\/www.claret.cat\/es\/wp-json\/wp\/v2\/product_tag?post=351286"}],"curies":[{"name":"wp","href":"https:\/\/api.w.org\/{rel}","templated":true}]}}