{"id":351368,"date":"2023-01-14T11:11:56","date_gmt":"2023-01-14T10:11:56","guid":{"rendered":"https:\/\/www.claret.cat\/llibre\/cartes-des-del-brasil-9788472635777\/"},"modified":"2024-05-23T17:45:19","modified_gmt":"2024-05-23T15:45:19","slug":"cartes-des-del-brasil-9788472635777","status":"publish","type":"product","link":"https:\/\/www.claret.cat\/es\/libro\/cartes-des-del-brasil-9788472635777\/","title":{"rendered":"CARTES DES DEL BRASIL"},"content":{"rendered":"<p>Tres cartes del Bisbe Casald\u00e0liga: la carta que va escriure al Papa l&#8217;any 1986; la carta-cr\u00f2nica de la seva visita ad limina; i la darrera carta (Nadal 88), en qu\u00e8 explica \u00ables coses que han passat\u00bb aquests mesos.<\/p>\n","protected":false},"excerpt":{"rendered":"<p>CASALD\u00c0LIGA, PERE<\/p>\n","protected":false},"featured_media":351369,"template":"","meta":{"_acf_changed":false,"om_disable_all_campaigns":false,"rs_blank_template":"","rs_page_bg_color":"","slide_template_v7":"","inline_featured_image":false,"_monsterinsights_skip_tracking":false,"_monsterinsights_sitenote_active":false,"_monsterinsights_sitenote_note":"","_monsterinsights_sitenote_category":0},"product_brand":[],"product_cat":[581,491,241,394,236],"product_tag":[],"class_list":{"0":"post-351368","1":"product","2":"type-product","3":"status-publish","4":"has-post-thumbnail","6":"product_cat-editorial-claret","7":"product_cat-testimonios","8":"product_cat-testimonis","9":"product_cat-vida-cotidiana","10":"product_cat-vida-quotidiana","12":"first","13":"instock","14":"taxable","15":"shipping-taxable","16":"purchasable","17":"product-type-simple"},"acf":{"editorial":[{"ID":6158,"post_author":"3","post_date":"2022-07-28 17:46:08","post_date_gmt":"2022-07-28 15:46:08","post_content":"","post_title":"CLARET","post_excerpt":"","post_status":"publish","comment_status":"closed","ping_status":"closed","post_password":"","post_name":"claret","to_ping":"","pinged":"","post_modified":"2022-07-28 17:46:08","post_modified_gmt":"2022-07-28 15:46:08","post_content_filtered":"","post_parent":0,"guid":"http:\/\/dev.claret.cat\/editorial\/claret\/","menu_order":0,"post_type":"editorial","post_mime_type":"","comment_count":"0","filter":"raw"}],"autores-libros":[{"ID":5936,"post_author":"3","post_date":"2022-07-28 17:34:40","post_date_gmt":"2022-07-28 15:34:40","post_content":"","post_title":"PERE CASALD\u00c0LIGA","post_excerpt":"","post_status":"publish","comment_status":"closed","ping_status":"closed","post_password":"","post_name":"pere-casaldaliga","to_ping":"","pinged":"","post_modified":"2022-07-28 17:34:40","post_modified_gmt":"2022-07-28 15:34:40","post_content_filtered":"","post_parent":0,"guid":"http:\/\/dev.claret.cat\/autor\/pere-casaldaliga\/","menu_order":0,"post_type":"autor","post_mime_type":"","comment_count":"0","filter":"raw"}],"autor":"CASALD\u00c0LIGA, PERE","codart":"847263577","libros-coleccion":"DOSSIERS","ediciones":"1","encuadernacion":"R\u00fastica","fecha_de_publicacion":"01\/02\/1989","novedad":"0","paginas":"38","subtitulo":"","orden":"999","portada":"0","idioma":"cat"},"aioseo_notices":[],"_links":{"self":[{"href":"https:\/\/www.claret.cat\/es\/wp-json\/wp\/v2\/product\/351368","targetHints":{"allow":["GET"]}}],"collection":[{"href":"https:\/\/www.claret.cat\/es\/wp-json\/wp\/v2\/product"}],"about":[{"href":"https:\/\/www.claret.cat\/es\/wp-json\/wp\/v2\/types\/product"}],"wp:featuredmedia":[{"embeddable":true,"href":"https:\/\/www.claret.cat\/es\/wp-json\/wp\/v2\/media\/351369"}],"wp:attachment":[{"href":"https:\/\/www.claret.cat\/es\/wp-json\/wp\/v2\/media?parent=351368"}],"wp:term":[{"taxonomy":"product_brand","embeddable":true,"href":"https:\/\/www.claret.cat\/es\/wp-json\/wp\/v2\/product_brand?post=351368"},{"taxonomy":"product_cat","embeddable":true,"href":"https:\/\/www.claret.cat\/es\/wp-json\/wp\/v2\/product_cat?post=351368"},{"taxonomy":"product_tag","embeddable":true,"href":"https:\/\/www.claret.cat\/es\/wp-json\/wp\/v2\/product_tag?post=351368"}],"curies":[{"name":"wp","href":"https:\/\/api.w.org\/{rel}","templated":true}]}}