{"id":351386,"date":"2023-01-14T11:15:28","date_gmt":"2023-01-14T10:15:28","guid":{"rendered":"https:\/\/www.claret.cat\/llibre\/deu-meu-senyor-per-que-sofrim-9788472636064\/"},"modified":"2024-05-23T17:44:12","modified_gmt":"2024-05-23T15:44:12","slug":"deu-meu-senyor-per-que-sofrim-9788472636064","status":"publish","type":"product","link":"https:\/\/www.claret.cat\/es\/libro\/deu-meu-senyor-per-que-sofrim-9788472636064\/","title":{"rendered":"D\u00c9U MEU, SENYOR!, PER QU\u00c8 SOFRIM?"},"content":{"rendered":"<p>Sovint les consideracions que moltes persones fan al qui sofreix, s&#8217;han convertit en causa d&#8217;ateisme i de c\u00f2lera. Aquest llibret \u00e9s una reflexi\u00f3 sobre el dolor hum\u00e0 i sobre l&#8217;home que sofreix el dolor i D\u00e9u.<\/p>\n","protected":false},"excerpt":{"rendered":"<p>GONZALEZ CARVAJAL, LUIS<\/p>\n","protected":false},"featured_media":351387,"template":"","meta":{"_acf_changed":false,"om_disable_all_campaigns":false,"rs_blank_template":"","rs_page_bg_color":"","slide_template_v7":"","inline_featured_image":false,"_monsterinsights_skip_tracking":false,"_monsterinsights_sitenote_active":false,"_monsterinsights_sitenote_note":"","_monsterinsights_sitenote_category":0},"product_brand":[],"product_cat":[237,488,401,260,581,275,413],"product_tag":[],"class_list":{"0":"post-351386","1":"product","2":"type-product","3":"status-publish","4":"has-post-thumbnail","6":"product_cat-cami-de-perfeccionament","7":"product_cat-camino-de-perfeccionamiento","8":"product_cat-de-la-salud","9":"product_cat-de-la-salut","10":"product_cat-editorial-claret","11":"product_cat-fonamental","12":"product_cat-fundamental","14":"first","15":"instock","16":"taxable","17":"shipping-taxable","18":"purchasable","19":"product-type-simple"},"acf":{"editorial":[{"ID":6158,"post_author":"3","post_date":"2022-07-28 17:46:08","post_date_gmt":"2022-07-28 15:46:08","post_content":"","post_title":"CLARET","post_excerpt":"","post_status":"publish","comment_status":"closed","ping_status":"closed","post_password":"","post_name":"claret","to_ping":"","pinged":"","post_modified":"2022-07-28 17:46:08","post_modified_gmt":"2022-07-28 15:46:08","post_content_filtered":"","post_parent":0,"guid":"http:\/\/dev.claret.cat\/editorial\/claret\/","menu_order":0,"post_type":"editorial","post_mime_type":"","comment_count":"0","filter":"raw"}],"autores-libros":[{"ID":351385,"post_author":"3","post_date":"2023-01-14 11:15:18","post_date_gmt":"2023-01-14 10:15:18","post_content":"","post_title":"LUIS GONZALEZ CARVAJAL SANTAB\u00c1RBARA","post_excerpt":"","post_status":"publish","comment_status":"closed","ping_status":"closed","post_password":"","post_name":"luis-gonzalez-carvajal-santabarbara-3","to_ping":"","pinged":"","post_modified":"2023-01-14 11:15:18","post_modified_gmt":"2023-01-14 10:15:18","post_content_filtered":"","post_parent":0,"guid":"https:\/\/www.claret.cat\/autor\/luis-gonzalez-carvajal-santabarbara-3\/","menu_order":0,"post_type":"autor","post_mime_type":"","comment_count":"0","filter":"raw"}],"autor":"GONZALEZ CARVAJAL, LUIS","codart":"847263606","libros-coleccion":"DOSSIERS","ediciones":"1","encuadernacion":"R\u00fastica","fecha_de_publicacion":"01\/01\/1990","novedad":"0","paginas":"15","subtitulo":"","orden":"999","portada":"0","idioma":"cat"},"aioseo_notices":[],"_links":{"self":[{"href":"https:\/\/www.claret.cat\/es\/wp-json\/wp\/v2\/product\/351386","targetHints":{"allow":["GET"]}}],"collection":[{"href":"https:\/\/www.claret.cat\/es\/wp-json\/wp\/v2\/product"}],"about":[{"href":"https:\/\/www.claret.cat\/es\/wp-json\/wp\/v2\/types\/product"}],"wp:featuredmedia":[{"embeddable":true,"href":"https:\/\/www.claret.cat\/es\/wp-json\/wp\/v2\/media\/351387"}],"wp:attachment":[{"href":"https:\/\/www.claret.cat\/es\/wp-json\/wp\/v2\/media?parent=351386"}],"wp:term":[{"taxonomy":"product_brand","embeddable":true,"href":"https:\/\/www.claret.cat\/es\/wp-json\/wp\/v2\/product_brand?post=351386"},{"taxonomy":"product_cat","embeddable":true,"href":"https:\/\/www.claret.cat\/es\/wp-json\/wp\/v2\/product_cat?post=351386"},{"taxonomy":"product_tag","embeddable":true,"href":"https:\/\/www.claret.cat\/es\/wp-json\/wp\/v2\/product_tag?post=351386"}],"curies":[{"name":"wp","href":"https:\/\/api.w.org\/{rel}","templated":true}]}}